{"id":99783,"date":"2026-04-24T11:10:05","date_gmt":"2026-04-24T15:10:05","guid":{"rendered":"https:\/\/isadistribution.fr\/?post_type=product&#038;p=99783"},"modified":"2026-04-28T19:13:31","modified_gmt":"2026-04-28T23:13:31","slug":"formation-debutant-acrylique-du-16-au-20-novembre-2026","status":"publish","type":"product","link":"https:\/\/isadistribution.fr\/en\/produit\/formation-debutant-acrylique-du-16-au-20-novembre-2026\/","title":{"rendered":"FORMATION D\u00c9BUTANT ACRYLIQUE DU 16 AU 20 NOVEMBRE 2026"},"content":{"rendered":"<p>Jour<strong> 1<\/strong><\/p>\n<p>Matin 9h \u2013 12h30<\/p>\n<p>Le<b> m\u00e9tier de proth\u00e9siste ongulaire<\/b><\/p>\n<ul>\n<li><b>Qu\u2019est-ce qu\u2019une proth\u00e9siste ongulaire ?<\/b><\/li>\n<li><b>Qualit\u00e9s essentielles et comp\u00e9tences requises pour devenir proth\u00e9siste ongulaire.\u00a0<\/b><\/li>\n<li><strong>Les nouvelles r\u00e8glementations &amp; les interdictions en cours et \u00e0 venir\u00a0<\/strong><\/li>\n<li><strong>Hygi\u00e8ne , s\u00e9curit\u00e9 et obligations requises<\/strong><\/li>\n<li><strong>Respect \u00a0et conformit\u00e9 des normes pour un local professionnel\u00a0<\/strong><\/li>\n<li><strong>Protocoles sanitaires et Protection des clients\u00a0<\/strong><\/li>\n<li><b>Droit de refus<\/b><\/li>\n<li><strong><u>Les obligations RGPD en tant que proth\u00e9siste ongulaire\u00a0<\/u><\/strong><\/li>\n<li><strong>L\u00e9gislation<\/strong><\/li>\n<li><b>R\u00e9gime auto- entrepreneur \u00a0TVA \u2013 Factures\u00a0<\/b><\/li>\n<li><strong>Gestion clients<\/strong><\/li>\n<li><b>Dermatologie, allergie et maladies des ongles\u00a0<\/b><\/li>\n<li><b>Ce que les anomalies des ongles disent au sujet de votre sant\u00e9<\/b><\/li>\n<li><b>Anatomie des ongles \u00a0<\/b><\/li>\n<\/ul>\n<p>Apres-midi 13h30 \u2013 16h00<\/p>\n<ul>\n<li><b>Pr\u00e9sentation et connaissance des produits de la gamme Isa Distribution\u00a0<\/b><\/li>\n<li><strong><u>Connaissance de la liste INCI des produits \u00a0en <\/u><\/strong><b><u>onglerie et des allerg\u00e8nes\u00a0<\/u><\/b><\/li>\n<li><b>Pr\u00e9paration de l\u2019ongle et des cuticules\u00a0<\/b><\/li>\n<li><b>Entrainement application acrylique\u00a0<\/b><\/li>\n<li><b>Application du Protocole\u00a0<\/b><\/li>\n<li><b>D\u00e9monstration pose capsule et construction acrylique<\/b><\/li>\n<li><b>Le limage : technique pour un limage parfait.<\/b><\/li>\n<\/ul>\n<p><strong>Jour 2<\/strong><\/p>\n<p>Matin 9h \u2013 12h30<\/p>\n<ul>\n<li><b>Mise en pratique sur votre main\u00a0<\/b><\/li>\n<li><b>L\u2019utilisation de la ponceuse : \u00a0\u00bb la pr\u00e9paration des cuticules : Perfect Base\u00a0\u00bb<\/b><\/li>\n<li><b>Entrainement : Pose compl\u00e8te acrylique sur capsule construction &amp; Limage.<\/b><\/li>\n<li><b>Les diff\u00e9rentes formes d\u2019ongles : Carr\u00e9 &#8211; coffin- amande \u2013 stiletto\u00a0<\/b><\/li>\n<\/ul>\n<p>Apres-midi 13h30 \u2013 16h00<\/p>\n<ul>\n<li><b>Technique\u00a0d\u2019application du vernis semi-permanent<\/b><\/li>\n<li><b>Finition<\/b><\/li>\n<\/ul>\n<div><b>Jour 3<\/b><\/div>\n<p>Matin 9h \u2013 12h30<\/p>\n<ul>\n<li><b>La d\u00e9pose \u00e0 la ponceuse\u00a0<\/b><\/li>\n<li><b>Technique Incrustation \u2013 d\u00e9coration &#8211; \u00a0babyglitter &#8211; babycolor\u00a0<\/b><\/li>\n<\/ul>\n<div><b>\u00a0<\/b><\/div>\n<div>\n<p>Apr\u00e8s-midi 13h30 \u2013 16h00<\/p>\n<\/div>\n<ul>\n<li><b>Entrainement<\/b><\/li>\n<\/ul>\n<div><b>Jour 4<\/b><\/div>\n<p>Matin 9h \u2013 12h30<\/p>\n<ul>\n<li><b>Technique Babyboomer\u00a0<\/b><\/li>\n<li><b>\u00a0Fleur 4D au gel\u00a0<\/b><\/li>\n<li><b>Pose des strass\u00a0<\/b><\/li>\n<\/ul>\n<p>Apr\u00e8s-midi 13h30 \u2013 17h00<\/p>\n<ul>\n<li><b>Limage et finition<\/b><\/li>\n<li><b>D\u00e9pose\u00a0<\/b><\/li>\n<li><b>Mes conseils pour r\u00e9ussir au mieux dans ce m\u00e9tier .\u00a0<\/b><\/li>\n<\/ul>\n<div><b>Jour 5<\/b><\/div>\n<p>Demi- journ\u00e9e ( 9h00 \u2013 14h00)<\/p>\n<ul>\n<li><b>Examen Pratique et th\u00e9orique<\/b><\/li>\n<li><b>Remise de Certificat<\/b><b>\u00a0et attestation de formation<\/b><\/li>\n<\/ul>\n<div><b>TARIF : 1200\u20ac\u00a0<\/b><\/div>\n<div>Un acompte de 30% n\u00e9c\u00e9ssaire afin de bloquer votre place soit 594\u20ac par virement bancaire<\/div>\n<div><\/div>\n<div><b><strong><a href=\"\/?product_cat=paiements-formations\">PAYER LA FORMATION EN \u00a04X SANS FRAIS \u00a0CLIQUE ICI <\/a><\/strong><\/b><\/div>\n<div>TOUT LE MATERIEL VOUS SERA FOURNIS PENDANT LA FORMATION<\/div>\n<p>&nbsp;<\/p>\n<p>LIEU DE FORMATION : \u00a0MARTINIQUE<\/p>\n<p><strong>Formatrice<\/strong> : Isabelle -L G\u00e9rante et fondatrice de la gamme Isa distribution 18 ans d\u2019exp\u00e9rience professionnelle en proth\u00e8sie ongulaire , + de 2000 personnes form\u00e9es au top niveau .<\/p>\n","protected":false},"excerpt":{"rendered":"<p>Jour 1 Matin 9h \u2013 12h30 Le m\u00e9tier de proth\u00e9siste ongulaire Qu\u2019est-ce qu\u2019une proth\u00e9siste ongulaire ? Qualit\u00e9s essentielles et comp\u00e9tences&hellip;<\/p>\n","protected":false},"featured_media":99858,"template":"","meta":{"_joinchat":[]},"product_brand":[],"product_cat":[1933],"product_tag":[],"class_list":{"0":"post-99783","1":"product","2":"type-product","3":"status-publish","4":"has-post-thumbnail","6":"product_cat-formation-acrylique","8":"first","9":"instock","10":"sale","11":"taxable","12":"shipping-taxable","13":"purchasable","14":"product-type-simple"},"yoast_head":"<!-- This site is optimized with the Yoast SEO plugin v27.2 - https:\/\/yoast.com\/product\/yoast-seo-wordpress\/ -->\n<title>FORMATION D\u00c9BUTANT ACRYLIQUE DU 16 AU 20 NOVEMBRE 2026 &#8226;<\/title>\n<meta name=\"robots\" content=\"index, follow, max-snippet:-1, max-image-preview:large, max-video-preview:-1\" \/>\n<link rel=\"canonical\" href=\"https:\/\/isadistribution.fr\/produit\/formation-debutant-acrylique-du-16-au-20-novembre-2026\/\" \/>\n<meta name=\"twitter:label1\" content=\"Est. reading time\" \/>\n\t<meta name=\"twitter:data1\" content=\"2 minutes\" \/>\n<script type=\"application\/ld+json\" class=\"yoast-schema-graph\">{\"@context\":\"https:\/\/schema.org\",\"@graph\":[{\"@type\":\"WebPage\",\"@id\":\"https:\/\/isadistribution.fr\/produit\/formation-debutant-acrylique-du-16-au-20-novembre-2026\/\",\"url\":\"https:\/\/isadistribution.fr\/produit\/formation-debutant-acrylique-du-16-au-20-novembre-2026\/\",\"name\":\"FORMATION D\u00c9BUTANT ACRYLIQUE DU 16 AU 20 NOVEMBRE 2026 &#8226;\",\"isPartOf\":{\"@id\":\"https:\/\/isadistribution.fr\/#website\"},\"primaryImageOfPage\":{\"@id\":\"https:\/\/isadistribution.fr\/produit\/formation-debutant-acrylique-du-16-au-20-novembre-2026\/#primaryimage\"},\"image\":{\"@id\":\"https:\/\/isadistribution.fr\/produit\/formation-debutant-acrylique-du-16-au-20-novembre-2026\/#primaryimage\"},\"thumbnailUrl\":\"https:\/\/i0.wp.com\/isadistribution.fr\/wp-content\/uploads\/2026\/04\/formation-acrylique-.jpg?fit=1890%2C1417&ssl=1\",\"datePublished\":\"2026-04-24T15:10:05+00:00\",\"dateModified\":\"2026-04-28T23:13:31+00:00\",\"breadcrumb\":{\"@id\":\"https:\/\/isadistribution.fr\/produit\/formation-debutant-acrylique-du-16-au-20-novembre-2026\/#breadcrumb\"},\"inLanguage\":\"en-US\",\"potentialAction\":[{\"@type\":\"ReadAction\",\"target\":[\"https:\/\/isadistribution.fr\/produit\/formation-debutant-acrylique-du-16-au-20-novembre-2026\/\"]}]},{\"@type\":\"ImageObject\",\"inLanguage\":\"en-US\",\"@id\":\"https:\/\/isadistribution.fr\/produit\/formation-debutant-acrylique-du-16-au-20-novembre-2026\/#primaryimage\",\"url\":\"https:\/\/i0.wp.com\/isadistribution.fr\/wp-content\/uploads\/2026\/04\/formation-acrylique-.jpg?fit=1890%2C1417&ssl=1\",\"contentUrl\":\"https:\/\/i0.wp.com\/isadistribution.fr\/wp-content\/uploads\/2026\/04\/formation-acrylique-.jpg?fit=1890%2C1417&ssl=1\",\"width\":1890,\"height\":1417},{\"@type\":\"BreadcrumbList\",\"@id\":\"https:\/\/isadistribution.fr\/produit\/formation-debutant-acrylique-du-16-au-20-novembre-2026\/#breadcrumb\",\"itemListElement\":[{\"@type\":\"ListItem\",\"position\":1,\"name\":\"Home\",\"item\":\"https:\/\/isadistribution.fr\/en\/\"},{\"@type\":\"ListItem\",\"position\":2,\"name\":\"boutique\",\"item\":\"https:\/\/isadistribution.fr\/gel-de-construction\/boutique-4\/\"},{\"@type\":\"ListItem\",\"position\":3,\"name\":\"FORMATION D\u00c9BUTANT ACRYLIQUE DU 16 AU 20 NOVEMBRE 2026\"}]},{\"@type\":\"WebSite\",\"@id\":\"https:\/\/isadistribution.fr\/#website\",\"url\":\"https:\/\/isadistribution.fr\/\",\"name\":\"Isadistribution.fr\",\"description\":\"VOTRE R\u00c9F\u00c9RENCE PROFESSIONNELLE POUR LA BEAUT\u00c9 DES ONGLES \",\"publisher\":{\"@id\":\"https:\/\/isadistribution.fr\/#organization\"},\"potentialAction\":[{\"@type\":\"SearchAction\",\"target\":{\"@type\":\"EntryPoint\",\"urlTemplate\":\"https:\/\/isadistribution.fr\/?s={search_term_string}\"},\"query-input\":{\"@type\":\"PropertyValueSpecification\",\"valueRequired\":true,\"valueName\":\"search_term_string\"}}],\"inLanguage\":\"en-US\"},{\"@type\":\"Organization\",\"@id\":\"https:\/\/isadistribution.fr\/#organization\",\"name\":\"Isa Distribution\",\"url\":\"https:\/\/isadistribution.fr\/\",\"logo\":{\"@type\":\"ImageObject\",\"inLanguage\":\"en-US\",\"@id\":\"https:\/\/isadistribution.fr\/#\/schema\/logo\/image\/\",\"url\":\"https:\/\/i0.wp.com\/isadistribution.fr\/wp-content\/uploads\/2019\/05\/isa-logo1-01.png?fit=2180%2C2061&ssl=1\",\"contentUrl\":\"https:\/\/i0.wp.com\/isadistribution.fr\/wp-content\/uploads\/2019\/05\/isa-logo1-01.png?fit=2180%2C2061&ssl=1\",\"width\":2180,\"height\":2061,\"caption\":\"Isa Distribution\"},\"image\":{\"@id\":\"https:\/\/isadistribution.fr\/#\/schema\/logo\/image\/\"},\"sameAs\":[\"https:\/\/www.facebook.com\/ISA-Distribution-247007699149931\/\",\"https:\/\/www.instagram.com\/isa_distribution\/\",\"https:\/\/www.youtube.com\/channel\/UC0yHnCvIF7GN3j5MAHLb0yQ\"]}]}<\/script>\n<!-- \/ Yoast SEO plugin. -->","yoast_head_json":{"title":"FORMATION D\u00c9BUTANT ACRYLIQUE DU 16 AU 20 NOVEMBRE 2026 &#8226;","robots":{"index":"index","follow":"follow","max-snippet":"max-snippet:-1","max-image-preview":"max-image-preview:large","max-video-preview":"max-video-preview:-1"},"canonical":"https:\/\/isadistribution.fr\/produit\/formation-debutant-acrylique-du-16-au-20-novembre-2026\/","twitter_misc":{"Est. reading time":"2 minutes"},"schema":{"@context":"https:\/\/schema.org","@graph":[{"@type":"WebPage","@id":"https:\/\/isadistribution.fr\/produit\/formation-debutant-acrylique-du-16-au-20-novembre-2026\/","url":"https:\/\/isadistribution.fr\/produit\/formation-debutant-acrylique-du-16-au-20-novembre-2026\/","name":"FORMATION D\u00c9BUTANT ACRYLIQUE DU 16 AU 20 NOVEMBRE 2026 &#8226;","isPartOf":{"@id":"https:\/\/isadistribution.fr\/#website"},"primaryImageOfPage":{"@id":"https:\/\/isadistribution.fr\/produit\/formation-debutant-acrylique-du-16-au-20-novembre-2026\/#primaryimage"},"image":{"@id":"https:\/\/isadistribution.fr\/produit\/formation-debutant-acrylique-du-16-au-20-novembre-2026\/#primaryimage"},"thumbnailUrl":"https:\/\/i0.wp.com\/isadistribution.fr\/wp-content\/uploads\/2026\/04\/formation-acrylique-.jpg?fit=1890%2C1417&ssl=1","datePublished":"2026-04-24T15:10:05+00:00","dateModified":"2026-04-28T23:13:31+00:00","breadcrumb":{"@id":"https:\/\/isadistribution.fr\/produit\/formation-debutant-acrylique-du-16-au-20-novembre-2026\/#breadcrumb"},"inLanguage":"en-US","potentialAction":[{"@type":"ReadAction","target":["https:\/\/isadistribution.fr\/produit\/formation-debutant-acrylique-du-16-au-20-novembre-2026\/"]}]},{"@type":"ImageObject","inLanguage":"en-US","@id":"https:\/\/isadistribution.fr\/produit\/formation-debutant-acrylique-du-16-au-20-novembre-2026\/#primaryimage","url":"https:\/\/i0.wp.com\/isadistribution.fr\/wp-content\/uploads\/2026\/04\/formation-acrylique-.jpg?fit=1890%2C1417&ssl=1","contentUrl":"https:\/\/i0.wp.com\/isadistribution.fr\/wp-content\/uploads\/2026\/04\/formation-acrylique-.jpg?fit=1890%2C1417&ssl=1","width":1890,"height":1417},{"@type":"BreadcrumbList","@id":"https:\/\/isadistribution.fr\/produit\/formation-debutant-acrylique-du-16-au-20-novembre-2026\/#breadcrumb","itemListElement":[{"@type":"ListItem","position":1,"name":"Home","item":"https:\/\/isadistribution.fr\/en\/"},{"@type":"ListItem","position":2,"name":"boutique","item":"https:\/\/isadistribution.fr\/gel-de-construction\/boutique-4\/"},{"@type":"ListItem","position":3,"name":"FORMATION D\u00c9BUTANT ACRYLIQUE DU 16 AU 20 NOVEMBRE 2026"}]},{"@type":"WebSite","@id":"https:\/\/isadistribution.fr\/#website","url":"https:\/\/isadistribution.fr\/","name":"Isadistribution.fr","description":"VOTRE R\u00c9F\u00c9RENCE PROFESSIONNELLE POUR LA BEAUT\u00c9 DES ONGLES ","publisher":{"@id":"https:\/\/isadistribution.fr\/#organization"},"potentialAction":[{"@type":"SearchAction","target":{"@type":"EntryPoint","urlTemplate":"https:\/\/isadistribution.fr\/?s={search_term_string}"},"query-input":{"@type":"PropertyValueSpecification","valueRequired":true,"valueName":"search_term_string"}}],"inLanguage":"en-US"},{"@type":"Organization","@id":"https:\/\/isadistribution.fr\/#organization","name":"Isa Distribution","url":"https:\/\/isadistribution.fr\/","logo":{"@type":"ImageObject","inLanguage":"en-US","@id":"https:\/\/isadistribution.fr\/#\/schema\/logo\/image\/","url":"https:\/\/i0.wp.com\/isadistribution.fr\/wp-content\/uploads\/2019\/05\/isa-logo1-01.png?fit=2180%2C2061&ssl=1","contentUrl":"https:\/\/i0.wp.com\/isadistribution.fr\/wp-content\/uploads\/2019\/05\/isa-logo1-01.png?fit=2180%2C2061&ssl=1","width":2180,"height":2061,"caption":"Isa Distribution"},"image":{"@id":"https:\/\/isadistribution.fr\/#\/schema\/logo\/image\/"},"sameAs":["https:\/\/www.facebook.com\/ISA-Distribution-247007699149931\/","https:\/\/www.instagram.com\/isa_distribution\/","https:\/\/www.youtube.com\/channel\/UC0yHnCvIF7GN3j5MAHLb0yQ"]}]}},"jetpack_likes_enabled":true,"jetpack_sharing_enabled":true,"jetpack-related-posts":[],"_links":{"self":[{"href":"https:\/\/isadistribution.fr\/en\/wp-json\/wp\/v2\/product\/99783","targetHints":{"allow":["GET"]}}],"collection":[{"href":"https:\/\/isadistribution.fr\/en\/wp-json\/wp\/v2\/product"}],"about":[{"href":"https:\/\/isadistribution.fr\/en\/wp-json\/wp\/v2\/types\/product"}],"version-history":[{"count":1,"href":"https:\/\/isadistribution.fr\/en\/wp-json\/wp\/v2\/product\/99783\/revisions"}],"predecessor-version":[{"id":99784,"href":"https:\/\/isadistribution.fr\/en\/wp-json\/wp\/v2\/product\/99783\/revisions\/99784"}],"wp:featuredmedia":[{"embeddable":true,"href":"https:\/\/isadistribution.fr\/en\/wp-json\/wp\/v2\/media\/99858"}],"wp:attachment":[{"href":"https:\/\/isadistribution.fr\/en\/wp-json\/wp\/v2\/media?parent=99783"}],"wp:term":[{"taxonomy":"product_brand","embeddable":true,"href":"https:\/\/isadistribution.fr\/en\/wp-json\/wp\/v2\/product_brand?post=99783"},{"taxonomy":"product_cat","embeddable":true,"href":"https:\/\/isadistribution.fr\/en\/wp-json\/wp\/v2\/product_cat?post=99783"},{"taxonomy":"product_tag","embeddable":true,"href":"https:\/\/isadistribution.fr\/en\/wp-json\/wp\/v2\/product_tag?post=99783"}],"curies":[{"name":"wp","href":"https:\/\/api.w.org\/{rel}","templated":true}]}}