{"id":98916,"date":"2026-02-17T10:21:03","date_gmt":"2026-02-17T14:21:03","guid":{"rendered":"https:\/\/isadistribution.fr\/?post_type=product&#038;p=98916"},"modified":"2026-02-17T10:34:36","modified_gmt":"2026-02-17T14:34:36","slug":"formation-popits-16-avril-2026","status":"publish","type":"product","link":"https:\/\/isadistribution.fr\/en\/produit\/formation-popits-16-avril-2026\/","title":{"rendered":"Formation popits 16 Avril 2026"},"content":{"rendered":"<p>Gagner du temps ? Travailler proprement ? Augmenter ses prix ? Attirer une client\u00e8le pr\u00e9mium?<\/p>\n<p>En une seule formation , tu ma\u00eetrises 6 techniques incontournables pour proposer des poses rapides , structur\u00e9es et haut de gamme .<\/p>\n<p>Gain de temps \u00e9norme en Salon<\/p>\n<p>Structure parfaite sans limage excessif<\/p>\n<p>Id\u00e9al pour d\u00e9butantes et confirm\u00e9es<\/p>\n<p>Permet d&#8217;enchainer plus de clientes dans la journ\u00e9e<\/p>\n<p>CONTENU DE LA FORMATION<\/p>\n<p>Approche th\u00e9orique et pratique<\/p>\n<p>Manucure combin\u00e9e \u00e0 l\u2019aide de la ponceuse \u00a0: La pr\u00e9paration, des cuticules et de la plaque pour une bonne adherence et \u00e9viter les d\u00e9collements mais aussi avoir des contours nets , des cuticules parfaites et un rendu propre et premium<\/p>\n<p>Technique du popits sandwich ( la technique sandwich assure une structure solide et durable.<\/p>\n<p>Technique de pose avec le Art gel 3 en 1 &amp; Gel \u2013 Astuces professionnelles \u2013 Erreurs \u00e0 \u00e9viter \u2013 Conseils Tenue<\/p>\n<p>La French reverse , une technique haut de gamme tr\u00e8s demand\u00e9e , la signature des techniciennes avanc\u00e9es . Elle permet un rendu net, pr\u00e9cis et durable.<\/p>\n<p>Technique pour une incrustation rapide , durable .<\/p>\n<p>Je t&#8217;apprends \u00e0 sublimer ta pose avec un limage structur\u00e9 et une finition professionnelle .<\/p>\n<p>Mes formations vont te permettre de gagner en confiance , devenir experte , se lancer ou \u00e9voluer.<\/p>\n<p>POINT FINANCIER<\/p>\n<p>Une pose popits en moyenne 60\u20ac pour un d\u00e9but<\/p>\n<p>3 clientes par jour : 180\u20ac ( c&#8217;est possible d&#8217;en faire plus)<\/p>\n<p>5 jours : 900\u20ac<\/p>\n<p>1 mois 3600\u20ac<\/p>\n<p>Pour une journ\u00e9e de formation.<\/p>\n<p>Cette formation vient en compl\u00e9ment d\u2019un programme d\u00e9butant ( ne le remplace pas)<\/p>\n<p>Le mat\u00e9riel est mis a disposition durant la formation.<\/p>\n<p>Le 16 Avril \u00a02026 de 9h \u00e0 16h00 avec une pause d\u00e9jeuner d\u2019une heure.<\/p>\n<p>Le lieu : Zone industrielle canal cocotte Ducos Martinique<\/p>\n<p>Tarif : 450\u20ac payable en 4 fois<\/p>\n<p>Attestation de Formation inclus<\/p>\n<p>Les places sont limit\u00e9es<\/p>\n<p>&nbsp;<\/p>\n","protected":false},"excerpt":{"rendered":"<p>Gagner du temps ? Travailler proprement ? Augmenter ses prix ? Attirer une client\u00e8le pr\u00e9mium? En une seule formation ,&hellip;<\/p>\n","protected":false},"featured_media":98917,"template":"","meta":[],"product_brand":[],"product_cat":[1882],"product_tag":[],"class_list":{"0":"post-98916","1":"product","2":"type-product","3":"status-publish","4":"has-post-thumbnail","6":"product_cat-formation-popits-2","8":"first","9":"instock","10":"taxable","11":"shipping-taxable","12":"purchasable","13":"product-type-simple"},"yoast_head":"<!-- This site is optimized with the Yoast SEO plugin v26.2 - https:\/\/yoast.com\/wordpress\/plugins\/seo\/ -->\n<title>Formation popits 16 Avril 2026 &#8226; ISA DISTRIBUTION<\/title>\n<meta name=\"robots\" content=\"index, follow, max-snippet:-1, max-image-preview:large, max-video-preview:-1\" \/>\n<link rel=\"canonical\" href=\"https:\/\/isadistribution.fr\/en\/produit\/formation-popits-16-avril-2026\/\" \/>\n<meta name=\"twitter:label1\" content=\"Est. reading time\" \/>\n\t<meta name=\"twitter:data1\" content=\"2 minutes\" \/>\n<script type=\"application\/ld+json\" class=\"yoast-schema-graph\">{\"@context\":\"https:\/\/schema.org\",\"@graph\":[{\"@type\":\"WebPage\",\"@id\":\"https:\/\/isadistribution.fr\/en\/produit\/formation-popits-16-avril-2026\/\",\"url\":\"https:\/\/isadistribution.fr\/en\/produit\/formation-popits-16-avril-2026\/\",\"name\":\"Formation popits 16 Avril 2026 &#8226; ISA DISTRIBUTION\",\"isPartOf\":{\"@id\":\"https:\/\/isadistribution.fr\/en\/#website\"},\"primaryImageOfPage\":{\"@id\":\"https:\/\/isadistribution.fr\/en\/produit\/formation-popits-16-avril-2026\/#primaryimage\"},\"image\":{\"@id\":\"https:\/\/isadistribution.fr\/en\/produit\/formation-popits-16-avril-2026\/#primaryimage\"},\"thumbnailUrl\":\"https:\/\/i0.wp.com\/isadistribution.fr\/wp-content\/uploads\/2026\/02\/training-popits-1-1.jpg?fit=1193%2C906&ssl=1\",\"datePublished\":\"2026-02-17T14:21:03+00:00\",\"dateModified\":\"2026-02-17T14:34:36+00:00\",\"breadcrumb\":{\"@id\":\"https:\/\/isadistribution.fr\/en\/produit\/formation-popits-16-avril-2026\/#breadcrumb\"},\"inLanguage\":\"en-US\",\"potentialAction\":[{\"@type\":\"ReadAction\",\"target\":[\"https:\/\/isadistribution.fr\/en\/produit\/formation-popits-16-avril-2026\/\"]}]},{\"@type\":\"ImageObject\",\"inLanguage\":\"en-US\",\"@id\":\"https:\/\/isadistribution.fr\/en\/produit\/formation-popits-16-avril-2026\/#primaryimage\",\"url\":\"https:\/\/i0.wp.com\/isadistribution.fr\/wp-content\/uploads\/2026\/02\/training-popits-1-1.jpg?fit=1193%2C906&ssl=1\",\"contentUrl\":\"https:\/\/i0.wp.com\/isadistribution.fr\/wp-content\/uploads\/2026\/02\/training-popits-1-1.jpg?fit=1193%2C906&ssl=1\",\"width\":1193,\"height\":906},{\"@type\":\"BreadcrumbList\",\"@id\":\"https:\/\/isadistribution.fr\/en\/produit\/formation-popits-16-avril-2026\/#breadcrumb\",\"itemListElement\":[{\"@type\":\"ListItem\",\"position\":1,\"name\":\"Home\",\"item\":\"https:\/\/isadistribution.fr\/en\/\"},{\"@type\":\"ListItem\",\"position\":2,\"name\":\"boutique\",\"item\":\"https:\/\/isadistribution.fr\/gel-de-construction\/boutique-4\/\"},{\"@type\":\"ListItem\",\"position\":3,\"name\":\"Formation popits 16 Avril 2026\"}]},{\"@type\":\"WebSite\",\"@id\":\"https:\/\/isadistribution.fr\/en\/#website\",\"url\":\"https:\/\/isadistribution.fr\/en\/\",\"name\":\"Isadistribution.fr\",\"description\":\"Everything starts with a dream\",\"publisher\":{\"@id\":\"https:\/\/isadistribution.fr\/en\/#organization\"},\"potentialAction\":[{\"@type\":\"SearchAction\",\"target\":{\"@type\":\"EntryPoint\",\"urlTemplate\":\"https:\/\/isadistribution.fr\/en\/?s={search_term_string}\"},\"query-input\":{\"@type\":\"PropertyValueSpecification\",\"valueRequired\":true,\"valueName\":\"search_term_string\"}}],\"inLanguage\":\"en-US\"},{\"@type\":\"Organization\",\"@id\":\"https:\/\/isadistribution.fr\/en\/#organization\",\"name\":\"Isa Distribution\",\"url\":\"https:\/\/isadistribution.fr\/en\/\",\"logo\":{\"@type\":\"ImageObject\",\"inLanguage\":\"en-US\",\"@id\":\"https:\/\/isadistribution.fr\/en\/#\/schema\/logo\/image\/\",\"url\":\"https:\/\/i0.wp.com\/isadistribution.fr\/wp-content\/uploads\/2019\/05\/isa-logo1-01.png?fit=2180%2C2061&ssl=1\",\"contentUrl\":\"https:\/\/i0.wp.com\/isadistribution.fr\/wp-content\/uploads\/2019\/05\/isa-logo1-01.png?fit=2180%2C2061&ssl=1\",\"width\":2180,\"height\":2061,\"caption\":\"Isa Distribution\"},\"image\":{\"@id\":\"https:\/\/isadistribution.fr\/en\/#\/schema\/logo\/image\/\"},\"sameAs\":[\"https:\/\/www.facebook.com\/ISA-Distribution-247007699149931\/\",\"https:\/\/www.instagram.com\/isa_distribution\/\",\"https:\/\/www.youtube.com\/channel\/UC0yHnCvIF7GN3j5MAHLb0yQ\"]}]}<\/script>\n<!-- \/ Yoast SEO plugin. -->","yoast_head_json":{"title":"Formation popits 16 Avril 2026 &#8226; ISA DISTRIBUTION","robots":{"index":"index","follow":"follow","max-snippet":"max-snippet:-1","max-image-preview":"max-image-preview:large","max-video-preview":"max-video-preview:-1"},"canonical":"https:\/\/isadistribution.fr\/en\/produit\/formation-popits-16-avril-2026\/","twitter_misc":{"Est. reading time":"2 minutes"},"schema":{"@context":"https:\/\/schema.org","@graph":[{"@type":"WebPage","@id":"https:\/\/isadistribution.fr\/en\/produit\/formation-popits-16-avril-2026\/","url":"https:\/\/isadistribution.fr\/en\/produit\/formation-popits-16-avril-2026\/","name":"Formation popits 16 Avril 2026 &#8226; ISA DISTRIBUTION","isPartOf":{"@id":"https:\/\/isadistribution.fr\/en\/#website"},"primaryImageOfPage":{"@id":"https:\/\/isadistribution.fr\/en\/produit\/formation-popits-16-avril-2026\/#primaryimage"},"image":{"@id":"https:\/\/isadistribution.fr\/en\/produit\/formation-popits-16-avril-2026\/#primaryimage"},"thumbnailUrl":"https:\/\/i0.wp.com\/isadistribution.fr\/wp-content\/uploads\/2026\/02\/training-popits-1-1.jpg?fit=1193%2C906&ssl=1","datePublished":"2026-02-17T14:21:03+00:00","dateModified":"2026-02-17T14:34:36+00:00","breadcrumb":{"@id":"https:\/\/isadistribution.fr\/en\/produit\/formation-popits-16-avril-2026\/#breadcrumb"},"inLanguage":"en-US","potentialAction":[{"@type":"ReadAction","target":["https:\/\/isadistribution.fr\/en\/produit\/formation-popits-16-avril-2026\/"]}]},{"@type":"ImageObject","inLanguage":"en-US","@id":"https:\/\/isadistribution.fr\/en\/produit\/formation-popits-16-avril-2026\/#primaryimage","url":"https:\/\/i0.wp.com\/isadistribution.fr\/wp-content\/uploads\/2026\/02\/training-popits-1-1.jpg?fit=1193%2C906&ssl=1","contentUrl":"https:\/\/i0.wp.com\/isadistribution.fr\/wp-content\/uploads\/2026\/02\/training-popits-1-1.jpg?fit=1193%2C906&ssl=1","width":1193,"height":906},{"@type":"BreadcrumbList","@id":"https:\/\/isadistribution.fr\/en\/produit\/formation-popits-16-avril-2026\/#breadcrumb","itemListElement":[{"@type":"ListItem","position":1,"name":"Home","item":"https:\/\/isadistribution.fr\/en\/"},{"@type":"ListItem","position":2,"name":"boutique","item":"https:\/\/isadistribution.fr\/gel-de-construction\/boutique-4\/"},{"@type":"ListItem","position":3,"name":"Formation popits 16 Avril 2026"}]},{"@type":"WebSite","@id":"https:\/\/isadistribution.fr\/en\/#website","url":"https:\/\/isadistribution.fr\/en\/","name":"Isadistribution.fr","description":"Everything starts with a dream","publisher":{"@id":"https:\/\/isadistribution.fr\/en\/#organization"},"potentialAction":[{"@type":"SearchAction","target":{"@type":"EntryPoint","urlTemplate":"https:\/\/isadistribution.fr\/en\/?s={search_term_string}"},"query-input":{"@type":"PropertyValueSpecification","valueRequired":true,"valueName":"search_term_string"}}],"inLanguage":"en-US"},{"@type":"Organization","@id":"https:\/\/isadistribution.fr\/en\/#organization","name":"Isa Distribution","url":"https:\/\/isadistribution.fr\/en\/","logo":{"@type":"ImageObject","inLanguage":"en-US","@id":"https:\/\/isadistribution.fr\/en\/#\/schema\/logo\/image\/","url":"https:\/\/i0.wp.com\/isadistribution.fr\/wp-content\/uploads\/2019\/05\/isa-logo1-01.png?fit=2180%2C2061&ssl=1","contentUrl":"https:\/\/i0.wp.com\/isadistribution.fr\/wp-content\/uploads\/2019\/05\/isa-logo1-01.png?fit=2180%2C2061&ssl=1","width":2180,"height":2061,"caption":"Isa Distribution"},"image":{"@id":"https:\/\/isadistribution.fr\/en\/#\/schema\/logo\/image\/"},"sameAs":["https:\/\/www.facebook.com\/ISA-Distribution-247007699149931\/","https:\/\/www.instagram.com\/isa_distribution\/","https:\/\/www.youtube.com\/channel\/UC0yHnCvIF7GN3j5MAHLb0yQ"]}]}},"jetpack_likes_enabled":true,"jetpack_sharing_enabled":true,"jetpack-related-posts":[],"_links":{"self":[{"href":"https:\/\/isadistribution.fr\/en\/wp-json\/wp\/v2\/product\/98916","targetHints":{"allow":["GET"]}}],"collection":[{"href":"https:\/\/isadistribution.fr\/en\/wp-json\/wp\/v2\/product"}],"about":[{"href":"https:\/\/isadistribution.fr\/en\/wp-json\/wp\/v2\/types\/product"}],"version-history":[{"count":2,"href":"https:\/\/isadistribution.fr\/en\/wp-json\/wp\/v2\/product\/98916\/revisions"}],"predecessor-version":[{"id":98923,"href":"https:\/\/isadistribution.fr\/en\/wp-json\/wp\/v2\/product\/98916\/revisions\/98923"}],"wp:featuredmedia":[{"embeddable":true,"href":"https:\/\/isadistribution.fr\/en\/wp-json\/wp\/v2\/media\/98917"}],"wp:attachment":[{"href":"https:\/\/isadistribution.fr\/en\/wp-json\/wp\/v2\/media?parent=98916"}],"wp:term":[{"taxonomy":"product_brand","embeddable":true,"href":"https:\/\/isadistribution.fr\/en\/wp-json\/wp\/v2\/product_brand?post=98916"},{"taxonomy":"product_cat","embeddable":true,"href":"https:\/\/isadistribution.fr\/en\/wp-json\/wp\/v2\/product_cat?post=98916"},{"taxonomy":"product_tag","embeddable":true,"href":"https:\/\/isadistribution.fr\/en\/wp-json\/wp\/v2\/product_tag?post=98916"}],"curies":[{"name":"wp","href":"https:\/\/api.w.org\/{rel}","templated":true}]}}