{"id":98106,"date":"2025-12-26T12:46:24","date_gmt":"2025-12-26T16:46:24","guid":{"rendered":"https:\/\/isadistribution.fr\/?post_type=product&#038;p=98106"},"modified":"2026-03-16T14:33:33","modified_gmt":"2026-03-16T18:33:33","slug":"sterilisateur-electrique-professionnel-10l","status":"publish","type":"product","link":"https:\/\/isadistribution.fr\/en\/produit\/sterilisateur-electrique-professionnel-10l\/","title":{"rendered":"St\u00e9rilisateur \u00e9lectrique professionnel 10L R\u00e9assort pr\u00e9vu le 10 Mars 2026"},"content":{"rendered":"<p>St\u00e9rilisateur \u00e9lectrique \u00e0 chaleur s\u00e8che Sans eau , ni produits chimiques<\/p>\n<p>Elimine efficacement bact\u00e9ries , germes et les champignons<\/p>\n<p>Temp\u00e9rature \u00e9lev\u00e9e pour une st\u00e9rilisation optimale<\/p>\n<p>affichage digital ( heure \/minuterie\/ temp\u00e9rature)<\/p>\n<p>Pour un usage professionnel<\/p>\n<p>Puissance 160W<\/p>\n<p>Taille 10 L<\/p>\n<p>Poids net 2,6 kg<\/p>\n<p>Temp\u00e9rature 75\u00b0<\/p>\n","protected":false},"excerpt":{"rendered":"<p>St\u00e9rilisateur \u00e9lectrique \u00e0 chaleur s\u00e8che Sans eau , ni produits chimiques Elimine efficacement bact\u00e9ries , germes et les champignons Temp\u00e9rature&hellip;<\/p>\n","protected":false},"featured_media":98108,"template":"","meta":[],"product_brand":[],"product_cat":[1903,1904],"product_tag":[],"class_list":{"0":"post-98106","1":"product","2":"type-product","3":"status-publish","4":"has-post-thumbnail","6":"product_cat-equipements-electriques","7":"product_cat-equpements-electriques","8":"it-has-gallery","10":"first","11":"outofstock","12":"taxable","13":"shipping-taxable","14":"purchasable","15":"product-type-simple"},"yoast_head":"<!-- This site is optimized with the Yoast SEO plugin v27.2 - https:\/\/yoast.com\/product\/yoast-seo-wordpress\/ -->\n<title>St\u00e9rilisateur \u00e9lectrique professionnel 10L R\u00e9assort pr\u00e9vu le 10 Mars 2026 &#8226; ISA DISTRIBUTION<\/title>\n<meta name=\"robots\" content=\"index, follow, max-snippet:-1, max-image-preview:large, max-video-preview:-1\" \/>\n<link rel=\"canonical\" href=\"https:\/\/isadistribution.fr\/en\/produit\/sterilisateur-electrique-professionnel-10l\/\" \/>\n<meta name=\"twitter:label1\" content=\"Est. reading time\" \/>\n\t<meta name=\"twitter:data1\" content=\"1 minute\" \/>\n<script type=\"application\/ld+json\" class=\"yoast-schema-graph\">{\"@context\":\"https:\/\/schema.org\",\"@graph\":[{\"@type\":\"WebPage\",\"@id\":\"https:\/\/isadistribution.fr\/en\/produit\/sterilisateur-electrique-professionnel-10l\/\",\"url\":\"https:\/\/isadistribution.fr\/en\/produit\/sterilisateur-electrique-professionnel-10l\/\",\"name\":\"St\u00e9rilisateur \u00e9lectrique professionnel 10L R\u00e9assort pr\u00e9vu le 10 Mars 2026 &#8226; ISA DISTRIBUTION\",\"isPartOf\":{\"@id\":\"https:\/\/isadistribution.fr\/en\/#website\"},\"primaryImageOfPage\":{\"@id\":\"https:\/\/isadistribution.fr\/en\/produit\/sterilisateur-electrique-professionnel-10l\/#primaryimage\"},\"image\":{\"@id\":\"https:\/\/isadistribution.fr\/en\/produit\/sterilisateur-electrique-professionnel-10l\/#primaryimage\"},\"thumbnailUrl\":\"https:\/\/i0.wp.com\/isadistribution.fr\/wp-content\/uploads\/2025\/12\/IMG_8448.jpg?fit=1290%2C1337&ssl=1\",\"datePublished\":\"2025-12-26T16:46:24+00:00\",\"dateModified\":\"2026-03-16T18:33:33+00:00\",\"breadcrumb\":{\"@id\":\"https:\/\/isadistribution.fr\/en\/produit\/sterilisateur-electrique-professionnel-10l\/#breadcrumb\"},\"inLanguage\":\"en-US\",\"potentialAction\":[{\"@type\":\"ReadAction\",\"target\":[\"https:\/\/isadistribution.fr\/en\/produit\/sterilisateur-electrique-professionnel-10l\/\"]}]},{\"@type\":\"ImageObject\",\"inLanguage\":\"en-US\",\"@id\":\"https:\/\/isadistribution.fr\/en\/produit\/sterilisateur-electrique-professionnel-10l\/#primaryimage\",\"url\":\"https:\/\/i0.wp.com\/isadistribution.fr\/wp-content\/uploads\/2025\/12\/IMG_8448.jpg?fit=1290%2C1337&ssl=1\",\"contentUrl\":\"https:\/\/i0.wp.com\/isadistribution.fr\/wp-content\/uploads\/2025\/12\/IMG_8448.jpg?fit=1290%2C1337&ssl=1\",\"width\":1290,\"height\":1337},{\"@type\":\"BreadcrumbList\",\"@id\":\"https:\/\/isadistribution.fr\/en\/produit\/sterilisateur-electrique-professionnel-10l\/#breadcrumb\",\"itemListElement\":[{\"@type\":\"ListItem\",\"position\":1,\"name\":\"Home\",\"item\":\"https:\/\/isadistribution.fr\/en\/\"},{\"@type\":\"ListItem\",\"position\":2,\"name\":\"boutique\",\"item\":\"https:\/\/isadistribution.fr\/gel-de-construction\/boutique-4\/\"},{\"@type\":\"ListItem\",\"position\":3,\"name\":\"St\u00e9rilisateur \u00e9lectrique professionnel 10L R\u00e9assort pr\u00e9vu le 10 Mars 2026\"}]},{\"@type\":\"WebSite\",\"@id\":\"https:\/\/isadistribution.fr\/en\/#website\",\"url\":\"https:\/\/isadistribution.fr\/en\/\",\"name\":\"Isadistribution.fr\",\"description\":\"Everything starts with a dream\",\"publisher\":{\"@id\":\"https:\/\/isadistribution.fr\/en\/#organization\"},\"potentialAction\":[{\"@type\":\"SearchAction\",\"target\":{\"@type\":\"EntryPoint\",\"urlTemplate\":\"https:\/\/isadistribution.fr\/en\/?s={search_term_string}\"},\"query-input\":{\"@type\":\"PropertyValueSpecification\",\"valueRequired\":true,\"valueName\":\"search_term_string\"}}],\"inLanguage\":\"en-US\"},{\"@type\":\"Organization\",\"@id\":\"https:\/\/isadistribution.fr\/en\/#organization\",\"name\":\"Isa Distribution\",\"url\":\"https:\/\/isadistribution.fr\/en\/\",\"logo\":{\"@type\":\"ImageObject\",\"inLanguage\":\"en-US\",\"@id\":\"https:\/\/isadistribution.fr\/en\/#\/schema\/logo\/image\/\",\"url\":\"https:\/\/i0.wp.com\/isadistribution.fr\/wp-content\/uploads\/2019\/05\/isa-logo1-01.png?fit=2180%2C2061&ssl=1\",\"contentUrl\":\"https:\/\/i0.wp.com\/isadistribution.fr\/wp-content\/uploads\/2019\/05\/isa-logo1-01.png?fit=2180%2C2061&ssl=1\",\"width\":2180,\"height\":2061,\"caption\":\"Isa Distribution\"},\"image\":{\"@id\":\"https:\/\/isadistribution.fr\/en\/#\/schema\/logo\/image\/\"},\"sameAs\":[\"https:\/\/www.facebook.com\/ISA-Distribution-247007699149931\/\",\"https:\/\/www.instagram.com\/isa_distribution\/\",\"https:\/\/www.youtube.com\/channel\/UC0yHnCvIF7GN3j5MAHLb0yQ\"]}]}<\/script>\n<!-- \/ Yoast SEO plugin. -->","yoast_head_json":{"title":"St\u00e9rilisateur \u00e9lectrique professionnel 10L R\u00e9assort pr\u00e9vu le 10 Mars 2026 &#8226; ISA DISTRIBUTION","robots":{"index":"index","follow":"follow","max-snippet":"max-snippet:-1","max-image-preview":"max-image-preview:large","max-video-preview":"max-video-preview:-1"},"canonical":"https:\/\/isadistribution.fr\/en\/produit\/sterilisateur-electrique-professionnel-10l\/","twitter_misc":{"Est. reading time":"1 minute"},"schema":{"@context":"https:\/\/schema.org","@graph":[{"@type":"WebPage","@id":"https:\/\/isadistribution.fr\/en\/produit\/sterilisateur-electrique-professionnel-10l\/","url":"https:\/\/isadistribution.fr\/en\/produit\/sterilisateur-electrique-professionnel-10l\/","name":"St\u00e9rilisateur \u00e9lectrique professionnel 10L R\u00e9assort pr\u00e9vu le 10 Mars 2026 &#8226; ISA DISTRIBUTION","isPartOf":{"@id":"https:\/\/isadistribution.fr\/en\/#website"},"primaryImageOfPage":{"@id":"https:\/\/isadistribution.fr\/en\/produit\/sterilisateur-electrique-professionnel-10l\/#primaryimage"},"image":{"@id":"https:\/\/isadistribution.fr\/en\/produit\/sterilisateur-electrique-professionnel-10l\/#primaryimage"},"thumbnailUrl":"https:\/\/i0.wp.com\/isadistribution.fr\/wp-content\/uploads\/2025\/12\/IMG_8448.jpg?fit=1290%2C1337&ssl=1","datePublished":"2025-12-26T16:46:24+00:00","dateModified":"2026-03-16T18:33:33+00:00","breadcrumb":{"@id":"https:\/\/isadistribution.fr\/en\/produit\/sterilisateur-electrique-professionnel-10l\/#breadcrumb"},"inLanguage":"en-US","potentialAction":[{"@type":"ReadAction","target":["https:\/\/isadistribution.fr\/en\/produit\/sterilisateur-electrique-professionnel-10l\/"]}]},{"@type":"ImageObject","inLanguage":"en-US","@id":"https:\/\/isadistribution.fr\/en\/produit\/sterilisateur-electrique-professionnel-10l\/#primaryimage","url":"https:\/\/i0.wp.com\/isadistribution.fr\/wp-content\/uploads\/2025\/12\/IMG_8448.jpg?fit=1290%2C1337&ssl=1","contentUrl":"https:\/\/i0.wp.com\/isadistribution.fr\/wp-content\/uploads\/2025\/12\/IMG_8448.jpg?fit=1290%2C1337&ssl=1","width":1290,"height":1337},{"@type":"BreadcrumbList","@id":"https:\/\/isadistribution.fr\/en\/produit\/sterilisateur-electrique-professionnel-10l\/#breadcrumb","itemListElement":[{"@type":"ListItem","position":1,"name":"Home","item":"https:\/\/isadistribution.fr\/en\/"},{"@type":"ListItem","position":2,"name":"boutique","item":"https:\/\/isadistribution.fr\/gel-de-construction\/boutique-4\/"},{"@type":"ListItem","position":3,"name":"St\u00e9rilisateur \u00e9lectrique professionnel 10L R\u00e9assort pr\u00e9vu le 10 Mars 2026"}]},{"@type":"WebSite","@id":"https:\/\/isadistribution.fr\/en\/#website","url":"https:\/\/isadistribution.fr\/en\/","name":"Isadistribution.fr","description":"Everything starts with a dream","publisher":{"@id":"https:\/\/isadistribution.fr\/en\/#organization"},"potentialAction":[{"@type":"SearchAction","target":{"@type":"EntryPoint","urlTemplate":"https:\/\/isadistribution.fr\/en\/?s={search_term_string}"},"query-input":{"@type":"PropertyValueSpecification","valueRequired":true,"valueName":"search_term_string"}}],"inLanguage":"en-US"},{"@type":"Organization","@id":"https:\/\/isadistribution.fr\/en\/#organization","name":"Isa Distribution","url":"https:\/\/isadistribution.fr\/en\/","logo":{"@type":"ImageObject","inLanguage":"en-US","@id":"https:\/\/isadistribution.fr\/en\/#\/schema\/logo\/image\/","url":"https:\/\/i0.wp.com\/isadistribution.fr\/wp-content\/uploads\/2019\/05\/isa-logo1-01.png?fit=2180%2C2061&ssl=1","contentUrl":"https:\/\/i0.wp.com\/isadistribution.fr\/wp-content\/uploads\/2019\/05\/isa-logo1-01.png?fit=2180%2C2061&ssl=1","width":2180,"height":2061,"caption":"Isa Distribution"},"image":{"@id":"https:\/\/isadistribution.fr\/en\/#\/schema\/logo\/image\/"},"sameAs":["https:\/\/www.facebook.com\/ISA-Distribution-247007699149931\/","https:\/\/www.instagram.com\/isa_distribution\/","https:\/\/www.youtube.com\/channel\/UC0yHnCvIF7GN3j5MAHLb0yQ"]}]}},"jetpack_likes_enabled":true,"jetpack_sharing_enabled":true,"jetpack-related-posts":[],"_links":{"self":[{"href":"https:\/\/isadistribution.fr\/en\/wp-json\/wp\/v2\/product\/98106","targetHints":{"allow":["GET"]}}],"collection":[{"href":"https:\/\/isadistribution.fr\/en\/wp-json\/wp\/v2\/product"}],"about":[{"href":"https:\/\/isadistribution.fr\/en\/wp-json\/wp\/v2\/types\/product"}],"version-history":[{"count":1,"href":"https:\/\/isadistribution.fr\/en\/wp-json\/wp\/v2\/product\/98106\/revisions"}],"predecessor-version":[{"id":98898,"href":"https:\/\/isadistribution.fr\/en\/wp-json\/wp\/v2\/product\/98106\/revisions\/98898"}],"wp:featuredmedia":[{"embeddable":true,"href":"https:\/\/isadistribution.fr\/en\/wp-json\/wp\/v2\/media\/98108"}],"wp:attachment":[{"href":"https:\/\/isadistribution.fr\/en\/wp-json\/wp\/v2\/media?parent=98106"}],"wp:term":[{"taxonomy":"product_brand","embeddable":true,"href":"https:\/\/isadistribution.fr\/en\/wp-json\/wp\/v2\/product_brand?post=98106"},{"taxonomy":"product_cat","embeddable":true,"href":"https:\/\/isadistribution.fr\/en\/wp-json\/wp\/v2\/product_cat?post=98106"},{"taxonomy":"product_tag","embeddable":true,"href":"https:\/\/isadistribution.fr\/en\/wp-json\/wp\/v2\/product_tag?post=98106"}],"curies":[{"name":"wp","href":"https:\/\/api.w.org\/{rel}","templated":true}]}}