{"id":94836,"date":"2025-03-10T18:41:53","date_gmt":"2025-03-10T22:41:53","guid":{"rendered":"https:\/\/isadistribution.fr\/?post_type=product&#038;p=94836"},"modified":"2025-05-06T09:17:24","modified_gmt":"2025-05-06T13:17:24","slug":"serum-de-croissance-pour-les-ongles","status":"publish","type":"product","link":"https:\/\/isadistribution.fr\/en\/produit\/serum-de-croissance-pour-les-ongles\/","title":{"rendered":"SERUM DE CROISSANCE POUR LES ONGLES 15 ML"},"content":{"rendered":"<p>P\u00e9n\u00e9tration et r\u00e9paration<br \/>\nLa texture l\u00e9g\u00e8re et facilement absorbante favorise la p\u00e9n\u00e9tration efficace des ingr\u00e9dients actifs dans les ongles et la peau, garantissant que chaque goutte d&#8217;essence est enti\u00e8rement absorb\u00e9e pour maximiser son efficacit\u00e9.<\/p>\n<p>Favoriser la croissance des ongles<br \/>\nLa biotine peut favoriser la production de prot\u00e9ines des ongles, aider \u00e0 la r\u00e9cup\u00e9ration des ongles et favoriser la production saine d&#8217;ongles droits, en restaurant leur \u00e9clat<\/p>\n<p>Renouvelle et renforce les ongles<\/p>\n<p>l&#8217;allanto\u00efne, la vitamine E et la nicotinamide<br \/>\nfavorise la r\u00e9g\u00e9n\u00e9ration cellulaire, r\u00e9pare les ongles ab\u00eem\u00e9s et am\u00e9liore la force et la sant\u00e9 des ongles.<\/p>\n<p>Croissance et force parfaites<br \/>\nEn seulement 5 \u00e0 7 jours, vous pouvez voir vos ongles passer de cassants \u00e0 r\u00e9sistants, vous emmenant dans un voyage de rajeunissement des ongles.<br \/>\nDe nombreux utilisateurs constatent des r\u00e9sultats significatifs d\u00e8s la premi\u00e8re semaine, les ongles devenant plus forts et plus sains.<\/p>\n<p>FICHE INCI :<\/p>\n<table cellspacing=\"0\" cellpadding=\"0\">\n<tbody>\n<tr>\n<td valign=\"bottom\">\n<p align=\"center\"><span style=\"color: #000000; font-family: Arial; font-size: small;\">EAU (AQUA)<\/span><\/p>\n<\/td>\n<\/tr>\n<tr>\n<td valign=\"bottom\">\n<p align=\"center\"><span style=\"color: #000000; font-family: Arial; font-size: small;\">GLYC\u00c9RINE<\/span><\/p>\n<\/td>\n<\/tr>\n<tr>\n<td valign=\"bottom\">\n<p align=\"center\"><span style=\"color: #000000; font-family: Arial; font-size: small;\">2,3-BUTANEDIOL<\/span><\/p>\n<\/td>\n<\/tr>\n<tr>\n<td valign=\"bottom\">\n<p align=\"center\"><span style=\"color: #000000; font-family: Arial; font-size: small;\">EXTRAIT DE CENTELLA ASIATICA<\/span><\/p>\n<\/td>\n<\/tr>\n<tr>\n<td valign=\"bottom\">\n<p align=\"center\"><span style=\"color: #000000; font-family: Arial; font-size: small;\">EAU DE FEUILLE D&#8217;ALOE BARBADENSIS<\/span><\/p>\n<\/td>\n<\/tr>\n<tr>\n<td valign=\"bottom\">\n<p align=\"center\"><span style=\"color: #000000; font-family: Arial; font-size: small;\">NIACINAMIDE<\/span><\/p>\n<\/td>\n<\/tr>\n<tr>\n<td valign=\"bottom\">\n<p align=\"center\"><span style=\"color: #000000; font-family: Arial; font-size: small;\">PHENOXYETHANOL<\/span><\/p>\n<\/td>\n<\/tr>\n<tr>\n<td valign=\"bottom\">\n<p align=\"center\"><span style=\"color: #000000; font-family: Arial; font-size: small;\">ARGININE<\/span><\/p>\n<\/td>\n<\/tr>\n<tr>\n<td valign=\"bottom\">\n<p align=\"center\"><span style=\"color: #000000; font-family: Arial; font-size: small;\">ALLANTOINE<\/span><\/p>\n<\/td>\n<\/tr>\n<tr>\n<td valign=\"bottom\">\n<p align=\"center\"><span style=\"color: #000000; font-family: Arial; font-size: small;\">CYCLOHEXANE<\/span><\/p>\n<\/td>\n<\/tr>\n<tr>\n<td valign=\"bottom\">\n<p align=\"center\"><span style=\"color: #000000; font-family: Arial; font-size: small;\">HUILE DE LAVANDULA ANGUSTIFOLIA<\/span><\/p>\n<\/td>\n<\/tr>\n<tr>\n<td valign=\"bottom\">\n<p align=\"center\"><span style=\"color: #000000; font-family: Arial; font-size: small;\">CHLORPH\u00c9NESINE<\/span><\/p>\n<\/td>\n<\/tr>\n<tr>\n<td valign=\"bottom\">\n<p align=\"center\"><span style=\"color: #000000; font-family: Arial; font-size: small;\">GOMME XANTHAN<\/span><\/p>\n<\/td>\n<\/tr>\n<tr>\n<td valign=\"bottom\">\n<p align=\"center\"><span style=\"color: #000000; font-family: Arial; font-size: small;\">HYALURONATE DE SODIUM<\/span><\/p>\n<\/td>\n<\/tr>\n<tr>\n<td valign=\"bottom\">\n<p align=\"center\"><span style=\"color: #000000; font-family: Arial; font-size: small;\">DISODIUM EDTA<\/span><\/p>\n<\/td>\n<\/tr>\n<tr>\n<td valign=\"bottom\">\n<p align=\"center\"><span style=\"color: #000000; font-family: Arial; font-size: small;\">1,2-HEXANEDIOL<\/span><\/p>\n<\/td>\n<\/tr>\n<tr>\n<td valign=\"bottom\">\n<p align=\"center\"><span style=\"color: #000000; font-family: Arial; font-size: small;\">HYDROXYAC\u00c9TOPH\u00c9NONE<\/span><\/p>\n<\/td>\n<\/tr>\n<tr>\n<td valign=\"bottom\">\n<p align=\"center\"><span style=\"color: #000000; font-family: Arial; font-size: small;\">\u00c9THYLHEXYLGLYC\u00c9RINE<\/span><\/p>\n<\/td>\n<\/tr>\n<tr>\n<td valign=\"bottom\">\n<p align=\"center\"><span style=\"color: #000000; font-family: Arial; font-size: small;\">UREA<\/span><\/p>\n<\/td>\n<\/tr>\n<tr>\n<td valign=\"bottom\">\n<p align=\"center\"><span style=\"color: #000000; font-family: Arial; font-size: small;\">AC\u00c9TATE DE TOCOPH\u00c9RYL<\/span><\/p>\n<\/td>\n<\/tr>\n<tr>\n<td valign=\"bottom\">\n<p align=\"center\"><span style=\"color: #000000; font-family: Arial; font-size: small;\">ACIDE CITRIQUE<\/span><\/p>\n<\/td>\n<\/tr>\n<tr>\n<td valign=\"bottom\">\n<p align=\"center\"><span style=\"color: #000000; font-family: Arial; font-size: small;\">PHOSPHATE DISODIQUE<\/span><\/p>\n<\/td>\n<\/tr>\n<tr>\n<td valign=\"bottom\">\n<p align=\"center\"><span style=\"color: #000000; font-family: Arial; font-size: small;\">BIOTINE<\/span><\/p>\n<\/td>\n<\/tr>\n<\/tbody>\n<\/table>\n<p>&nbsp;<\/p>\n","protected":false},"excerpt":{"rendered":"<p>P\u00e9n\u00e9tration et r\u00e9paration La texture l\u00e9g\u00e8re et facilement absorbante favorise la p\u00e9n\u00e9tration efficace des ingr\u00e9dients actifs dans les ongles et&hellip;<\/p>\n","protected":false},"featured_media":94837,"template":"","meta":{"_joinchat":[]},"product_brand":[],"product_cat":[947],"product_tag":[],"class_list":{"0":"post-94836","1":"product","2":"type-product","3":"status-publish","4":"has-post-thumbnail","6":"product_cat-soins","8":"first","9":"outofstock","10":"taxable","11":"shipping-taxable","12":"purchasable","13":"product-type-simple"},"yoast_head":"<!-- This site is optimized with the Yoast SEO plugin v27.2 - https:\/\/yoast.com\/product\/yoast-seo-wordpress\/ -->\n<title>SERUM DE CROISSANCE POUR LES ONGLES 15 ML &#8226;<\/title>\n<meta name=\"robots\" content=\"index, follow, max-snippet:-1, max-image-preview:large, max-video-preview:-1\" \/>\n<link rel=\"canonical\" href=\"https:\/\/isadistribution.fr\/produit\/serum-de-croissance-pour-les-ongles\/\" \/>\n<meta name=\"twitter:label1\" content=\"Est. reading time\" \/>\n\t<meta name=\"twitter:data1\" content=\"2 minutes\" \/>\n<script type=\"application\/ld+json\" class=\"yoast-schema-graph\">{\"@context\":\"https:\/\/schema.org\",\"@graph\":[{\"@type\":\"WebPage\",\"@id\":\"https:\/\/isadistribution.fr\/produit\/serum-de-croissance-pour-les-ongles\/\",\"url\":\"https:\/\/isadistribution.fr\/produit\/serum-de-croissance-pour-les-ongles\/\",\"name\":\"SERUM DE CROISSANCE POUR LES ONGLES 15 ML &#8226;\",\"isPartOf\":{\"@id\":\"https:\/\/isadistribution.fr\/#website\"},\"primaryImageOfPage\":{\"@id\":\"https:\/\/isadistribution.fr\/produit\/serum-de-croissance-pour-les-ongles\/#primaryimage\"},\"image\":{\"@id\":\"https:\/\/isadistribution.fr\/produit\/serum-de-croissance-pour-les-ongles\/#primaryimage\"},\"thumbnailUrl\":\"https:\/\/i0.wp.com\/isadistribution.fr\/wp-content\/uploads\/2025\/03\/SERUM-DE-CROISSANCE-.jpg?fit=1352%2C1010&ssl=1\",\"datePublished\":\"2025-03-10T22:41:53+00:00\",\"dateModified\":\"2025-05-06T13:17:24+00:00\",\"breadcrumb\":{\"@id\":\"https:\/\/isadistribution.fr\/produit\/serum-de-croissance-pour-les-ongles\/#breadcrumb\"},\"inLanguage\":\"en-US\",\"potentialAction\":[{\"@type\":\"ReadAction\",\"target\":[\"https:\/\/isadistribution.fr\/produit\/serum-de-croissance-pour-les-ongles\/\"]}]},{\"@type\":\"ImageObject\",\"inLanguage\":\"en-US\",\"@id\":\"https:\/\/isadistribution.fr\/produit\/serum-de-croissance-pour-les-ongles\/#primaryimage\",\"url\":\"https:\/\/i0.wp.com\/isadistribution.fr\/wp-content\/uploads\/2025\/03\/SERUM-DE-CROISSANCE-.jpg?fit=1352%2C1010&ssl=1\",\"contentUrl\":\"https:\/\/i0.wp.com\/isadistribution.fr\/wp-content\/uploads\/2025\/03\/SERUM-DE-CROISSANCE-.jpg?fit=1352%2C1010&ssl=1\",\"width\":1352,\"height\":1010},{\"@type\":\"BreadcrumbList\",\"@id\":\"https:\/\/isadistribution.fr\/produit\/serum-de-croissance-pour-les-ongles\/#breadcrumb\",\"itemListElement\":[{\"@type\":\"ListItem\",\"position\":1,\"name\":\"Home\",\"item\":\"https:\/\/isadistribution.fr\/en\/\"},{\"@type\":\"ListItem\",\"position\":2,\"name\":\"boutique\",\"item\":\"https:\/\/isadistribution.fr\/gel-de-construction\/boutique-4\/\"},{\"@type\":\"ListItem\",\"position\":3,\"name\":\"SERUM DE CROISSANCE POUR LES ONGLES 15 ML\"}]},{\"@type\":\"WebSite\",\"@id\":\"https:\/\/isadistribution.fr\/#website\",\"url\":\"https:\/\/isadistribution.fr\/\",\"name\":\"Isadistribution.fr\",\"description\":\"VOTRE R\u00c9F\u00c9RENCE PROFESSIONNELLE POUR LA BEAUT\u00c9 DES ONGLES \",\"publisher\":{\"@id\":\"https:\/\/isadistribution.fr\/#organization\"},\"potentialAction\":[{\"@type\":\"SearchAction\",\"target\":{\"@type\":\"EntryPoint\",\"urlTemplate\":\"https:\/\/isadistribution.fr\/?s={search_term_string}\"},\"query-input\":{\"@type\":\"PropertyValueSpecification\",\"valueRequired\":true,\"valueName\":\"search_term_string\"}}],\"inLanguage\":\"en-US\"},{\"@type\":\"Organization\",\"@id\":\"https:\/\/isadistribution.fr\/#organization\",\"name\":\"Isa Distribution\",\"url\":\"https:\/\/isadistribution.fr\/\",\"logo\":{\"@type\":\"ImageObject\",\"inLanguage\":\"en-US\",\"@id\":\"https:\/\/isadistribution.fr\/#\/schema\/logo\/image\/\",\"url\":\"https:\/\/i0.wp.com\/isadistribution.fr\/wp-content\/uploads\/2019\/05\/isa-logo1-01.png?fit=2180%2C2061&ssl=1\",\"contentUrl\":\"https:\/\/i0.wp.com\/isadistribution.fr\/wp-content\/uploads\/2019\/05\/isa-logo1-01.png?fit=2180%2C2061&ssl=1\",\"width\":2180,\"height\":2061,\"caption\":\"Isa Distribution\"},\"image\":{\"@id\":\"https:\/\/isadistribution.fr\/#\/schema\/logo\/image\/\"},\"sameAs\":[\"https:\/\/www.facebook.com\/ISA-Distribution-247007699149931\/\",\"https:\/\/www.instagram.com\/isa_distribution\/\",\"https:\/\/www.youtube.com\/channel\/UC0yHnCvIF7GN3j5MAHLb0yQ\"]}]}<\/script>\n<!-- \/ Yoast SEO plugin. -->","yoast_head_json":{"title":"SERUM DE CROISSANCE POUR LES ONGLES 15 ML &#8226;","robots":{"index":"index","follow":"follow","max-snippet":"max-snippet:-1","max-image-preview":"max-image-preview:large","max-video-preview":"max-video-preview:-1"},"canonical":"https:\/\/isadistribution.fr\/produit\/serum-de-croissance-pour-les-ongles\/","twitter_misc":{"Est. reading time":"2 minutes"},"schema":{"@context":"https:\/\/schema.org","@graph":[{"@type":"WebPage","@id":"https:\/\/isadistribution.fr\/produit\/serum-de-croissance-pour-les-ongles\/","url":"https:\/\/isadistribution.fr\/produit\/serum-de-croissance-pour-les-ongles\/","name":"SERUM DE CROISSANCE POUR LES ONGLES 15 ML &#8226;","isPartOf":{"@id":"https:\/\/isadistribution.fr\/#website"},"primaryImageOfPage":{"@id":"https:\/\/isadistribution.fr\/produit\/serum-de-croissance-pour-les-ongles\/#primaryimage"},"image":{"@id":"https:\/\/isadistribution.fr\/produit\/serum-de-croissance-pour-les-ongles\/#primaryimage"},"thumbnailUrl":"https:\/\/i0.wp.com\/isadistribution.fr\/wp-content\/uploads\/2025\/03\/SERUM-DE-CROISSANCE-.jpg?fit=1352%2C1010&ssl=1","datePublished":"2025-03-10T22:41:53+00:00","dateModified":"2025-05-06T13:17:24+00:00","breadcrumb":{"@id":"https:\/\/isadistribution.fr\/produit\/serum-de-croissance-pour-les-ongles\/#breadcrumb"},"inLanguage":"en-US","potentialAction":[{"@type":"ReadAction","target":["https:\/\/isadistribution.fr\/produit\/serum-de-croissance-pour-les-ongles\/"]}]},{"@type":"ImageObject","inLanguage":"en-US","@id":"https:\/\/isadistribution.fr\/produit\/serum-de-croissance-pour-les-ongles\/#primaryimage","url":"https:\/\/i0.wp.com\/isadistribution.fr\/wp-content\/uploads\/2025\/03\/SERUM-DE-CROISSANCE-.jpg?fit=1352%2C1010&ssl=1","contentUrl":"https:\/\/i0.wp.com\/isadistribution.fr\/wp-content\/uploads\/2025\/03\/SERUM-DE-CROISSANCE-.jpg?fit=1352%2C1010&ssl=1","width":1352,"height":1010},{"@type":"BreadcrumbList","@id":"https:\/\/isadistribution.fr\/produit\/serum-de-croissance-pour-les-ongles\/#breadcrumb","itemListElement":[{"@type":"ListItem","position":1,"name":"Home","item":"https:\/\/isadistribution.fr\/en\/"},{"@type":"ListItem","position":2,"name":"boutique","item":"https:\/\/isadistribution.fr\/gel-de-construction\/boutique-4\/"},{"@type":"ListItem","position":3,"name":"SERUM DE CROISSANCE POUR LES ONGLES 15 ML"}]},{"@type":"WebSite","@id":"https:\/\/isadistribution.fr\/#website","url":"https:\/\/isadistribution.fr\/","name":"Isadistribution.fr","description":"VOTRE R\u00c9F\u00c9RENCE PROFESSIONNELLE POUR LA BEAUT\u00c9 DES ONGLES ","publisher":{"@id":"https:\/\/isadistribution.fr\/#organization"},"potentialAction":[{"@type":"SearchAction","target":{"@type":"EntryPoint","urlTemplate":"https:\/\/isadistribution.fr\/?s={search_term_string}"},"query-input":{"@type":"PropertyValueSpecification","valueRequired":true,"valueName":"search_term_string"}}],"inLanguage":"en-US"},{"@type":"Organization","@id":"https:\/\/isadistribution.fr\/#organization","name":"Isa Distribution","url":"https:\/\/isadistribution.fr\/","logo":{"@type":"ImageObject","inLanguage":"en-US","@id":"https:\/\/isadistribution.fr\/#\/schema\/logo\/image\/","url":"https:\/\/i0.wp.com\/isadistribution.fr\/wp-content\/uploads\/2019\/05\/isa-logo1-01.png?fit=2180%2C2061&ssl=1","contentUrl":"https:\/\/i0.wp.com\/isadistribution.fr\/wp-content\/uploads\/2019\/05\/isa-logo1-01.png?fit=2180%2C2061&ssl=1","width":2180,"height":2061,"caption":"Isa Distribution"},"image":{"@id":"https:\/\/isadistribution.fr\/#\/schema\/logo\/image\/"},"sameAs":["https:\/\/www.facebook.com\/ISA-Distribution-247007699149931\/","https:\/\/www.instagram.com\/isa_distribution\/","https:\/\/www.youtube.com\/channel\/UC0yHnCvIF7GN3j5MAHLb0yQ"]}]}},"jetpack_likes_enabled":true,"jetpack_sharing_enabled":true,"jetpack-related-posts":[],"_links":{"self":[{"href":"https:\/\/isadistribution.fr\/en\/wp-json\/wp\/v2\/product\/94836","targetHints":{"allow":["GET"]}}],"collection":[{"href":"https:\/\/isadistribution.fr\/en\/wp-json\/wp\/v2\/product"}],"about":[{"href":"https:\/\/isadistribution.fr\/en\/wp-json\/wp\/v2\/types\/product"}],"version-history":[{"count":2,"href":"https:\/\/isadistribution.fr\/en\/wp-json\/wp\/v2\/product\/94836\/revisions"}],"predecessor-version":[{"id":94843,"href":"https:\/\/isadistribution.fr\/en\/wp-json\/wp\/v2\/product\/94836\/revisions\/94843"}],"wp:featuredmedia":[{"embeddable":true,"href":"https:\/\/isadistribution.fr\/en\/wp-json\/wp\/v2\/media\/94837"}],"wp:attachment":[{"href":"https:\/\/isadistribution.fr\/en\/wp-json\/wp\/v2\/media?parent=94836"}],"wp:term":[{"taxonomy":"product_brand","embeddable":true,"href":"https:\/\/isadistribution.fr\/en\/wp-json\/wp\/v2\/product_brand?post=94836"},{"taxonomy":"product_cat","embeddable":true,"href":"https:\/\/isadistribution.fr\/en\/wp-json\/wp\/v2\/product_cat?post=94836"},{"taxonomy":"product_tag","embeddable":true,"href":"https:\/\/isadistribution.fr\/en\/wp-json\/wp\/v2\/product_tag?post=94836"}],"curies":[{"name":"wp","href":"https:\/\/api.w.org\/{rel}","templated":true}]}}