{"id":93886,"date":"2024-11-22T21:30:01","date_gmt":"2024-11-23T01:30:01","guid":{"rendered":"https:\/\/isadistribution.fr\/?post_type=product&#038;p=93886"},"modified":"2026-04-04T19:02:30","modified_gmt":"2026-04-04T23:02:30","slug":"demi-popits-coffin","status":"publish","type":"product","link":"https:\/\/isadistribution.fr\/en\/produit\/demi-popits-coffin\/","title":{"rendered":"Demi popits coffin"},"content":{"rendered":"","protected":false},"excerpt":{"rendered":"","protected":false},"featured_media":99447,"template":"","meta":{"_joinchat":[]},"product_brand":[],"product_cat":[1804,772,898,1784,1783],"product_tag":[],"class_list":{"0":"post-93886","1":"product","2":"type-product","3":"status-publish","4":"has-post-thumbnail","6":"product_cat-accessoires-2","7":"product_cat-capsules","8":"product_cat-capsules-2","9":"product_cat-capsules-popits","10":"product_cat-popits","12":"first","13":"instock","14":"taxable","15":"shipping-taxable","16":"purchasable","17":"product-type-simple"},"yoast_head":"<!-- This site is optimized with the Yoast SEO plugin v27.2 - https:\/\/yoast.com\/product\/yoast-seo-wordpress\/ -->\n<title>Demi popits coffin &#8226;<\/title>\n<meta name=\"robots\" content=\"index, follow, max-snippet:-1, max-image-preview:large, max-video-preview:-1\" \/>\n<link rel=\"canonical\" href=\"https:\/\/isadistribution.fr\/produit\/demi-popits-coffin\/\" \/>\n<meta name=\"twitter:label1\" content=\"Est. reading time\" \/>\n\t<meta name=\"twitter:data1\" content=\"1 minute\" \/>\n<script type=\"application\/ld+json\" class=\"yoast-schema-graph\">{\"@context\":\"https:\/\/schema.org\",\"@graph\":[{\"@type\":\"WebPage\",\"@id\":\"https:\/\/isadistribution.fr\/produit\/demi-popits-coffin\/\",\"url\":\"https:\/\/isadistribution.fr\/produit\/demi-popits-coffin\/\",\"name\":\"Demi popits coffin &#8226;\",\"isPartOf\":{\"@id\":\"https:\/\/isadistribution.fr\/#website\"},\"primaryImageOfPage\":{\"@id\":\"https:\/\/isadistribution.fr\/produit\/demi-popits-coffin\/#primaryimage\"},\"image\":{\"@id\":\"https:\/\/isadistribution.fr\/produit\/demi-popits-coffin\/#primaryimage\"},\"thumbnailUrl\":\"https:\/\/i0.wp.com\/isadistribution.fr\/wp-content\/uploads\/2024\/11\/F5B0C1CA-6044-4949-B9B1-C76A28F5C032.png?fit=1227%2C1281&ssl=1\",\"datePublished\":\"2024-11-23T01:30:01+00:00\",\"dateModified\":\"2026-04-04T23:02:30+00:00\",\"breadcrumb\":{\"@id\":\"https:\/\/isadistribution.fr\/produit\/demi-popits-coffin\/#breadcrumb\"},\"inLanguage\":\"en-US\",\"potentialAction\":[{\"@type\":\"ReadAction\",\"target\":[\"https:\/\/isadistribution.fr\/produit\/demi-popits-coffin\/\"]}]},{\"@type\":\"ImageObject\",\"inLanguage\":\"en-US\",\"@id\":\"https:\/\/isadistribution.fr\/produit\/demi-popits-coffin\/#primaryimage\",\"url\":\"https:\/\/i0.wp.com\/isadistribution.fr\/wp-content\/uploads\/2024\/11\/F5B0C1CA-6044-4949-B9B1-C76A28F5C032.png?fit=1227%2C1281&ssl=1\",\"contentUrl\":\"https:\/\/i0.wp.com\/isadistribution.fr\/wp-content\/uploads\/2024\/11\/F5B0C1CA-6044-4949-B9B1-C76A28F5C032.png?fit=1227%2C1281&ssl=1\",\"width\":1227,\"height\":1281},{\"@type\":\"BreadcrumbList\",\"@id\":\"https:\/\/isadistribution.fr\/produit\/demi-popits-coffin\/#breadcrumb\",\"itemListElement\":[{\"@type\":\"ListItem\",\"position\":1,\"name\":\"Home\",\"item\":\"https:\/\/isadistribution.fr\/en\/\"},{\"@type\":\"ListItem\",\"position\":2,\"name\":\"boutique\",\"item\":\"https:\/\/isadistribution.fr\/gel-de-construction\/boutique-4\/\"},{\"@type\":\"ListItem\",\"position\":3,\"name\":\"Demi popits coffin\"}]},{\"@type\":\"WebSite\",\"@id\":\"https:\/\/isadistribution.fr\/#website\",\"url\":\"https:\/\/isadistribution.fr\/\",\"name\":\"Isadistribution.fr\",\"description\":\"VOTRE R\u00c9F\u00c9RENCE PROFESSIONNELLE POUR LA BEAUT\u00c9 DES ONGLES \",\"publisher\":{\"@id\":\"https:\/\/isadistribution.fr\/#organization\"},\"potentialAction\":[{\"@type\":\"SearchAction\",\"target\":{\"@type\":\"EntryPoint\",\"urlTemplate\":\"https:\/\/isadistribution.fr\/?s={search_term_string}\"},\"query-input\":{\"@type\":\"PropertyValueSpecification\",\"valueRequired\":true,\"valueName\":\"search_term_string\"}}],\"inLanguage\":\"en-US\"},{\"@type\":\"Organization\",\"@id\":\"https:\/\/isadistribution.fr\/#organization\",\"name\":\"Isa Distribution\",\"url\":\"https:\/\/isadistribution.fr\/\",\"logo\":{\"@type\":\"ImageObject\",\"inLanguage\":\"en-US\",\"@id\":\"https:\/\/isadistribution.fr\/#\/schema\/logo\/image\/\",\"url\":\"https:\/\/i0.wp.com\/isadistribution.fr\/wp-content\/uploads\/2019\/05\/isa-logo1-01.png?fit=2180%2C2061&ssl=1\",\"contentUrl\":\"https:\/\/i0.wp.com\/isadistribution.fr\/wp-content\/uploads\/2019\/05\/isa-logo1-01.png?fit=2180%2C2061&ssl=1\",\"width\":2180,\"height\":2061,\"caption\":\"Isa Distribution\"},\"image\":{\"@id\":\"https:\/\/isadistribution.fr\/#\/schema\/logo\/image\/\"},\"sameAs\":[\"https:\/\/www.facebook.com\/ISA-Distribution-247007699149931\/\",\"https:\/\/www.instagram.com\/isa_distribution\/\",\"https:\/\/www.youtube.com\/channel\/UC0yHnCvIF7GN3j5MAHLb0yQ\"]}]}<\/script>\n<!-- \/ Yoast SEO plugin. -->","yoast_head_json":{"title":"Demi popits coffin &#8226;","robots":{"index":"index","follow":"follow","max-snippet":"max-snippet:-1","max-image-preview":"max-image-preview:large","max-video-preview":"max-video-preview:-1"},"canonical":"https:\/\/isadistribution.fr\/produit\/demi-popits-coffin\/","twitter_misc":{"Est. reading time":"1 minute"},"schema":{"@context":"https:\/\/schema.org","@graph":[{"@type":"WebPage","@id":"https:\/\/isadistribution.fr\/produit\/demi-popits-coffin\/","url":"https:\/\/isadistribution.fr\/produit\/demi-popits-coffin\/","name":"Demi popits coffin &#8226;","isPartOf":{"@id":"https:\/\/isadistribution.fr\/#website"},"primaryImageOfPage":{"@id":"https:\/\/isadistribution.fr\/produit\/demi-popits-coffin\/#primaryimage"},"image":{"@id":"https:\/\/isadistribution.fr\/produit\/demi-popits-coffin\/#primaryimage"},"thumbnailUrl":"https:\/\/i0.wp.com\/isadistribution.fr\/wp-content\/uploads\/2024\/11\/F5B0C1CA-6044-4949-B9B1-C76A28F5C032.png?fit=1227%2C1281&ssl=1","datePublished":"2024-11-23T01:30:01+00:00","dateModified":"2026-04-04T23:02:30+00:00","breadcrumb":{"@id":"https:\/\/isadistribution.fr\/produit\/demi-popits-coffin\/#breadcrumb"},"inLanguage":"en-US","potentialAction":[{"@type":"ReadAction","target":["https:\/\/isadistribution.fr\/produit\/demi-popits-coffin\/"]}]},{"@type":"ImageObject","inLanguage":"en-US","@id":"https:\/\/isadistribution.fr\/produit\/demi-popits-coffin\/#primaryimage","url":"https:\/\/i0.wp.com\/isadistribution.fr\/wp-content\/uploads\/2024\/11\/F5B0C1CA-6044-4949-B9B1-C76A28F5C032.png?fit=1227%2C1281&ssl=1","contentUrl":"https:\/\/i0.wp.com\/isadistribution.fr\/wp-content\/uploads\/2024\/11\/F5B0C1CA-6044-4949-B9B1-C76A28F5C032.png?fit=1227%2C1281&ssl=1","width":1227,"height":1281},{"@type":"BreadcrumbList","@id":"https:\/\/isadistribution.fr\/produit\/demi-popits-coffin\/#breadcrumb","itemListElement":[{"@type":"ListItem","position":1,"name":"Home","item":"https:\/\/isadistribution.fr\/en\/"},{"@type":"ListItem","position":2,"name":"boutique","item":"https:\/\/isadistribution.fr\/gel-de-construction\/boutique-4\/"},{"@type":"ListItem","position":3,"name":"Demi popits coffin"}]},{"@type":"WebSite","@id":"https:\/\/isadistribution.fr\/#website","url":"https:\/\/isadistribution.fr\/","name":"Isadistribution.fr","description":"VOTRE R\u00c9F\u00c9RENCE PROFESSIONNELLE POUR LA BEAUT\u00c9 DES ONGLES ","publisher":{"@id":"https:\/\/isadistribution.fr\/#organization"},"potentialAction":[{"@type":"SearchAction","target":{"@type":"EntryPoint","urlTemplate":"https:\/\/isadistribution.fr\/?s={search_term_string}"},"query-input":{"@type":"PropertyValueSpecification","valueRequired":true,"valueName":"search_term_string"}}],"inLanguage":"en-US"},{"@type":"Organization","@id":"https:\/\/isadistribution.fr\/#organization","name":"Isa Distribution","url":"https:\/\/isadistribution.fr\/","logo":{"@type":"ImageObject","inLanguage":"en-US","@id":"https:\/\/isadistribution.fr\/#\/schema\/logo\/image\/","url":"https:\/\/i0.wp.com\/isadistribution.fr\/wp-content\/uploads\/2019\/05\/isa-logo1-01.png?fit=2180%2C2061&ssl=1","contentUrl":"https:\/\/i0.wp.com\/isadistribution.fr\/wp-content\/uploads\/2019\/05\/isa-logo1-01.png?fit=2180%2C2061&ssl=1","width":2180,"height":2061,"caption":"Isa Distribution"},"image":{"@id":"https:\/\/isadistribution.fr\/#\/schema\/logo\/image\/"},"sameAs":["https:\/\/www.facebook.com\/ISA-Distribution-247007699149931\/","https:\/\/www.instagram.com\/isa_distribution\/","https:\/\/www.youtube.com\/channel\/UC0yHnCvIF7GN3j5MAHLb0yQ"]}]}},"jetpack_likes_enabled":true,"jetpack_sharing_enabled":true,"jetpack-related-posts":[],"_links":{"self":[{"href":"https:\/\/isadistribution.fr\/en\/wp-json\/wp\/v2\/product\/93886","targetHints":{"allow":["GET"]}}],"collection":[{"href":"https:\/\/isadistribution.fr\/en\/wp-json\/wp\/v2\/product"}],"about":[{"href":"https:\/\/isadistribution.fr\/en\/wp-json\/wp\/v2\/types\/product"}],"version-history":[{"count":1,"href":"https:\/\/isadistribution.fr\/en\/wp-json\/wp\/v2\/product\/93886\/revisions"}],"predecessor-version":[{"id":93889,"href":"https:\/\/isadistribution.fr\/en\/wp-json\/wp\/v2\/product\/93886\/revisions\/93889"}],"wp:featuredmedia":[{"embeddable":true,"href":"https:\/\/isadistribution.fr\/en\/wp-json\/wp\/v2\/media\/99447"}],"wp:attachment":[{"href":"https:\/\/isadistribution.fr\/en\/wp-json\/wp\/v2\/media?parent=93886"}],"wp:term":[{"taxonomy":"product_brand","embeddable":true,"href":"https:\/\/isadistribution.fr\/en\/wp-json\/wp\/v2\/product_brand?post=93886"},{"taxonomy":"product_cat","embeddable":true,"href":"https:\/\/isadistribution.fr\/en\/wp-json\/wp\/v2\/product_cat?post=93886"},{"taxonomy":"product_tag","embeddable":true,"href":"https:\/\/isadistribution.fr\/en\/wp-json\/wp\/v2\/product_tag?post=93886"}],"curies":[{"name":"wp","href":"https:\/\/api.w.org\/{rel}","templated":true}]}}