{"id":93650,"date":"2024-10-28T11:57:33","date_gmt":"2024-10-28T15:57:33","guid":{"rendered":"https:\/\/isadistribution.fr\/?post_type=product&#038;p=93650"},"modified":"2025-11-16T09:55:09","modified_gmt":"2025-11-16T13:55:09","slug":"formation-debutant-basic-class-gel-chablon-capsules-3-jours","status":"publish","type":"product","link":"https:\/\/isadistribution.fr\/en\/produit\/formation-debutant-basic-class-gel-chablon-capsules-3-jours\/","title":{"rendered":"FORMATION D\u00c9BUTANT  BASIC CLASS GEL &#8211; CHABLON &#038; CAPSULES  (3 JOURS) 24 AU 26 Novembre  2025"},"content":{"rendered":"<p><strong>Jour 1<\/strong><\/p>\n<p>Matin 9h \u2013 12h30<\/p>\n<p>Le<b> m\u00e9tier de proth\u00e9siste ongulaire<\/b><\/p>\n<ul>\n<li><b>Qu\u2019est-ce qu\u2019une proth\u00e9siste ongulaire ?<\/b><\/li>\n<li><b>Qualit\u00e9s essentielles et comp\u00e9tences requises pour devenir proth\u00e9siste ongulaire.<\/b><\/li>\n<li><b>Relation client\u00e8le<\/b><\/li>\n<li><b>L\u00e9gislation<\/b><\/li>\n<li><b>Hygi\u00e8ne et r\u00e8gles \u00e0 suivre \u00a0<\/b><\/li>\n<li><b>Dermatologie, allergie et maladies des ongles\u00a0<\/b><\/li>\n<li><b>Ce que les anomalies des ongles disent au sujet de votre sant\u00e9<\/b><\/li>\n<li><b>Anatomie des ongles \u00a0<\/b><\/li>\n<\/ul>\n<p>Apres-midi 13h30 \u2013 16h00<\/p>\n<ul>\n<li><b>Pr\u00e9sentation et connaissance des produits de la gamme Isa Distribution<\/b><\/li>\n<li><b>Pr\u00e9paration de l\u2019ongle\u00a0<\/b><\/li>\n<li><b>M\u00e9thode d\u2019extension de gel uv led au Chablon et Capsules<\/b><\/li>\n<li><b>Application du Protocole : de la pr\u00e9paration\u00a0\u00e0 l\u2019extension<\/b><\/li>\n<li><b>D\u00e9monstration<\/b><\/li>\n<li><b>Le limage : technique pour un limage parfait.<\/b><\/li>\n<\/ul>\n<p><strong>Jour 2<\/strong><\/p>\n<p>Matin 9h \u2013 12h30<\/p>\n<ul>\n<li><b>Mise en pratique sur votre main\u00a0<\/b><\/li>\n<li><b>L\u2019utilisation de la\u00a0ponceuse : \u00a0\u00bb la\u00a0pr\u00e9paration de l\u2019ongle : Perfect Base\u00a0\u00bb<\/b><\/li>\n<li><b>Entrainement : Pose compl\u00e8te de gel sur\u00a0chablon \/ capsules &amp; Limage\u00a0<\/b><\/li>\n<li><b>Les diff\u00e9rentes formes d\u2019ongles : C\u00a0curve- coffin- amande &#8211; carr\u00e9\u00a0<\/b><\/li>\n<li>Apres-midi 13h30 \u2013 16h00<\/li>\n<li><b>Technique\u00a0d\u2019application du vernis semi-permanent<\/b><\/li>\n<li><b>Finition\u00a0<\/b><\/li>\n<\/ul>\n<div><\/div>\n<ul>\n<li><b>D\u00e9pose\u00a0<\/b><\/li>\n<li><b>Des conseils pour r\u00e9ussir au mieux dans ce m\u00e9tier .\u00a0<\/b><\/li>\n<\/ul>\n<div><b>Jour 3<\/b><\/div>\n<p>Demi- journ\u00e9e ( 9h00 \u2013 13h00)<\/p>\n<ul>\n<li><b>Examen Pratique et th\u00e9orique<\/b><\/li>\n<li><b>Remise de Certificat<\/b><b>\u00a0et attestation de formation<\/b><\/li>\n<\/ul>\n<div><b>TARIF : 890\u20ac<\/b><\/div>\n<div><b><strong><a href=\"\/?product_cat=paiements-formations\">PAIEMENT FORMATION 4X SANS FRAIS<\/a><\/strong><\/b><\/div>\n<div>TOUT LE MATERIEL VOUS SERA FOURNIS PENDANT LA FORMATION Vous pourrez repartir avec un package standard ( ph bond- primer-base gel de construction<br \/>\n<b>\u00a0et limes usag\u00e9es)<\/b><\/div>\n<p>&nbsp;<\/p>\n<p><b>Un service de boissons fraiches et boissons chaudes ( caf\u00e9, chocolat, th\u00e9) et Collations sont OFFERTS durant la formation<\/b><\/p>\n<p>&nbsp;<\/p>\n<div><\/div>\n<div>\n<p>INSCRIPTION PAR MAIL :\u00a0\u00a0<a href=\"mailto:isa.fashion@hotmail.fr\" target=\"_blank\" rel=\"noopener\">isa.fashion@hotmail.fr<\/a><\/p>\n<\/div>\n","protected":false},"excerpt":{"rendered":"<p>Jour 1 Matin 9h \u2013 12h30 Le m\u00e9tier de proth\u00e9siste ongulaire Qu\u2019est-ce qu\u2019une proth\u00e9siste ongulaire ? Qualit\u00e9s essentielles et comp\u00e9tences&hellip;<\/p>\n","protected":false},"featured_media":91642,"template":"","meta":{"_joinchat":[]},"product_brand":[],"product_cat":[1046,325],"product_tag":[],"class_list":{"0":"post-93650","1":"product","2":"type-product","3":"status-publish","4":"has-post-thumbnail","6":"product_cat-formation","7":"product_cat-non-classe","9":"first","10":"outofstock","11":"purchasable","12":"product-type-simple"},"yoast_head":"<!-- This site is optimized with the Yoast SEO plugin v27.2 - https:\/\/yoast.com\/product\/yoast-seo-wordpress\/ -->\n<title>FORMATION D\u00c9BUTANT BASIC CLASS GEL - CHABLON &amp; CAPSULES (3 JOURS) 24 AU 26 Novembre 2025 &#8226;<\/title>\n<meta name=\"robots\" content=\"index, follow, max-snippet:-1, max-image-preview:large, max-video-preview:-1\" \/>\n<link rel=\"canonical\" href=\"https:\/\/isadistribution.fr\/produit\/formation-debutant-basic-class-gel-chablon-capsules-3-jours\/\" \/>\n<meta name=\"twitter:label1\" content=\"Est. reading time\" \/>\n\t<meta name=\"twitter:data1\" content=\"2 minutes\" \/>\n<script type=\"application\/ld+json\" class=\"yoast-schema-graph\">{\"@context\":\"https:\/\/schema.org\",\"@graph\":[{\"@type\":\"WebPage\",\"@id\":\"https:\/\/isadistribution.fr\/produit\/formation-debutant-basic-class-gel-chablon-capsules-3-jours\/\",\"url\":\"https:\/\/isadistribution.fr\/produit\/formation-debutant-basic-class-gel-chablon-capsules-3-jours\/\",\"name\":\"FORMATION D\u00c9BUTANT BASIC CLASS GEL - CHABLON & CAPSULES (3 JOURS) 24 AU 26 Novembre 2025 &#8226;\",\"isPartOf\":{\"@id\":\"https:\/\/isadistribution.fr\/#website\"},\"primaryImageOfPage\":{\"@id\":\"https:\/\/isadistribution.fr\/produit\/formation-debutant-basic-class-gel-chablon-capsules-3-jours\/#primaryimage\"},\"image\":{\"@id\":\"https:\/\/isadistribution.fr\/produit\/formation-debutant-basic-class-gel-chablon-capsules-3-jours\/#primaryimage\"},\"thumbnailUrl\":\"https:\/\/i0.wp.com\/isadistribution.fr\/wp-content\/uploads\/2024\/04\/IMG_8151-scaled.jpg?fit=1920%2C2560&ssl=1\",\"datePublished\":\"2024-10-28T15:57:33+00:00\",\"dateModified\":\"2025-11-16T13:55:09+00:00\",\"breadcrumb\":{\"@id\":\"https:\/\/isadistribution.fr\/produit\/formation-debutant-basic-class-gel-chablon-capsules-3-jours\/#breadcrumb\"},\"inLanguage\":\"en-US\",\"potentialAction\":[{\"@type\":\"ReadAction\",\"target\":[\"https:\/\/isadistribution.fr\/produit\/formation-debutant-basic-class-gel-chablon-capsules-3-jours\/\"]}]},{\"@type\":\"ImageObject\",\"inLanguage\":\"en-US\",\"@id\":\"https:\/\/isadistribution.fr\/produit\/formation-debutant-basic-class-gel-chablon-capsules-3-jours\/#primaryimage\",\"url\":\"https:\/\/i0.wp.com\/isadistribution.fr\/wp-content\/uploads\/2024\/04\/IMG_8151-scaled.jpg?fit=1920%2C2560&ssl=1\",\"contentUrl\":\"https:\/\/i0.wp.com\/isadistribution.fr\/wp-content\/uploads\/2024\/04\/IMG_8151-scaled.jpg?fit=1920%2C2560&ssl=1\",\"width\":1920,\"height\":2560},{\"@type\":\"BreadcrumbList\",\"@id\":\"https:\/\/isadistribution.fr\/produit\/formation-debutant-basic-class-gel-chablon-capsules-3-jours\/#breadcrumb\",\"itemListElement\":[{\"@type\":\"ListItem\",\"position\":1,\"name\":\"Home\",\"item\":\"https:\/\/isadistribution.fr\/en\/\"},{\"@type\":\"ListItem\",\"position\":2,\"name\":\"boutique\",\"item\":\"https:\/\/isadistribution.fr\/gel-de-construction\/boutique-4\/\"},{\"@type\":\"ListItem\",\"position\":3,\"name\":\"FORMATION D\u00c9BUTANT BASIC CLASS GEL &#8211; CHABLON &#038; CAPSULES (3 JOURS) 24 AU 26 Novembre 2025\"}]},{\"@type\":\"WebSite\",\"@id\":\"https:\/\/isadistribution.fr\/#website\",\"url\":\"https:\/\/isadistribution.fr\/\",\"name\":\"Isadistribution.fr\",\"description\":\"VOTRE R\u00c9F\u00c9RENCE PROFESSIONNELLE POUR LA BEAUT\u00c9 DES ONGLES \",\"publisher\":{\"@id\":\"https:\/\/isadistribution.fr\/#organization\"},\"potentialAction\":[{\"@type\":\"SearchAction\",\"target\":{\"@type\":\"EntryPoint\",\"urlTemplate\":\"https:\/\/isadistribution.fr\/?s={search_term_string}\"},\"query-input\":{\"@type\":\"PropertyValueSpecification\",\"valueRequired\":true,\"valueName\":\"search_term_string\"}}],\"inLanguage\":\"en-US\"},{\"@type\":\"Organization\",\"@id\":\"https:\/\/isadistribution.fr\/#organization\",\"name\":\"Isa Distribution\",\"url\":\"https:\/\/isadistribution.fr\/\",\"logo\":{\"@type\":\"ImageObject\",\"inLanguage\":\"en-US\",\"@id\":\"https:\/\/isadistribution.fr\/#\/schema\/logo\/image\/\",\"url\":\"https:\/\/i0.wp.com\/isadistribution.fr\/wp-content\/uploads\/2019\/05\/isa-logo1-01.png?fit=2180%2C2061&ssl=1\",\"contentUrl\":\"https:\/\/i0.wp.com\/isadistribution.fr\/wp-content\/uploads\/2019\/05\/isa-logo1-01.png?fit=2180%2C2061&ssl=1\",\"width\":2180,\"height\":2061,\"caption\":\"Isa Distribution\"},\"image\":{\"@id\":\"https:\/\/isadistribution.fr\/#\/schema\/logo\/image\/\"},\"sameAs\":[\"https:\/\/www.facebook.com\/ISA-Distribution-247007699149931\/\",\"https:\/\/www.instagram.com\/isa_distribution\/\",\"https:\/\/www.youtube.com\/channel\/UC0yHnCvIF7GN3j5MAHLb0yQ\"]}]}<\/script>\n<!-- \/ Yoast SEO plugin. -->","yoast_head_json":{"title":"FORMATION D\u00c9BUTANT BASIC CLASS GEL - CHABLON & CAPSULES (3 JOURS) 24 AU 26 Novembre 2025 &#8226;","robots":{"index":"index","follow":"follow","max-snippet":"max-snippet:-1","max-image-preview":"max-image-preview:large","max-video-preview":"max-video-preview:-1"},"canonical":"https:\/\/isadistribution.fr\/produit\/formation-debutant-basic-class-gel-chablon-capsules-3-jours\/","twitter_misc":{"Est. reading time":"2 minutes"},"schema":{"@context":"https:\/\/schema.org","@graph":[{"@type":"WebPage","@id":"https:\/\/isadistribution.fr\/produit\/formation-debutant-basic-class-gel-chablon-capsules-3-jours\/","url":"https:\/\/isadistribution.fr\/produit\/formation-debutant-basic-class-gel-chablon-capsules-3-jours\/","name":"FORMATION D\u00c9BUTANT BASIC CLASS GEL - CHABLON & CAPSULES (3 JOURS) 24 AU 26 Novembre 2025 &#8226;","isPartOf":{"@id":"https:\/\/isadistribution.fr\/#website"},"primaryImageOfPage":{"@id":"https:\/\/isadistribution.fr\/produit\/formation-debutant-basic-class-gel-chablon-capsules-3-jours\/#primaryimage"},"image":{"@id":"https:\/\/isadistribution.fr\/produit\/formation-debutant-basic-class-gel-chablon-capsules-3-jours\/#primaryimage"},"thumbnailUrl":"https:\/\/i0.wp.com\/isadistribution.fr\/wp-content\/uploads\/2024\/04\/IMG_8151-scaled.jpg?fit=1920%2C2560&ssl=1","datePublished":"2024-10-28T15:57:33+00:00","dateModified":"2025-11-16T13:55:09+00:00","breadcrumb":{"@id":"https:\/\/isadistribution.fr\/produit\/formation-debutant-basic-class-gel-chablon-capsules-3-jours\/#breadcrumb"},"inLanguage":"en-US","potentialAction":[{"@type":"ReadAction","target":["https:\/\/isadistribution.fr\/produit\/formation-debutant-basic-class-gel-chablon-capsules-3-jours\/"]}]},{"@type":"ImageObject","inLanguage":"en-US","@id":"https:\/\/isadistribution.fr\/produit\/formation-debutant-basic-class-gel-chablon-capsules-3-jours\/#primaryimage","url":"https:\/\/i0.wp.com\/isadistribution.fr\/wp-content\/uploads\/2024\/04\/IMG_8151-scaled.jpg?fit=1920%2C2560&ssl=1","contentUrl":"https:\/\/i0.wp.com\/isadistribution.fr\/wp-content\/uploads\/2024\/04\/IMG_8151-scaled.jpg?fit=1920%2C2560&ssl=1","width":1920,"height":2560},{"@type":"BreadcrumbList","@id":"https:\/\/isadistribution.fr\/produit\/formation-debutant-basic-class-gel-chablon-capsules-3-jours\/#breadcrumb","itemListElement":[{"@type":"ListItem","position":1,"name":"Home","item":"https:\/\/isadistribution.fr\/en\/"},{"@type":"ListItem","position":2,"name":"boutique","item":"https:\/\/isadistribution.fr\/gel-de-construction\/boutique-4\/"},{"@type":"ListItem","position":3,"name":"FORMATION D\u00c9BUTANT BASIC CLASS GEL &#8211; CHABLON &#038; CAPSULES (3 JOURS) 24 AU 26 Novembre 2025"}]},{"@type":"WebSite","@id":"https:\/\/isadistribution.fr\/#website","url":"https:\/\/isadistribution.fr\/","name":"Isadistribution.fr","description":"VOTRE R\u00c9F\u00c9RENCE PROFESSIONNELLE POUR LA BEAUT\u00c9 DES ONGLES ","publisher":{"@id":"https:\/\/isadistribution.fr\/#organization"},"potentialAction":[{"@type":"SearchAction","target":{"@type":"EntryPoint","urlTemplate":"https:\/\/isadistribution.fr\/?s={search_term_string}"},"query-input":{"@type":"PropertyValueSpecification","valueRequired":true,"valueName":"search_term_string"}}],"inLanguage":"en-US"},{"@type":"Organization","@id":"https:\/\/isadistribution.fr\/#organization","name":"Isa Distribution","url":"https:\/\/isadistribution.fr\/","logo":{"@type":"ImageObject","inLanguage":"en-US","@id":"https:\/\/isadistribution.fr\/#\/schema\/logo\/image\/","url":"https:\/\/i0.wp.com\/isadistribution.fr\/wp-content\/uploads\/2019\/05\/isa-logo1-01.png?fit=2180%2C2061&ssl=1","contentUrl":"https:\/\/i0.wp.com\/isadistribution.fr\/wp-content\/uploads\/2019\/05\/isa-logo1-01.png?fit=2180%2C2061&ssl=1","width":2180,"height":2061,"caption":"Isa Distribution"},"image":{"@id":"https:\/\/isadistribution.fr\/#\/schema\/logo\/image\/"},"sameAs":["https:\/\/www.facebook.com\/ISA-Distribution-247007699149931\/","https:\/\/www.instagram.com\/isa_distribution\/","https:\/\/www.youtube.com\/channel\/UC0yHnCvIF7GN3j5MAHLb0yQ"]}]}},"jetpack_likes_enabled":true,"jetpack_sharing_enabled":true,"jetpack-related-posts":[],"_links":{"self":[{"href":"https:\/\/isadistribution.fr\/en\/wp-json\/wp\/v2\/product\/93650","targetHints":{"allow":["GET"]}}],"collection":[{"href":"https:\/\/isadistribution.fr\/en\/wp-json\/wp\/v2\/product"}],"about":[{"href":"https:\/\/isadistribution.fr\/en\/wp-json\/wp\/v2\/types\/product"}],"version-history":[{"count":2,"href":"https:\/\/isadistribution.fr\/en\/wp-json\/wp\/v2\/product\/93650\/revisions"}],"predecessor-version":[{"id":97260,"href":"https:\/\/isadistribution.fr\/en\/wp-json\/wp\/v2\/product\/93650\/revisions\/97260"}],"wp:featuredmedia":[{"embeddable":true,"href":"https:\/\/isadistribution.fr\/en\/wp-json\/wp\/v2\/media\/91642"}],"wp:attachment":[{"href":"https:\/\/isadistribution.fr\/en\/wp-json\/wp\/v2\/media?parent=93650"}],"wp:term":[{"taxonomy":"product_brand","embeddable":true,"href":"https:\/\/isadistribution.fr\/en\/wp-json\/wp\/v2\/product_brand?post=93650"},{"taxonomy":"product_cat","embeddable":true,"href":"https:\/\/isadistribution.fr\/en\/wp-json\/wp\/v2\/product_cat?post=93650"},{"taxonomy":"product_tag","embeddable":true,"href":"https:\/\/isadistribution.fr\/en\/wp-json\/wp\/v2\/product_tag?post=93650"}],"curies":[{"name":"wp","href":"https:\/\/api.w.org\/{rel}","templated":true}]}}