{"id":93328,"date":"2024-09-20T09:07:44","date_gmt":"2024-09-20T13:07:44","guid":{"rendered":"https:\/\/isadistribution.fr\/?post_type=product&#038;p=93328"},"modified":"2026-02-04T13:28:07","modified_gmt":"2026-02-04T17:28:07","slug":"formation-gel-x","status":"publish","type":"product","link":"https:\/\/isadistribution.fr\/en\/produit\/formation-gel-x\/","title":{"rendered":"FORMATION GEL X DU 5 F\u00e9vrier  2026"},"content":{"rendered":"<p>Il s&#8217;agit d&#8217;un programme visant a la r\u00e9alisation parfaite d&#8217;une pose GEL X , en passant par la manucure russe , la pr\u00e9paration des cuticules avec notre box soins , l&#8217;utilisation de la ponceuse , les \u00e9tapes clefs du protocole afin d&#8217;assurer une excellente tenue de la pose GEL X .<\/p>\n<p>Lors de cette formation nous verrons l&#8217;application du Art gel \u00a0Nous verrons l&#8217;application parfaite du vernis semi-permanent &#8211; mais aussi la French manucure en Nail art<\/p>\n<p>Pour finaliser cette formation nous verrons la fleur 4D \u00a0.<\/p>\n<p>Payable en 4 fois sans frais.<\/p>\n<p>\/ NOUVELLE DATE : 5 f\u00e9vrier 2026 \u00a0DE 9H \u00e0 16H AVEC UNE PAUSE D\u00c9JEUNER D&#8217;UNE HEURE ENTRE 12H ET 13H.<\/p>\n<p>Attention il n&#8217;est pas possible de d\u00e9jeuner en salle de formation ou de rester seule durant la pose d\u00e9jeuner.<\/p>\n<p>LES ENREGISTREMENTS DE LA FORMATION NE SONT PAS AUTORIS\u00c9S.<\/p>\n","protected":false},"excerpt":{"rendered":"<p>Il s&#8217;agit d&#8217;un programme visant a la r\u00e9alisation parfaite d&#8217;une pose GEL X , en passant par la manucure russe&hellip;<\/p>\n","protected":false},"featured_media":96582,"template":"","meta":{"_joinchat":[]},"product_brand":[],"product_cat":[325],"product_tag":[],"class_list":{"0":"post-93328","1":"product","2":"type-product","3":"status-publish","4":"has-post-thumbnail","6":"product_cat-non-classe","8":"first","9":"outofstock","10":"sale","11":"purchasable","12":"product-type-simple"},"yoast_head":"<!-- This site is optimized with the Yoast SEO plugin v27.2 - https:\/\/yoast.com\/product\/yoast-seo-wordpress\/ -->\n<title>FORMATION GEL X DU 5 F\u00e9vrier 2026 &#8226;<\/title>\n<meta name=\"robots\" content=\"index, follow, max-snippet:-1, max-image-preview:large, max-video-preview:-1\" \/>\n<link rel=\"canonical\" href=\"https:\/\/isadistribution.fr\/produit\/formation-gel-x\/\" \/>\n<meta name=\"twitter:label1\" content=\"Est. reading time\" \/>\n\t<meta name=\"twitter:data1\" content=\"1 minute\" \/>\n<script type=\"application\/ld+json\" class=\"yoast-schema-graph\">{\"@context\":\"https:\/\/schema.org\",\"@graph\":[{\"@type\":\"WebPage\",\"@id\":\"https:\/\/isadistribution.fr\/produit\/formation-gel-x\/\",\"url\":\"https:\/\/isadistribution.fr\/produit\/formation-gel-x\/\",\"name\":\"FORMATION GEL X DU 5 F\u00e9vrier 2026 &#8226;\",\"isPartOf\":{\"@id\":\"https:\/\/isadistribution.fr\/#website\"},\"primaryImageOfPage\":{\"@id\":\"https:\/\/isadistribution.fr\/produit\/formation-gel-x\/#primaryimage\"},\"image\":{\"@id\":\"https:\/\/isadistribution.fr\/produit\/formation-gel-x\/#primaryimage\"},\"thumbnailUrl\":\"https:\/\/i0.wp.com\/isadistribution.fr\/wp-content\/uploads\/2024\/09\/IMG_3042.jpg?fit=1033%2C1291&ssl=1\",\"datePublished\":\"2024-09-20T13:07:44+00:00\",\"dateModified\":\"2026-02-04T17:28:07+00:00\",\"breadcrumb\":{\"@id\":\"https:\/\/isadistribution.fr\/produit\/formation-gel-x\/#breadcrumb\"},\"inLanguage\":\"en-US\",\"potentialAction\":[{\"@type\":\"ReadAction\",\"target\":[\"https:\/\/isadistribution.fr\/produit\/formation-gel-x\/\"]}]},{\"@type\":\"ImageObject\",\"inLanguage\":\"en-US\",\"@id\":\"https:\/\/isadistribution.fr\/produit\/formation-gel-x\/#primaryimage\",\"url\":\"https:\/\/i0.wp.com\/isadistribution.fr\/wp-content\/uploads\/2024\/09\/IMG_3042.jpg?fit=1033%2C1291&ssl=1\",\"contentUrl\":\"https:\/\/i0.wp.com\/isadistribution.fr\/wp-content\/uploads\/2024\/09\/IMG_3042.jpg?fit=1033%2C1291&ssl=1\",\"width\":1033,\"height\":1291},{\"@type\":\"BreadcrumbList\",\"@id\":\"https:\/\/isadistribution.fr\/produit\/formation-gel-x\/#breadcrumb\",\"itemListElement\":[{\"@type\":\"ListItem\",\"position\":1,\"name\":\"Home\",\"item\":\"https:\/\/isadistribution.fr\/en\/\"},{\"@type\":\"ListItem\",\"position\":2,\"name\":\"boutique\",\"item\":\"https:\/\/isadistribution.fr\/gel-de-construction\/boutique-4\/\"},{\"@type\":\"ListItem\",\"position\":3,\"name\":\"FORMATION GEL X DU 5 F\u00e9vrier 2026\"}]},{\"@type\":\"WebSite\",\"@id\":\"https:\/\/isadistribution.fr\/#website\",\"url\":\"https:\/\/isadistribution.fr\/\",\"name\":\"Isadistribution.fr\",\"description\":\"VOTRE R\u00c9F\u00c9RENCE PROFESSIONNELLE POUR LA BEAUT\u00c9 DES ONGLES \",\"publisher\":{\"@id\":\"https:\/\/isadistribution.fr\/#organization\"},\"potentialAction\":[{\"@type\":\"SearchAction\",\"target\":{\"@type\":\"EntryPoint\",\"urlTemplate\":\"https:\/\/isadistribution.fr\/?s={search_term_string}\"},\"query-input\":{\"@type\":\"PropertyValueSpecification\",\"valueRequired\":true,\"valueName\":\"search_term_string\"}}],\"inLanguage\":\"en-US\"},{\"@type\":\"Organization\",\"@id\":\"https:\/\/isadistribution.fr\/#organization\",\"name\":\"Isa Distribution\",\"url\":\"https:\/\/isadistribution.fr\/\",\"logo\":{\"@type\":\"ImageObject\",\"inLanguage\":\"en-US\",\"@id\":\"https:\/\/isadistribution.fr\/#\/schema\/logo\/image\/\",\"url\":\"https:\/\/i0.wp.com\/isadistribution.fr\/wp-content\/uploads\/2019\/05\/isa-logo1-01.png?fit=2180%2C2061&ssl=1\",\"contentUrl\":\"https:\/\/i0.wp.com\/isadistribution.fr\/wp-content\/uploads\/2019\/05\/isa-logo1-01.png?fit=2180%2C2061&ssl=1\",\"width\":2180,\"height\":2061,\"caption\":\"Isa Distribution\"},\"image\":{\"@id\":\"https:\/\/isadistribution.fr\/#\/schema\/logo\/image\/\"},\"sameAs\":[\"https:\/\/www.facebook.com\/ISA-Distribution-247007699149931\/\",\"https:\/\/www.instagram.com\/isa_distribution\/\",\"https:\/\/www.youtube.com\/channel\/UC0yHnCvIF7GN3j5MAHLb0yQ\"]}]}<\/script>\n<!-- \/ Yoast SEO plugin. -->","yoast_head_json":{"title":"FORMATION GEL X DU 5 F\u00e9vrier 2026 &#8226;","robots":{"index":"index","follow":"follow","max-snippet":"max-snippet:-1","max-image-preview":"max-image-preview:large","max-video-preview":"max-video-preview:-1"},"canonical":"https:\/\/isadistribution.fr\/produit\/formation-gel-x\/","twitter_misc":{"Est. reading time":"1 minute"},"schema":{"@context":"https:\/\/schema.org","@graph":[{"@type":"WebPage","@id":"https:\/\/isadistribution.fr\/produit\/formation-gel-x\/","url":"https:\/\/isadistribution.fr\/produit\/formation-gel-x\/","name":"FORMATION GEL X DU 5 F\u00e9vrier 2026 &#8226;","isPartOf":{"@id":"https:\/\/isadistribution.fr\/#website"},"primaryImageOfPage":{"@id":"https:\/\/isadistribution.fr\/produit\/formation-gel-x\/#primaryimage"},"image":{"@id":"https:\/\/isadistribution.fr\/produit\/formation-gel-x\/#primaryimage"},"thumbnailUrl":"https:\/\/i0.wp.com\/isadistribution.fr\/wp-content\/uploads\/2024\/09\/IMG_3042.jpg?fit=1033%2C1291&ssl=1","datePublished":"2024-09-20T13:07:44+00:00","dateModified":"2026-02-04T17:28:07+00:00","breadcrumb":{"@id":"https:\/\/isadistribution.fr\/produit\/formation-gel-x\/#breadcrumb"},"inLanguage":"en-US","potentialAction":[{"@type":"ReadAction","target":["https:\/\/isadistribution.fr\/produit\/formation-gel-x\/"]}]},{"@type":"ImageObject","inLanguage":"en-US","@id":"https:\/\/isadistribution.fr\/produit\/formation-gel-x\/#primaryimage","url":"https:\/\/i0.wp.com\/isadistribution.fr\/wp-content\/uploads\/2024\/09\/IMG_3042.jpg?fit=1033%2C1291&ssl=1","contentUrl":"https:\/\/i0.wp.com\/isadistribution.fr\/wp-content\/uploads\/2024\/09\/IMG_3042.jpg?fit=1033%2C1291&ssl=1","width":1033,"height":1291},{"@type":"BreadcrumbList","@id":"https:\/\/isadistribution.fr\/produit\/formation-gel-x\/#breadcrumb","itemListElement":[{"@type":"ListItem","position":1,"name":"Home","item":"https:\/\/isadistribution.fr\/en\/"},{"@type":"ListItem","position":2,"name":"boutique","item":"https:\/\/isadistribution.fr\/gel-de-construction\/boutique-4\/"},{"@type":"ListItem","position":3,"name":"FORMATION GEL X DU 5 F\u00e9vrier 2026"}]},{"@type":"WebSite","@id":"https:\/\/isadistribution.fr\/#website","url":"https:\/\/isadistribution.fr\/","name":"Isadistribution.fr","description":"VOTRE R\u00c9F\u00c9RENCE PROFESSIONNELLE POUR LA BEAUT\u00c9 DES ONGLES ","publisher":{"@id":"https:\/\/isadistribution.fr\/#organization"},"potentialAction":[{"@type":"SearchAction","target":{"@type":"EntryPoint","urlTemplate":"https:\/\/isadistribution.fr\/?s={search_term_string}"},"query-input":{"@type":"PropertyValueSpecification","valueRequired":true,"valueName":"search_term_string"}}],"inLanguage":"en-US"},{"@type":"Organization","@id":"https:\/\/isadistribution.fr\/#organization","name":"Isa Distribution","url":"https:\/\/isadistribution.fr\/","logo":{"@type":"ImageObject","inLanguage":"en-US","@id":"https:\/\/isadistribution.fr\/#\/schema\/logo\/image\/","url":"https:\/\/i0.wp.com\/isadistribution.fr\/wp-content\/uploads\/2019\/05\/isa-logo1-01.png?fit=2180%2C2061&ssl=1","contentUrl":"https:\/\/i0.wp.com\/isadistribution.fr\/wp-content\/uploads\/2019\/05\/isa-logo1-01.png?fit=2180%2C2061&ssl=1","width":2180,"height":2061,"caption":"Isa Distribution"},"image":{"@id":"https:\/\/isadistribution.fr\/#\/schema\/logo\/image\/"},"sameAs":["https:\/\/www.facebook.com\/ISA-Distribution-247007699149931\/","https:\/\/www.instagram.com\/isa_distribution\/","https:\/\/www.youtube.com\/channel\/UC0yHnCvIF7GN3j5MAHLb0yQ"]}]}},"jetpack_likes_enabled":true,"jetpack_sharing_enabled":true,"jetpack-related-posts":[],"_links":{"self":[{"href":"https:\/\/isadistribution.fr\/en\/wp-json\/wp\/v2\/product\/93328","targetHints":{"allow":["GET"]}}],"collection":[{"href":"https:\/\/isadistribution.fr\/en\/wp-json\/wp\/v2\/product"}],"about":[{"href":"https:\/\/isadistribution.fr\/en\/wp-json\/wp\/v2\/types\/product"}],"version-history":[{"count":2,"href":"https:\/\/isadistribution.fr\/en\/wp-json\/wp\/v2\/product\/93328\/revisions"}],"predecessor-version":[{"id":98243,"href":"https:\/\/isadistribution.fr\/en\/wp-json\/wp\/v2\/product\/93328\/revisions\/98243"}],"wp:featuredmedia":[{"embeddable":true,"href":"https:\/\/isadistribution.fr\/en\/wp-json\/wp\/v2\/media\/96582"}],"wp:attachment":[{"href":"https:\/\/isadistribution.fr\/en\/wp-json\/wp\/v2\/media?parent=93328"}],"wp:term":[{"taxonomy":"product_brand","embeddable":true,"href":"https:\/\/isadistribution.fr\/en\/wp-json\/wp\/v2\/product_brand?post=93328"},{"taxonomy":"product_cat","embeddable":true,"href":"https:\/\/isadistribution.fr\/en\/wp-json\/wp\/v2\/product_cat?post=93328"},{"taxonomy":"product_tag","embeddable":true,"href":"https:\/\/isadistribution.fr\/en\/wp-json\/wp\/v2\/product_tag?post=93328"}],"curies":[{"name":"wp","href":"https:\/\/api.w.org\/{rel}","templated":true}]}}