{"id":89842,"date":"2023-11-07T16:56:25","date_gmt":"2023-11-07T20:56:25","guid":{"rendered":"https:\/\/isadistribution.fr\/?post_type=product&#038;p=89842"},"modified":"2026-04-14T11:51:46","modified_gmt":"2026-04-14T15:51:46","slug":"repousse-cuticule-sweet-lift","status":"publish","type":"product","link":"https:\/\/isadistribution.fr\/en\/produit\/repousse-cuticule-sweet-lift\/","title":{"rendered":"Repousse cuticule"},"content":{"rendered":"<p>Acier inoxidable<\/p>\n","protected":false},"excerpt":{"rendered":"<p>Acier inoxidable<\/p>\n","protected":false},"featured_media":99698,"template":"","meta":{"_joinchat":[]},"product_brand":[],"product_cat":[501,546],"product_tag":[],"class_list":{"0":"post-89842","1":"product","2":"type-product","3":"status-publish","4":"has-post-thumbnail","6":"product_cat-coutellerie","7":"product_cat-materiel","8":"it-has-gallery","10":"first","11":"instock","12":"sale","13":"taxable","14":"shipping-taxable","15":"purchasable","16":"product-type-simple"},"yoast_head":"<!-- This site is optimized with the Yoast SEO plugin v27.2 - https:\/\/yoast.com\/product\/yoast-seo-wordpress\/ -->\n<title>Repousse cuticule &#8226;<\/title>\n<meta name=\"robots\" content=\"index, follow, max-snippet:-1, max-image-preview:large, max-video-preview:-1\" \/>\n<link rel=\"canonical\" href=\"https:\/\/isadistribution.fr\/produit\/repousse-cuticule-sweet-lift\/\" \/>\n<meta name=\"twitter:label1\" content=\"Est. reading time\" \/>\n\t<meta name=\"twitter:data1\" content=\"1 minute\" \/>\n<script type=\"application\/ld+json\" class=\"yoast-schema-graph\">{\"@context\":\"https:\/\/schema.org\",\"@graph\":[{\"@type\":\"WebPage\",\"@id\":\"https:\/\/isadistribution.fr\/produit\/repousse-cuticule-sweet-lift\/\",\"url\":\"https:\/\/isadistribution.fr\/produit\/repousse-cuticule-sweet-lift\/\",\"name\":\"Repousse cuticule &#8226;\",\"isPartOf\":{\"@id\":\"https:\/\/isadistribution.fr\/#website\"},\"primaryImageOfPage\":{\"@id\":\"https:\/\/isadistribution.fr\/produit\/repousse-cuticule-sweet-lift\/#primaryimage\"},\"image\":{\"@id\":\"https:\/\/isadistribution.fr\/produit\/repousse-cuticule-sweet-lift\/#primaryimage\"},\"thumbnailUrl\":\"https:\/\/i0.wp.com\/isadistribution.fr\/wp-content\/uploads\/2023\/11\/EB8F7E8E-A452-4746-885E-96D026FB9317.png?fit=1024%2C1024&ssl=1\",\"datePublished\":\"2023-11-07T20:56:25+00:00\",\"dateModified\":\"2026-04-14T15:51:46+00:00\",\"breadcrumb\":{\"@id\":\"https:\/\/isadistribution.fr\/produit\/repousse-cuticule-sweet-lift\/#breadcrumb\"},\"inLanguage\":\"en-US\",\"potentialAction\":[{\"@type\":\"ReadAction\",\"target\":[\"https:\/\/isadistribution.fr\/produit\/repousse-cuticule-sweet-lift\/\"]}]},{\"@type\":\"ImageObject\",\"inLanguage\":\"en-US\",\"@id\":\"https:\/\/isadistribution.fr\/produit\/repousse-cuticule-sweet-lift\/#primaryimage\",\"url\":\"https:\/\/i0.wp.com\/isadistribution.fr\/wp-content\/uploads\/2023\/11\/EB8F7E8E-A452-4746-885E-96D026FB9317.png?fit=1024%2C1024&ssl=1\",\"contentUrl\":\"https:\/\/i0.wp.com\/isadistribution.fr\/wp-content\/uploads\/2023\/11\/EB8F7E8E-A452-4746-885E-96D026FB9317.png?fit=1024%2C1024&ssl=1\",\"width\":1024,\"height\":1024},{\"@type\":\"BreadcrumbList\",\"@id\":\"https:\/\/isadistribution.fr\/produit\/repousse-cuticule-sweet-lift\/#breadcrumb\",\"itemListElement\":[{\"@type\":\"ListItem\",\"position\":1,\"name\":\"Home\",\"item\":\"https:\/\/isadistribution.fr\/en\/\"},{\"@type\":\"ListItem\",\"position\":2,\"name\":\"boutique\",\"item\":\"https:\/\/isadistribution.fr\/gel-de-construction\/boutique-4\/\"},{\"@type\":\"ListItem\",\"position\":3,\"name\":\"Repousse cuticule\"}]},{\"@type\":\"WebSite\",\"@id\":\"https:\/\/isadistribution.fr\/#website\",\"url\":\"https:\/\/isadistribution.fr\/\",\"name\":\"Isadistribution.fr\",\"description\":\"VOTRE R\u00c9F\u00c9RENCE PROFESSIONNELLE POUR LA BEAUT\u00c9 DES ONGLES \",\"publisher\":{\"@id\":\"https:\/\/isadistribution.fr\/#organization\"},\"potentialAction\":[{\"@type\":\"SearchAction\",\"target\":{\"@type\":\"EntryPoint\",\"urlTemplate\":\"https:\/\/isadistribution.fr\/?s={search_term_string}\"},\"query-input\":{\"@type\":\"PropertyValueSpecification\",\"valueRequired\":true,\"valueName\":\"search_term_string\"}}],\"inLanguage\":\"en-US\"},{\"@type\":\"Organization\",\"@id\":\"https:\/\/isadistribution.fr\/#organization\",\"name\":\"Isa Distribution\",\"url\":\"https:\/\/isadistribution.fr\/\",\"logo\":{\"@type\":\"ImageObject\",\"inLanguage\":\"en-US\",\"@id\":\"https:\/\/isadistribution.fr\/#\/schema\/logo\/image\/\",\"url\":\"https:\/\/i0.wp.com\/isadistribution.fr\/wp-content\/uploads\/2019\/05\/isa-logo1-01.png?fit=2180%2C2061&ssl=1\",\"contentUrl\":\"https:\/\/i0.wp.com\/isadistribution.fr\/wp-content\/uploads\/2019\/05\/isa-logo1-01.png?fit=2180%2C2061&ssl=1\",\"width\":2180,\"height\":2061,\"caption\":\"Isa Distribution\"},\"image\":{\"@id\":\"https:\/\/isadistribution.fr\/#\/schema\/logo\/image\/\"},\"sameAs\":[\"https:\/\/www.facebook.com\/ISA-Distribution-247007699149931\/\",\"https:\/\/www.instagram.com\/isa_distribution\/\",\"https:\/\/www.youtube.com\/channel\/UC0yHnCvIF7GN3j5MAHLb0yQ\"]}]}<\/script>\n<!-- \/ Yoast SEO plugin. -->","yoast_head_json":{"title":"Repousse cuticule &#8226;","robots":{"index":"index","follow":"follow","max-snippet":"max-snippet:-1","max-image-preview":"max-image-preview:large","max-video-preview":"max-video-preview:-1"},"canonical":"https:\/\/isadistribution.fr\/produit\/repousse-cuticule-sweet-lift\/","twitter_misc":{"Est. reading time":"1 minute"},"schema":{"@context":"https:\/\/schema.org","@graph":[{"@type":"WebPage","@id":"https:\/\/isadistribution.fr\/produit\/repousse-cuticule-sweet-lift\/","url":"https:\/\/isadistribution.fr\/produit\/repousse-cuticule-sweet-lift\/","name":"Repousse cuticule &#8226;","isPartOf":{"@id":"https:\/\/isadistribution.fr\/#website"},"primaryImageOfPage":{"@id":"https:\/\/isadistribution.fr\/produit\/repousse-cuticule-sweet-lift\/#primaryimage"},"image":{"@id":"https:\/\/isadistribution.fr\/produit\/repousse-cuticule-sweet-lift\/#primaryimage"},"thumbnailUrl":"https:\/\/i0.wp.com\/isadistribution.fr\/wp-content\/uploads\/2023\/11\/EB8F7E8E-A452-4746-885E-96D026FB9317.png?fit=1024%2C1024&ssl=1","datePublished":"2023-11-07T20:56:25+00:00","dateModified":"2026-04-14T15:51:46+00:00","breadcrumb":{"@id":"https:\/\/isadistribution.fr\/produit\/repousse-cuticule-sweet-lift\/#breadcrumb"},"inLanguage":"en-US","potentialAction":[{"@type":"ReadAction","target":["https:\/\/isadistribution.fr\/produit\/repousse-cuticule-sweet-lift\/"]}]},{"@type":"ImageObject","inLanguage":"en-US","@id":"https:\/\/isadistribution.fr\/produit\/repousse-cuticule-sweet-lift\/#primaryimage","url":"https:\/\/i0.wp.com\/isadistribution.fr\/wp-content\/uploads\/2023\/11\/EB8F7E8E-A452-4746-885E-96D026FB9317.png?fit=1024%2C1024&ssl=1","contentUrl":"https:\/\/i0.wp.com\/isadistribution.fr\/wp-content\/uploads\/2023\/11\/EB8F7E8E-A452-4746-885E-96D026FB9317.png?fit=1024%2C1024&ssl=1","width":1024,"height":1024},{"@type":"BreadcrumbList","@id":"https:\/\/isadistribution.fr\/produit\/repousse-cuticule-sweet-lift\/#breadcrumb","itemListElement":[{"@type":"ListItem","position":1,"name":"Home","item":"https:\/\/isadistribution.fr\/en\/"},{"@type":"ListItem","position":2,"name":"boutique","item":"https:\/\/isadistribution.fr\/gel-de-construction\/boutique-4\/"},{"@type":"ListItem","position":3,"name":"Repousse cuticule"}]},{"@type":"WebSite","@id":"https:\/\/isadistribution.fr\/#website","url":"https:\/\/isadistribution.fr\/","name":"Isadistribution.fr","description":"VOTRE R\u00c9F\u00c9RENCE PROFESSIONNELLE POUR LA BEAUT\u00c9 DES ONGLES ","publisher":{"@id":"https:\/\/isadistribution.fr\/#organization"},"potentialAction":[{"@type":"SearchAction","target":{"@type":"EntryPoint","urlTemplate":"https:\/\/isadistribution.fr\/?s={search_term_string}"},"query-input":{"@type":"PropertyValueSpecification","valueRequired":true,"valueName":"search_term_string"}}],"inLanguage":"en-US"},{"@type":"Organization","@id":"https:\/\/isadistribution.fr\/#organization","name":"Isa Distribution","url":"https:\/\/isadistribution.fr\/","logo":{"@type":"ImageObject","inLanguage":"en-US","@id":"https:\/\/isadistribution.fr\/#\/schema\/logo\/image\/","url":"https:\/\/i0.wp.com\/isadistribution.fr\/wp-content\/uploads\/2019\/05\/isa-logo1-01.png?fit=2180%2C2061&ssl=1","contentUrl":"https:\/\/i0.wp.com\/isadistribution.fr\/wp-content\/uploads\/2019\/05\/isa-logo1-01.png?fit=2180%2C2061&ssl=1","width":2180,"height":2061,"caption":"Isa Distribution"},"image":{"@id":"https:\/\/isadistribution.fr\/#\/schema\/logo\/image\/"},"sameAs":["https:\/\/www.facebook.com\/ISA-Distribution-247007699149931\/","https:\/\/www.instagram.com\/isa_distribution\/","https:\/\/www.youtube.com\/channel\/UC0yHnCvIF7GN3j5MAHLb0yQ"]}]}},"jetpack_likes_enabled":true,"jetpack_sharing_enabled":true,"jetpack-related-posts":[],"_links":{"self":[{"href":"https:\/\/isadistribution.fr\/en\/wp-json\/wp\/v2\/product\/89842","targetHints":{"allow":["GET"]}}],"collection":[{"href":"https:\/\/isadistribution.fr\/en\/wp-json\/wp\/v2\/product"}],"about":[{"href":"https:\/\/isadistribution.fr\/en\/wp-json\/wp\/v2\/types\/product"}],"version-history":[{"count":2,"href":"https:\/\/isadistribution.fr\/en\/wp-json\/wp\/v2\/product\/89842\/revisions"}],"predecessor-version":[{"id":96982,"href":"https:\/\/isadistribution.fr\/en\/wp-json\/wp\/v2\/product\/89842\/revisions\/96982"}],"wp:featuredmedia":[{"embeddable":true,"href":"https:\/\/isadistribution.fr\/en\/wp-json\/wp\/v2\/media\/99698"}],"wp:attachment":[{"href":"https:\/\/isadistribution.fr\/en\/wp-json\/wp\/v2\/media?parent=89842"}],"wp:term":[{"taxonomy":"product_brand","embeddable":true,"href":"https:\/\/isadistribution.fr\/en\/wp-json\/wp\/v2\/product_brand?post=89842"},{"taxonomy":"product_cat","embeddable":true,"href":"https:\/\/isadistribution.fr\/en\/wp-json\/wp\/v2\/product_cat?post=89842"},{"taxonomy":"product_tag","embeddable":true,"href":"https:\/\/isadistribution.fr\/en\/wp-json\/wp\/v2\/product_tag?post=89842"}],"curies":[{"name":"wp","href":"https:\/\/api.w.org\/{rel}","templated":true}]}}