{"id":88941,"date":"2023-08-24T16:58:22","date_gmt":"2023-08-24T20:58:22","guid":{"rendered":"https:\/\/isadistribution.fr\/?post_type=product&#038;p=88941"},"modified":"2026-03-16T16:10:04","modified_gmt":"2026-03-16T20:10:04","slug":"capsules-coffin-gel-x-xxl","status":"publish","type":"product","link":"https:\/\/isadistribution.fr\/en\/produit\/capsules-coffin-gel-x-xxl\/","title":{"rendered":"CAPSULES COFFIN GEL X 3XL"},"content":{"rendered":"","protected":false},"excerpt":{"rendered":"","protected":false},"featured_media":88945,"template":"","meta":{"_joinchat":[]},"product_brand":[],"product_cat":[1802,898],"product_tag":[],"class_list":{"0":"post-88941","1":"product","2":"type-product","3":"status-publish","4":"has-post-thumbnail","6":"product_cat-capsules-3","7":"product_cat-capsules-2","9":"first","10":"instock","11":"sale","12":"taxable","13":"shipping-taxable","14":"purchasable","15":"product-type-simple"},"yoast_head":"<!-- This site is optimized with the Yoast SEO plugin v27.2 - https:\/\/yoast.com\/product\/yoast-seo-wordpress\/ -->\n<title>CAPSULES COFFIN GEL X 3XL &#8226;<\/title>\n<meta name=\"robots\" content=\"index, follow, max-snippet:-1, max-image-preview:large, max-video-preview:-1\" \/>\n<link rel=\"canonical\" href=\"https:\/\/isadistribution.fr\/en\/produit\/capsules-coffin-gel-x-xxl\/\" \/>\n<meta name=\"twitter:label1\" content=\"Est. reading time\" \/>\n\t<meta name=\"twitter:data1\" content=\"1 minute\" \/>\n<script type=\"application\/ld+json\" class=\"yoast-schema-graph\">{\"@context\":\"https:\/\/schema.org\",\"@graph\":[{\"@type\":\"WebPage\",\"@id\":\"https:\/\/isadistribution.fr\/en\/produit\/capsules-coffin-gel-x-xxl\/\",\"url\":\"https:\/\/isadistribution.fr\/en\/produit\/capsules-coffin-gel-x-xxl\/\",\"name\":\"CAPSULES COFFIN GEL X 3XL &#8226;\",\"isPartOf\":{\"@id\":\"https:\/\/isadistribution.fr\/en\/#website\"},\"primaryImageOfPage\":{\"@id\":\"https:\/\/isadistribution.fr\/en\/produit\/capsules-coffin-gel-x-xxl\/#primaryimage\"},\"image\":{\"@id\":\"https:\/\/isadistribution.fr\/en\/produit\/capsules-coffin-gel-x-xxl\/#primaryimage\"},\"thumbnailUrl\":\"https:\/\/i0.wp.com\/isadistribution.fr\/wp-content\/uploads\/2023\/08\/IMG_67D56110C821-1.jpeg?fit=1284%2C1190&ssl=1\",\"datePublished\":\"2023-08-24T20:58:22+00:00\",\"dateModified\":\"2026-03-16T20:10:04+00:00\",\"breadcrumb\":{\"@id\":\"https:\/\/isadistribution.fr\/en\/produit\/capsules-coffin-gel-x-xxl\/#breadcrumb\"},\"inLanguage\":\"en-US\",\"potentialAction\":[{\"@type\":\"ReadAction\",\"target\":[\"https:\/\/isadistribution.fr\/en\/produit\/capsules-coffin-gel-x-xxl\/\"]}]},{\"@type\":\"ImageObject\",\"inLanguage\":\"en-US\",\"@id\":\"https:\/\/isadistribution.fr\/en\/produit\/capsules-coffin-gel-x-xxl\/#primaryimage\",\"url\":\"https:\/\/i0.wp.com\/isadistribution.fr\/wp-content\/uploads\/2023\/08\/IMG_67D56110C821-1.jpeg?fit=1284%2C1190&ssl=1\",\"contentUrl\":\"https:\/\/i0.wp.com\/isadistribution.fr\/wp-content\/uploads\/2023\/08\/IMG_67D56110C821-1.jpeg?fit=1284%2C1190&ssl=1\",\"width\":1284,\"height\":1190},{\"@type\":\"BreadcrumbList\",\"@id\":\"https:\/\/isadistribution.fr\/en\/produit\/capsules-coffin-gel-x-xxl\/#breadcrumb\",\"itemListElement\":[{\"@type\":\"ListItem\",\"position\":1,\"name\":\"Home\",\"item\":\"https:\/\/isadistribution.fr\/en\/\"},{\"@type\":\"ListItem\",\"position\":2,\"name\":\"boutique\",\"item\":\"https:\/\/isadistribution.fr\/gel-de-construction\/boutique-4\/\"},{\"@type\":\"ListItem\",\"position\":3,\"name\":\"CAPSULES COFFIN GEL X 3XL\"}]},{\"@type\":\"WebSite\",\"@id\":\"https:\/\/isadistribution.fr\/en\/#website\",\"url\":\"https:\/\/isadistribution.fr\/en\/\",\"name\":\"Isadistribution.fr\",\"description\":\"VOTRE R\u00c9F\u00c9RENCE PROFESSIONNELLE POUR LA BEAUT\u00c9 DES ONGLES \",\"publisher\":{\"@id\":\"https:\/\/isadistribution.fr\/en\/#organization\"},\"potentialAction\":[{\"@type\":\"SearchAction\",\"target\":{\"@type\":\"EntryPoint\",\"urlTemplate\":\"https:\/\/isadistribution.fr\/en\/?s={search_term_string}\"},\"query-input\":{\"@type\":\"PropertyValueSpecification\",\"valueRequired\":true,\"valueName\":\"search_term_string\"}}],\"inLanguage\":\"en-US\"},{\"@type\":\"Organization\",\"@id\":\"https:\/\/isadistribution.fr\/en\/#organization\",\"name\":\"Isa Distribution\",\"url\":\"https:\/\/isadistribution.fr\/en\/\",\"logo\":{\"@type\":\"ImageObject\",\"inLanguage\":\"en-US\",\"@id\":\"https:\/\/isadistribution.fr\/en\/#\/schema\/logo\/image\/\",\"url\":\"https:\/\/i0.wp.com\/isadistribution.fr\/wp-content\/uploads\/2019\/05\/isa-logo1-01.png?fit=2180%2C2061&ssl=1\",\"contentUrl\":\"https:\/\/i0.wp.com\/isadistribution.fr\/wp-content\/uploads\/2019\/05\/isa-logo1-01.png?fit=2180%2C2061&ssl=1\",\"width\":2180,\"height\":2061,\"caption\":\"Isa Distribution\"},\"image\":{\"@id\":\"https:\/\/isadistribution.fr\/en\/#\/schema\/logo\/image\/\"},\"sameAs\":[\"https:\/\/www.facebook.com\/ISA-Distribution-247007699149931\/\",\"https:\/\/www.instagram.com\/isa_distribution\/\",\"https:\/\/www.youtube.com\/channel\/UC0yHnCvIF7GN3j5MAHLb0yQ\"]}]}<\/script>\n<!-- \/ Yoast SEO plugin. -->","yoast_head_json":{"title":"CAPSULES COFFIN GEL X 3XL &#8226;","robots":{"index":"index","follow":"follow","max-snippet":"max-snippet:-1","max-image-preview":"max-image-preview:large","max-video-preview":"max-video-preview:-1"},"canonical":"https:\/\/isadistribution.fr\/en\/produit\/capsules-coffin-gel-x-xxl\/","twitter_misc":{"Est. reading time":"1 minute"},"schema":{"@context":"https:\/\/schema.org","@graph":[{"@type":"WebPage","@id":"https:\/\/isadistribution.fr\/en\/produit\/capsules-coffin-gel-x-xxl\/","url":"https:\/\/isadistribution.fr\/en\/produit\/capsules-coffin-gel-x-xxl\/","name":"CAPSULES COFFIN GEL X 3XL &#8226;","isPartOf":{"@id":"https:\/\/isadistribution.fr\/en\/#website"},"primaryImageOfPage":{"@id":"https:\/\/isadistribution.fr\/en\/produit\/capsules-coffin-gel-x-xxl\/#primaryimage"},"image":{"@id":"https:\/\/isadistribution.fr\/en\/produit\/capsules-coffin-gel-x-xxl\/#primaryimage"},"thumbnailUrl":"https:\/\/i0.wp.com\/isadistribution.fr\/wp-content\/uploads\/2023\/08\/IMG_67D56110C821-1.jpeg?fit=1284%2C1190&ssl=1","datePublished":"2023-08-24T20:58:22+00:00","dateModified":"2026-03-16T20:10:04+00:00","breadcrumb":{"@id":"https:\/\/isadistribution.fr\/en\/produit\/capsules-coffin-gel-x-xxl\/#breadcrumb"},"inLanguage":"en-US","potentialAction":[{"@type":"ReadAction","target":["https:\/\/isadistribution.fr\/en\/produit\/capsules-coffin-gel-x-xxl\/"]}]},{"@type":"ImageObject","inLanguage":"en-US","@id":"https:\/\/isadistribution.fr\/en\/produit\/capsules-coffin-gel-x-xxl\/#primaryimage","url":"https:\/\/i0.wp.com\/isadistribution.fr\/wp-content\/uploads\/2023\/08\/IMG_67D56110C821-1.jpeg?fit=1284%2C1190&ssl=1","contentUrl":"https:\/\/i0.wp.com\/isadistribution.fr\/wp-content\/uploads\/2023\/08\/IMG_67D56110C821-1.jpeg?fit=1284%2C1190&ssl=1","width":1284,"height":1190},{"@type":"BreadcrumbList","@id":"https:\/\/isadistribution.fr\/en\/produit\/capsules-coffin-gel-x-xxl\/#breadcrumb","itemListElement":[{"@type":"ListItem","position":1,"name":"Home","item":"https:\/\/isadistribution.fr\/en\/"},{"@type":"ListItem","position":2,"name":"boutique","item":"https:\/\/isadistribution.fr\/gel-de-construction\/boutique-4\/"},{"@type":"ListItem","position":3,"name":"CAPSULES COFFIN GEL X 3XL"}]},{"@type":"WebSite","@id":"https:\/\/isadistribution.fr\/en\/#website","url":"https:\/\/isadistribution.fr\/en\/","name":"Isadistribution.fr","description":"VOTRE R\u00c9F\u00c9RENCE PROFESSIONNELLE POUR LA BEAUT\u00c9 DES ONGLES ","publisher":{"@id":"https:\/\/isadistribution.fr\/en\/#organization"},"potentialAction":[{"@type":"SearchAction","target":{"@type":"EntryPoint","urlTemplate":"https:\/\/isadistribution.fr\/en\/?s={search_term_string}"},"query-input":{"@type":"PropertyValueSpecification","valueRequired":true,"valueName":"search_term_string"}}],"inLanguage":"en-US"},{"@type":"Organization","@id":"https:\/\/isadistribution.fr\/en\/#organization","name":"Isa Distribution","url":"https:\/\/isadistribution.fr\/en\/","logo":{"@type":"ImageObject","inLanguage":"en-US","@id":"https:\/\/isadistribution.fr\/en\/#\/schema\/logo\/image\/","url":"https:\/\/i0.wp.com\/isadistribution.fr\/wp-content\/uploads\/2019\/05\/isa-logo1-01.png?fit=2180%2C2061&ssl=1","contentUrl":"https:\/\/i0.wp.com\/isadistribution.fr\/wp-content\/uploads\/2019\/05\/isa-logo1-01.png?fit=2180%2C2061&ssl=1","width":2180,"height":2061,"caption":"Isa Distribution"},"image":{"@id":"https:\/\/isadistribution.fr\/en\/#\/schema\/logo\/image\/"},"sameAs":["https:\/\/www.facebook.com\/ISA-Distribution-247007699149931\/","https:\/\/www.instagram.com\/isa_distribution\/","https:\/\/www.youtube.com\/channel\/UC0yHnCvIF7GN3j5MAHLb0yQ"]}]}},"jetpack_likes_enabled":true,"jetpack_sharing_enabled":true,"jetpack-related-posts":[],"_links":{"self":[{"href":"https:\/\/isadistribution.fr\/en\/wp-json\/wp\/v2\/product\/88941","targetHints":{"allow":["GET"]}}],"collection":[{"href":"https:\/\/isadistribution.fr\/en\/wp-json\/wp\/v2\/product"}],"about":[{"href":"https:\/\/isadistribution.fr\/en\/wp-json\/wp\/v2\/types\/product"}],"version-history":[{"count":2,"href":"https:\/\/isadistribution.fr\/en\/wp-json\/wp\/v2\/product\/88941\/revisions"}],"predecessor-version":[{"id":88949,"href":"https:\/\/isadistribution.fr\/en\/wp-json\/wp\/v2\/product\/88941\/revisions\/88949"}],"wp:featuredmedia":[{"embeddable":true,"href":"https:\/\/isadistribution.fr\/en\/wp-json\/wp\/v2\/media\/88945"}],"wp:attachment":[{"href":"https:\/\/isadistribution.fr\/en\/wp-json\/wp\/v2\/media?parent=88941"}],"wp:term":[{"taxonomy":"product_brand","embeddable":true,"href":"https:\/\/isadistribution.fr\/en\/wp-json\/wp\/v2\/product_brand?post=88941"},{"taxonomy":"product_cat","embeddable":true,"href":"https:\/\/isadistribution.fr\/en\/wp-json\/wp\/v2\/product_cat?post=88941"},{"taxonomy":"product_tag","embeddable":true,"href":"https:\/\/isadistribution.fr\/en\/wp-json\/wp\/v2\/product_tag?post=88941"}],"curies":[{"name":"wp","href":"https:\/\/api.w.org\/{rel}","templated":true}]}}