{"id":88509,"date":"2023-07-18T16:50:28","date_gmt":"2023-07-18T20:50:28","guid":{"rendered":"https:\/\/isadistribution.fr\/?post_type=product&#038;p=88509"},"modified":"2026-04-10T18:43:12","modified_gmt":"2026-04-10T22:43:12","slug":"isa-jack-gom","status":"publish","type":"product","link":"https:\/\/isadistribution.fr\/en\/produit\/isa-jack-gom\/","title":{"rendered":"Isa Jack gom"},"content":{"rendered":"","protected":false},"excerpt":{"rendered":"","protected":false},"featured_media":99574,"template":"","meta":{"_joinchat":[]},"product_brand":[],"product_cat":[111,1769],"product_tag":[],"class_list":{"0":"post-88509","1":"product","2":"type-product","3":"status-publish","4":"has-post-thumbnail","6":"product_cat-classique","7":"product_cat-summer-collection","9":"first","10":"instock","11":"sale","12":"taxable","13":"shipping-taxable","14":"purchasable","15":"product-type-simple"},"yoast_head":"<!-- This site is optimized with the Yoast SEO plugin v27.2 - https:\/\/yoast.com\/product\/yoast-seo-wordpress\/ -->\n<title>Isa Jack gom &#8226;<\/title>\n<meta name=\"robots\" content=\"index, follow, max-snippet:-1, max-image-preview:large, max-video-preview:-1\" \/>\n<link rel=\"canonical\" href=\"https:\/\/isadistribution.fr\/en\/produit\/isa-jack-gom\/\" \/>\n<meta name=\"twitter:label1\" content=\"Est. reading time\" \/>\n\t<meta name=\"twitter:data1\" content=\"1 minute\" \/>\n<script type=\"application\/ld+json\" class=\"yoast-schema-graph\">{\"@context\":\"https:\/\/schema.org\",\"@graph\":[{\"@type\":\"WebPage\",\"@id\":\"https:\/\/isadistribution.fr\/en\/produit\/isa-jack-gom\/\",\"url\":\"https:\/\/isadistribution.fr\/en\/produit\/isa-jack-gom\/\",\"name\":\"Isa Jack gom &#8226;\",\"isPartOf\":{\"@id\":\"https:\/\/isadistribution.fr\/en\/#website\"},\"primaryImageOfPage\":{\"@id\":\"https:\/\/isadistribution.fr\/en\/produit\/isa-jack-gom\/#primaryimage\"},\"image\":{\"@id\":\"https:\/\/isadistribution.fr\/en\/produit\/isa-jack-gom\/#primaryimage\"},\"thumbnailUrl\":\"https:\/\/i0.wp.com\/isadistribution.fr\/wp-content\/uploads\/2023\/07\/8657A8B9-06F7-470B-BD31-7104559BB633.png?fit=1024%2C1536&ssl=1\",\"datePublished\":\"2023-07-18T20:50:28+00:00\",\"dateModified\":\"2026-04-10T22:43:12+00:00\",\"breadcrumb\":{\"@id\":\"https:\/\/isadistribution.fr\/en\/produit\/isa-jack-gom\/#breadcrumb\"},\"inLanguage\":\"en-US\",\"potentialAction\":[{\"@type\":\"ReadAction\",\"target\":[\"https:\/\/isadistribution.fr\/en\/produit\/isa-jack-gom\/\"]}]},{\"@type\":\"ImageObject\",\"inLanguage\":\"en-US\",\"@id\":\"https:\/\/isadistribution.fr\/en\/produit\/isa-jack-gom\/#primaryimage\",\"url\":\"https:\/\/i0.wp.com\/isadistribution.fr\/wp-content\/uploads\/2023\/07\/8657A8B9-06F7-470B-BD31-7104559BB633.png?fit=1024%2C1536&ssl=1\",\"contentUrl\":\"https:\/\/i0.wp.com\/isadistribution.fr\/wp-content\/uploads\/2023\/07\/8657A8B9-06F7-470B-BD31-7104559BB633.png?fit=1024%2C1536&ssl=1\",\"width\":1024,\"height\":1536},{\"@type\":\"BreadcrumbList\",\"@id\":\"https:\/\/isadistribution.fr\/en\/produit\/isa-jack-gom\/#breadcrumb\",\"itemListElement\":[{\"@type\":\"ListItem\",\"position\":1,\"name\":\"Home\",\"item\":\"https:\/\/isadistribution.fr\/en\/\"},{\"@type\":\"ListItem\",\"position\":2,\"name\":\"boutique\",\"item\":\"https:\/\/isadistribution.fr\/gel-de-construction\/boutique-4\/\"},{\"@type\":\"ListItem\",\"position\":3,\"name\":\"Isa Jack gom\"}]},{\"@type\":\"WebSite\",\"@id\":\"https:\/\/isadistribution.fr\/en\/#website\",\"url\":\"https:\/\/isadistribution.fr\/en\/\",\"name\":\"Isadistribution.fr\",\"description\":\"VOTRE R\u00c9F\u00c9RENCE PROFESSIONNELLE POUR LA BEAUT\u00c9 DES ONGLES \",\"publisher\":{\"@id\":\"https:\/\/isadistribution.fr\/en\/#organization\"},\"potentialAction\":[{\"@type\":\"SearchAction\",\"target\":{\"@type\":\"EntryPoint\",\"urlTemplate\":\"https:\/\/isadistribution.fr\/en\/?s={search_term_string}\"},\"query-input\":{\"@type\":\"PropertyValueSpecification\",\"valueRequired\":true,\"valueName\":\"search_term_string\"}}],\"inLanguage\":\"en-US\"},{\"@type\":\"Organization\",\"@id\":\"https:\/\/isadistribution.fr\/en\/#organization\",\"name\":\"Isa Distribution\",\"url\":\"https:\/\/isadistribution.fr\/en\/\",\"logo\":{\"@type\":\"ImageObject\",\"inLanguage\":\"en-US\",\"@id\":\"https:\/\/isadistribution.fr\/en\/#\/schema\/logo\/image\/\",\"url\":\"https:\/\/i0.wp.com\/isadistribution.fr\/wp-content\/uploads\/2019\/05\/isa-logo1-01.png?fit=2180%2C2061&ssl=1\",\"contentUrl\":\"https:\/\/i0.wp.com\/isadistribution.fr\/wp-content\/uploads\/2019\/05\/isa-logo1-01.png?fit=2180%2C2061&ssl=1\",\"width\":2180,\"height\":2061,\"caption\":\"Isa Distribution\"},\"image\":{\"@id\":\"https:\/\/isadistribution.fr\/en\/#\/schema\/logo\/image\/\"},\"sameAs\":[\"https:\/\/www.facebook.com\/ISA-Distribution-247007699149931\/\",\"https:\/\/www.instagram.com\/isa_distribution\/\",\"https:\/\/www.youtube.com\/channel\/UC0yHnCvIF7GN3j5MAHLb0yQ\"]}]}<\/script>\n<!-- \/ Yoast SEO plugin. -->","yoast_head_json":{"title":"Isa Jack gom &#8226;","robots":{"index":"index","follow":"follow","max-snippet":"max-snippet:-1","max-image-preview":"max-image-preview:large","max-video-preview":"max-video-preview:-1"},"canonical":"https:\/\/isadistribution.fr\/en\/produit\/isa-jack-gom\/","twitter_misc":{"Est. reading time":"1 minute"},"schema":{"@context":"https:\/\/schema.org","@graph":[{"@type":"WebPage","@id":"https:\/\/isadistribution.fr\/en\/produit\/isa-jack-gom\/","url":"https:\/\/isadistribution.fr\/en\/produit\/isa-jack-gom\/","name":"Isa Jack gom &#8226;","isPartOf":{"@id":"https:\/\/isadistribution.fr\/en\/#website"},"primaryImageOfPage":{"@id":"https:\/\/isadistribution.fr\/en\/produit\/isa-jack-gom\/#primaryimage"},"image":{"@id":"https:\/\/isadistribution.fr\/en\/produit\/isa-jack-gom\/#primaryimage"},"thumbnailUrl":"https:\/\/i0.wp.com\/isadistribution.fr\/wp-content\/uploads\/2023\/07\/8657A8B9-06F7-470B-BD31-7104559BB633.png?fit=1024%2C1536&ssl=1","datePublished":"2023-07-18T20:50:28+00:00","dateModified":"2026-04-10T22:43:12+00:00","breadcrumb":{"@id":"https:\/\/isadistribution.fr\/en\/produit\/isa-jack-gom\/#breadcrumb"},"inLanguage":"en-US","potentialAction":[{"@type":"ReadAction","target":["https:\/\/isadistribution.fr\/en\/produit\/isa-jack-gom\/"]}]},{"@type":"ImageObject","inLanguage":"en-US","@id":"https:\/\/isadistribution.fr\/en\/produit\/isa-jack-gom\/#primaryimage","url":"https:\/\/i0.wp.com\/isadistribution.fr\/wp-content\/uploads\/2023\/07\/8657A8B9-06F7-470B-BD31-7104559BB633.png?fit=1024%2C1536&ssl=1","contentUrl":"https:\/\/i0.wp.com\/isadistribution.fr\/wp-content\/uploads\/2023\/07\/8657A8B9-06F7-470B-BD31-7104559BB633.png?fit=1024%2C1536&ssl=1","width":1024,"height":1536},{"@type":"BreadcrumbList","@id":"https:\/\/isadistribution.fr\/en\/produit\/isa-jack-gom\/#breadcrumb","itemListElement":[{"@type":"ListItem","position":1,"name":"Home","item":"https:\/\/isadistribution.fr\/en\/"},{"@type":"ListItem","position":2,"name":"boutique","item":"https:\/\/isadistribution.fr\/gel-de-construction\/boutique-4\/"},{"@type":"ListItem","position":3,"name":"Isa Jack gom"}]},{"@type":"WebSite","@id":"https:\/\/isadistribution.fr\/en\/#website","url":"https:\/\/isadistribution.fr\/en\/","name":"Isadistribution.fr","description":"VOTRE R\u00c9F\u00c9RENCE PROFESSIONNELLE POUR LA BEAUT\u00c9 DES ONGLES ","publisher":{"@id":"https:\/\/isadistribution.fr\/en\/#organization"},"potentialAction":[{"@type":"SearchAction","target":{"@type":"EntryPoint","urlTemplate":"https:\/\/isadistribution.fr\/en\/?s={search_term_string}"},"query-input":{"@type":"PropertyValueSpecification","valueRequired":true,"valueName":"search_term_string"}}],"inLanguage":"en-US"},{"@type":"Organization","@id":"https:\/\/isadistribution.fr\/en\/#organization","name":"Isa Distribution","url":"https:\/\/isadistribution.fr\/en\/","logo":{"@type":"ImageObject","inLanguage":"en-US","@id":"https:\/\/isadistribution.fr\/en\/#\/schema\/logo\/image\/","url":"https:\/\/i0.wp.com\/isadistribution.fr\/wp-content\/uploads\/2019\/05\/isa-logo1-01.png?fit=2180%2C2061&ssl=1","contentUrl":"https:\/\/i0.wp.com\/isadistribution.fr\/wp-content\/uploads\/2019\/05\/isa-logo1-01.png?fit=2180%2C2061&ssl=1","width":2180,"height":2061,"caption":"Isa Distribution"},"image":{"@id":"https:\/\/isadistribution.fr\/en\/#\/schema\/logo\/image\/"},"sameAs":["https:\/\/www.facebook.com\/ISA-Distribution-247007699149931\/","https:\/\/www.instagram.com\/isa_distribution\/","https:\/\/www.youtube.com\/channel\/UC0yHnCvIF7GN3j5MAHLb0yQ"]}]}},"jetpack_likes_enabled":true,"jetpack_sharing_enabled":true,"jetpack-related-posts":[],"_links":{"self":[{"href":"https:\/\/isadistribution.fr\/en\/wp-json\/wp\/v2\/product\/88509","targetHints":{"allow":["GET"]}}],"collection":[{"href":"https:\/\/isadistribution.fr\/en\/wp-json\/wp\/v2\/product"}],"about":[{"href":"https:\/\/isadistribution.fr\/en\/wp-json\/wp\/v2\/types\/product"}],"version-history":[{"count":1,"href":"https:\/\/isadistribution.fr\/en\/wp-json\/wp\/v2\/product\/88509\/revisions"}],"predecessor-version":[{"id":88512,"href":"https:\/\/isadistribution.fr\/en\/wp-json\/wp\/v2\/product\/88509\/revisions\/88512"}],"wp:featuredmedia":[{"embeddable":true,"href":"https:\/\/isadistribution.fr\/en\/wp-json\/wp\/v2\/media\/99574"}],"wp:attachment":[{"href":"https:\/\/isadistribution.fr\/en\/wp-json\/wp\/v2\/media?parent=88509"}],"wp:term":[{"taxonomy":"product_brand","embeddable":true,"href":"https:\/\/isadistribution.fr\/en\/wp-json\/wp\/v2\/product_brand?post=88509"},{"taxonomy":"product_cat","embeddable":true,"href":"https:\/\/isadistribution.fr\/en\/wp-json\/wp\/v2\/product_cat?post=88509"},{"taxonomy":"product_tag","embeddable":true,"href":"https:\/\/isadistribution.fr\/en\/wp-json\/wp\/v2\/product_tag?post=88509"}],"curies":[{"name":"wp","href":"https:\/\/api.w.org\/{rel}","templated":true}]}}