{"id":84560,"date":"2022-12-18T18:25:29","date_gmt":"2022-12-18T22:25:29","guid":{"rendered":"https:\/\/isadistribution.fr\/?post_type=product&#038;p=84560"},"modified":"2026-04-04T23:36:38","modified_gmt":"2026-04-05T03:36:38","slug":"creme-main-lait-miel-30ml","status":"publish","type":"product","link":"https:\/\/isadistribution.fr\/en\/produit\/creme-main-lait-miel-30ml\/","title":{"rendered":"Cr\u00e8me main lait au miel 30ml"},"content":{"rendered":"<p>Lait au miel &#8211; Soin nourrissant<\/p>\n<p>Hydratation intense<\/p>\n<p>formul\u00e9 avec glyc\u00e9rine et acide hyaluronique, ce soins aide a maintenir l&#8217;hydratation de la peau et \u00e0 pr\u00e9venir la d\u00e9shydratation<\/p>\n<p>Enrichi au beurre de cacao et beurre de karit\u00e9 , il nourrit la peau en profondeur et la laisse douce et souple.<\/p>\n<p>grace \u00e0 la camomille et l&#8217;allantoine , il aide \u00e0 calmer et apaiser la peau , ideal apr\u00e8s les soins ou pour les peaux sensibles<\/p>\n<p>sa texture l\u00e9g\u00e8re p\u00e9n\u00e8tre rapidement sans effet gras et procure une sensation de confort imm\u00e9diat<\/p>\n<p>contient de la vitamine e et huiles v\u00e9g\u00e9tales qui aident \u00e0 prot\u00e9ger la peau contre les agressions ext\u00e9rieures.<\/p>\n<p>Un parfum doux et agr\u00e9able pour une exp\u00e9rience sensorielle raffin\u00e9e.<\/p>\n<p>format pratique 30 ml<\/p>\n<p>compact et facile \u00e0 transporter<\/p>\n<p>LISTE INCI : AQUA, BUTYLENE GLYCOL, DIMETHICONE, GLYCERIN, CETEARYL ALCOHOL, THEOBROMA CACAO SEED BUTTER, CETYL ETHYLHEXANOATE, CETEARYL GLUCOSIDE,<span class=\"Apple-converted-space\">\u00a0 <\/span>POLYGLYCERYL-3 DIISOSTEARATE, GLYCERYL STEARATE, PEG-100 STEARATE, PHENOXYETHANOL, ETHYLHEXYLGLYCERIN, POLYACRYLAMIDE, C13-14 ISOPARAFFIN, LAURETH-7, HYDROXYACETOPHENONE, ALLANTOIN, METHYLPARABEN, TOCOPHERYL ACETATE, SIMMONDSIA CHINENSIS SEED OIL, BUTYROSPERMUM PARKII BUTTER,<span class=\"Apple-converted-space\">\u00a0 <\/span>CHAMOMILLA RECUTITA FLOWER WATER, PARFUM, DIPOTASSIUM GLYCYRRHIZATE, SODIUM HYALURONATE, SODIUM BENZOATE, POTASSIUM SORBATE<\/p>\n","protected":false},"excerpt":{"rendered":"<p>Lait au miel &#8211; Soin nourrissant Hydratation intense formul\u00e9 avec glyc\u00e9rine et acide hyaluronique, ce soins aide a maintenir l&#8217;hydratation&hellip;<\/p>\n","protected":false},"featured_media":99475,"template":"","meta":{"_joinchat":[]},"product_brand":[],"product_cat":[947],"product_tag":[],"class_list":{"0":"post-84560","1":"product","2":"type-product","3":"status-publish","4":"has-post-thumbnail","6":"product_cat-soins","8":"first","9":"instock","10":"taxable","11":"shipping-taxable","12":"purchasable","13":"product-type-simple"},"yoast_head":"<!-- This site is optimized with the Yoast SEO plugin v27.2 - https:\/\/yoast.com\/product\/yoast-seo-wordpress\/ -->\n<title>Cr\u00e8me main lait au miel 30ml &#8226;<\/title>\n<meta name=\"robots\" content=\"index, follow, max-snippet:-1, max-image-preview:large, max-video-preview:-1\" \/>\n<link rel=\"canonical\" href=\"https:\/\/isadistribution.fr\/produit\/creme-main-lait-miel-30ml\/\" \/>\n<meta name=\"twitter:label1\" content=\"Est. reading time\" \/>\n\t<meta name=\"twitter:data1\" content=\"2 minutes\" \/>\n<script type=\"application\/ld+json\" class=\"yoast-schema-graph\">{\"@context\":\"https:\/\/schema.org\",\"@graph\":[{\"@type\":\"WebPage\",\"@id\":\"https:\/\/isadistribution.fr\/produit\/creme-main-lait-miel-30ml\/\",\"url\":\"https:\/\/isadistribution.fr\/produit\/creme-main-lait-miel-30ml\/\",\"name\":\"Cr\u00e8me main lait au miel 30ml &#8226;\",\"isPartOf\":{\"@id\":\"https:\/\/isadistribution.fr\/#website\"},\"primaryImageOfPage\":{\"@id\":\"https:\/\/isadistribution.fr\/produit\/creme-main-lait-miel-30ml\/#primaryimage\"},\"image\":{\"@id\":\"https:\/\/isadistribution.fr\/produit\/creme-main-lait-miel-30ml\/#primaryimage\"},\"thumbnailUrl\":\"https:\/\/i0.wp.com\/isadistribution.fr\/wp-content\/uploads\/2022\/12\/085DD454-FACE-4D64-8400-417275A29125.png?fit=1024%2C1536&ssl=1\",\"datePublished\":\"2022-12-18T22:25:29+00:00\",\"dateModified\":\"2026-04-05T03:36:38+00:00\",\"breadcrumb\":{\"@id\":\"https:\/\/isadistribution.fr\/produit\/creme-main-lait-miel-30ml\/#breadcrumb\"},\"inLanguage\":\"en-US\",\"potentialAction\":[{\"@type\":\"ReadAction\",\"target\":[\"https:\/\/isadistribution.fr\/produit\/creme-main-lait-miel-30ml\/\"]}]},{\"@type\":\"ImageObject\",\"inLanguage\":\"en-US\",\"@id\":\"https:\/\/isadistribution.fr\/produit\/creme-main-lait-miel-30ml\/#primaryimage\",\"url\":\"https:\/\/i0.wp.com\/isadistribution.fr\/wp-content\/uploads\/2022\/12\/085DD454-FACE-4D64-8400-417275A29125.png?fit=1024%2C1536&ssl=1\",\"contentUrl\":\"https:\/\/i0.wp.com\/isadistribution.fr\/wp-content\/uploads\/2022\/12\/085DD454-FACE-4D64-8400-417275A29125.png?fit=1024%2C1536&ssl=1\",\"width\":1024,\"height\":1536},{\"@type\":\"BreadcrumbList\",\"@id\":\"https:\/\/isadistribution.fr\/produit\/creme-main-lait-miel-30ml\/#breadcrumb\",\"itemListElement\":[{\"@type\":\"ListItem\",\"position\":1,\"name\":\"Home\",\"item\":\"https:\/\/isadistribution.fr\/en\/\"},{\"@type\":\"ListItem\",\"position\":2,\"name\":\"boutique\",\"item\":\"https:\/\/isadistribution.fr\/gel-de-construction\/boutique-4\/\"},{\"@type\":\"ListItem\",\"position\":3,\"name\":\"Cr\u00e8me main lait au miel 30ml\"}]},{\"@type\":\"WebSite\",\"@id\":\"https:\/\/isadistribution.fr\/#website\",\"url\":\"https:\/\/isadistribution.fr\/\",\"name\":\"Isadistribution.fr\",\"description\":\"VOTRE R\u00c9F\u00c9RENCE PROFESSIONNELLE POUR LA BEAUT\u00c9 DES ONGLES \",\"publisher\":{\"@id\":\"https:\/\/isadistribution.fr\/#organization\"},\"potentialAction\":[{\"@type\":\"SearchAction\",\"target\":{\"@type\":\"EntryPoint\",\"urlTemplate\":\"https:\/\/isadistribution.fr\/?s={search_term_string}\"},\"query-input\":{\"@type\":\"PropertyValueSpecification\",\"valueRequired\":true,\"valueName\":\"search_term_string\"}}],\"inLanguage\":\"en-US\"},{\"@type\":\"Organization\",\"@id\":\"https:\/\/isadistribution.fr\/#organization\",\"name\":\"Isa Distribution\",\"url\":\"https:\/\/isadistribution.fr\/\",\"logo\":{\"@type\":\"ImageObject\",\"inLanguage\":\"en-US\",\"@id\":\"https:\/\/isadistribution.fr\/#\/schema\/logo\/image\/\",\"url\":\"https:\/\/i0.wp.com\/isadistribution.fr\/wp-content\/uploads\/2019\/05\/isa-logo1-01.png?fit=2180%2C2061&ssl=1\",\"contentUrl\":\"https:\/\/i0.wp.com\/isadistribution.fr\/wp-content\/uploads\/2019\/05\/isa-logo1-01.png?fit=2180%2C2061&ssl=1\",\"width\":2180,\"height\":2061,\"caption\":\"Isa Distribution\"},\"image\":{\"@id\":\"https:\/\/isadistribution.fr\/#\/schema\/logo\/image\/\"},\"sameAs\":[\"https:\/\/www.facebook.com\/ISA-Distribution-247007699149931\/\",\"https:\/\/www.instagram.com\/isa_distribution\/\",\"https:\/\/www.youtube.com\/channel\/UC0yHnCvIF7GN3j5MAHLb0yQ\"]}]}<\/script>\n<!-- \/ Yoast SEO plugin. -->","yoast_head_json":{"title":"Cr\u00e8me main lait au miel 30ml &#8226;","robots":{"index":"index","follow":"follow","max-snippet":"max-snippet:-1","max-image-preview":"max-image-preview:large","max-video-preview":"max-video-preview:-1"},"canonical":"https:\/\/isadistribution.fr\/produit\/creme-main-lait-miel-30ml\/","twitter_misc":{"Est. reading time":"2 minutes"},"schema":{"@context":"https:\/\/schema.org","@graph":[{"@type":"WebPage","@id":"https:\/\/isadistribution.fr\/produit\/creme-main-lait-miel-30ml\/","url":"https:\/\/isadistribution.fr\/produit\/creme-main-lait-miel-30ml\/","name":"Cr\u00e8me main lait au miel 30ml &#8226;","isPartOf":{"@id":"https:\/\/isadistribution.fr\/#website"},"primaryImageOfPage":{"@id":"https:\/\/isadistribution.fr\/produit\/creme-main-lait-miel-30ml\/#primaryimage"},"image":{"@id":"https:\/\/isadistribution.fr\/produit\/creme-main-lait-miel-30ml\/#primaryimage"},"thumbnailUrl":"https:\/\/i0.wp.com\/isadistribution.fr\/wp-content\/uploads\/2022\/12\/085DD454-FACE-4D64-8400-417275A29125.png?fit=1024%2C1536&ssl=1","datePublished":"2022-12-18T22:25:29+00:00","dateModified":"2026-04-05T03:36:38+00:00","breadcrumb":{"@id":"https:\/\/isadistribution.fr\/produit\/creme-main-lait-miel-30ml\/#breadcrumb"},"inLanguage":"en-US","potentialAction":[{"@type":"ReadAction","target":["https:\/\/isadistribution.fr\/produit\/creme-main-lait-miel-30ml\/"]}]},{"@type":"ImageObject","inLanguage":"en-US","@id":"https:\/\/isadistribution.fr\/produit\/creme-main-lait-miel-30ml\/#primaryimage","url":"https:\/\/i0.wp.com\/isadistribution.fr\/wp-content\/uploads\/2022\/12\/085DD454-FACE-4D64-8400-417275A29125.png?fit=1024%2C1536&ssl=1","contentUrl":"https:\/\/i0.wp.com\/isadistribution.fr\/wp-content\/uploads\/2022\/12\/085DD454-FACE-4D64-8400-417275A29125.png?fit=1024%2C1536&ssl=1","width":1024,"height":1536},{"@type":"BreadcrumbList","@id":"https:\/\/isadistribution.fr\/produit\/creme-main-lait-miel-30ml\/#breadcrumb","itemListElement":[{"@type":"ListItem","position":1,"name":"Home","item":"https:\/\/isadistribution.fr\/en\/"},{"@type":"ListItem","position":2,"name":"boutique","item":"https:\/\/isadistribution.fr\/gel-de-construction\/boutique-4\/"},{"@type":"ListItem","position":3,"name":"Cr\u00e8me main lait au miel 30ml"}]},{"@type":"WebSite","@id":"https:\/\/isadistribution.fr\/#website","url":"https:\/\/isadistribution.fr\/","name":"Isadistribution.fr","description":"VOTRE R\u00c9F\u00c9RENCE PROFESSIONNELLE POUR LA BEAUT\u00c9 DES ONGLES ","publisher":{"@id":"https:\/\/isadistribution.fr\/#organization"},"potentialAction":[{"@type":"SearchAction","target":{"@type":"EntryPoint","urlTemplate":"https:\/\/isadistribution.fr\/?s={search_term_string}"},"query-input":{"@type":"PropertyValueSpecification","valueRequired":true,"valueName":"search_term_string"}}],"inLanguage":"en-US"},{"@type":"Organization","@id":"https:\/\/isadistribution.fr\/#organization","name":"Isa Distribution","url":"https:\/\/isadistribution.fr\/","logo":{"@type":"ImageObject","inLanguage":"en-US","@id":"https:\/\/isadistribution.fr\/#\/schema\/logo\/image\/","url":"https:\/\/i0.wp.com\/isadistribution.fr\/wp-content\/uploads\/2019\/05\/isa-logo1-01.png?fit=2180%2C2061&ssl=1","contentUrl":"https:\/\/i0.wp.com\/isadistribution.fr\/wp-content\/uploads\/2019\/05\/isa-logo1-01.png?fit=2180%2C2061&ssl=1","width":2180,"height":2061,"caption":"Isa Distribution"},"image":{"@id":"https:\/\/isadistribution.fr\/#\/schema\/logo\/image\/"},"sameAs":["https:\/\/www.facebook.com\/ISA-Distribution-247007699149931\/","https:\/\/www.instagram.com\/isa_distribution\/","https:\/\/www.youtube.com\/channel\/UC0yHnCvIF7GN3j5MAHLb0yQ"]}]}},"jetpack_likes_enabled":true,"jetpack_sharing_enabled":true,"jetpack-related-posts":[],"_links":{"self":[{"href":"https:\/\/isadistribution.fr\/en\/wp-json\/wp\/v2\/product\/84560","targetHints":{"allow":["GET"]}}],"collection":[{"href":"https:\/\/isadistribution.fr\/en\/wp-json\/wp\/v2\/product"}],"about":[{"href":"https:\/\/isadistribution.fr\/en\/wp-json\/wp\/v2\/types\/product"}],"version-history":[{"count":2,"href":"https:\/\/isadistribution.fr\/en\/wp-json\/wp\/v2\/product\/84560\/revisions"}],"predecessor-version":[{"id":99478,"href":"https:\/\/isadistribution.fr\/en\/wp-json\/wp\/v2\/product\/84560\/revisions\/99478"}],"wp:featuredmedia":[{"embeddable":true,"href":"https:\/\/isadistribution.fr\/en\/wp-json\/wp\/v2\/media\/99475"}],"wp:attachment":[{"href":"https:\/\/isadistribution.fr\/en\/wp-json\/wp\/v2\/media?parent=84560"}],"wp:term":[{"taxonomy":"product_brand","embeddable":true,"href":"https:\/\/isadistribution.fr\/en\/wp-json\/wp\/v2\/product_brand?post=84560"},{"taxonomy":"product_cat","embeddable":true,"href":"https:\/\/isadistribution.fr\/en\/wp-json\/wp\/v2\/product_cat?post=84560"},{"taxonomy":"product_tag","embeddable":true,"href":"https:\/\/isadistribution.fr\/en\/wp-json\/wp\/v2\/product_tag?post=84560"}],"curies":[{"name":"wp","href":"https:\/\/api.w.org\/{rel}","templated":true}]}}