{"id":80352,"date":"2022-03-17T15:25:24","date_gmt":"2022-03-17T19:25:24","guid":{"rendered":"https:\/\/isadistribution.fr\/?post_type=product&#038;p=80352"},"modified":"2023-11-07T17:47:30","modified_gmt":"2023-11-07T21:47:30","slug":"kit-fibre-de-verre-ultra-resistant","status":"publish","type":"product","link":"https:\/\/isadistribution.fr\/en\/produit\/kit-fibre-de-verre-ultra-resistant\/","title":{"rendered":"Kit Fibre de verre &#8220;Ultra r\u00e9sistant&#8221;"},"content":{"rendered":"<p>Ce kit inclus : ph bond &#8211; primer- fibre de verre nude design 50g- top coat parfum fraise- cr\u00e8me main p\u00eache\/Cam\u00e9lia hydratante et raffermissante, huile cuticule parfum\u00e9e parfum rose , \u00a0pinceau gel 100% kolinsky -cleanser gel- (lime \u00e9ponge &#8211; lime 80\/180) offert ( une fiche protocole offerte dans ce kit) .<\/p>\n<p>Ce kit conviendra aussi bien \u00e0 un particulier qu&#8217;a un professionnel.<br \/>\nSi vous avez les ongles mous , cass\u00e9s , fragilis\u00e9s, abim\u00e9s, ce kit sera excellent pour renforcer vos ongles naturels afin de les rendre tr\u00e8s r\u00e9sistants voir incassable .<\/p>\n<p>Une seule couche du gel fibre de verre viendra r\u00e9parer vos ongles<\/p>\n","protected":false},"excerpt":{"rendered":"<p>Ce kit inclus : ph bond &#8211; primer- fibre de verre nude design 50g- top coat parfum fraise- cr\u00e8me main&hellip;<\/p>\n","protected":false},"featured_media":80353,"template":"","meta":{"_joinchat":[]},"product_brand":[],"product_cat":[1064,525],"product_tag":[],"class_list":{"0":"post-80352","1":"product","2":"type-product","3":"status-publish","4":"has-post-thumbnail","6":"product_cat-base-fibre-de-verre","7":"product_cat-nos-gels","9":"first","10":"outofstock","11":"taxable","12":"shipping-taxable","13":"purchasable","14":"product-type-simple"},"yoast_head":"<!-- This site is optimized with the Yoast SEO plugin v27.2 - https:\/\/yoast.com\/product\/yoast-seo-wordpress\/ -->\n<title>Kit Fibre de verre &quot;Ultra r\u00e9sistant&quot; &#8226;<\/title>\n<meta name=\"robots\" content=\"index, follow, max-snippet:-1, max-image-preview:large, max-video-preview:-1\" \/>\n<link rel=\"canonical\" href=\"https:\/\/isadistribution.fr\/produit\/kit-fibre-de-verre-ultra-resistant\/\" \/>\n<meta name=\"twitter:label1\" content=\"Est. reading time\" \/>\n\t<meta name=\"twitter:data1\" content=\"1 minute\" \/>\n<script type=\"application\/ld+json\" class=\"yoast-schema-graph\">{\"@context\":\"https:\/\/schema.org\",\"@graph\":[{\"@type\":\"WebPage\",\"@id\":\"https:\/\/isadistribution.fr\/produit\/kit-fibre-de-verre-ultra-resistant\/\",\"url\":\"https:\/\/isadistribution.fr\/produit\/kit-fibre-de-verre-ultra-resistant\/\",\"name\":\"Kit Fibre de verre \\\"Ultra r\u00e9sistant\\\" &#8226;\",\"isPartOf\":{\"@id\":\"https:\/\/isadistribution.fr\/#website\"},\"primaryImageOfPage\":{\"@id\":\"https:\/\/isadistribution.fr\/produit\/kit-fibre-de-verre-ultra-resistant\/#primaryimage\"},\"image\":{\"@id\":\"https:\/\/isadistribution.fr\/produit\/kit-fibre-de-verre-ultra-resistant\/#primaryimage\"},\"thumbnailUrl\":\"https:\/\/i0.wp.com\/isadistribution.fr\/wp-content\/uploads\/2022\/03\/fibre-de-verre-affiche-.gif?fit=471%2C349&ssl=1\",\"datePublished\":\"2022-03-17T19:25:24+00:00\",\"dateModified\":\"2023-11-07T21:47:30+00:00\",\"breadcrumb\":{\"@id\":\"https:\/\/isadistribution.fr\/produit\/kit-fibre-de-verre-ultra-resistant\/#breadcrumb\"},\"inLanguage\":\"en-US\",\"potentialAction\":[{\"@type\":\"ReadAction\",\"target\":[\"https:\/\/isadistribution.fr\/produit\/kit-fibre-de-verre-ultra-resistant\/\"]}]},{\"@type\":\"ImageObject\",\"inLanguage\":\"en-US\",\"@id\":\"https:\/\/isadistribution.fr\/produit\/kit-fibre-de-verre-ultra-resistant\/#primaryimage\",\"url\":\"https:\/\/i0.wp.com\/isadistribution.fr\/wp-content\/uploads\/2022\/03\/fibre-de-verre-affiche-.gif?fit=471%2C349&ssl=1\",\"contentUrl\":\"https:\/\/i0.wp.com\/isadistribution.fr\/wp-content\/uploads\/2022\/03\/fibre-de-verre-affiche-.gif?fit=471%2C349&ssl=1\",\"width\":471,\"height\":349},{\"@type\":\"BreadcrumbList\",\"@id\":\"https:\/\/isadistribution.fr\/produit\/kit-fibre-de-verre-ultra-resistant\/#breadcrumb\",\"itemListElement\":[{\"@type\":\"ListItem\",\"position\":1,\"name\":\"Home\",\"item\":\"https:\/\/isadistribution.fr\/en\/\"},{\"@type\":\"ListItem\",\"position\":2,\"name\":\"boutique\",\"item\":\"https:\/\/isadistribution.fr\/gel-de-construction\/boutique-4\/\"},{\"@type\":\"ListItem\",\"position\":3,\"name\":\"Kit Fibre de verre &#8220;Ultra r\u00e9sistant&#8221;\"}]},{\"@type\":\"WebSite\",\"@id\":\"https:\/\/isadistribution.fr\/#website\",\"url\":\"https:\/\/isadistribution.fr\/\",\"name\":\"Isadistribution.fr\",\"description\":\"VOTRE R\u00c9F\u00c9RENCE PROFESSIONNELLE POUR LA BEAUT\u00c9 DES ONGLES \",\"publisher\":{\"@id\":\"https:\/\/isadistribution.fr\/#organization\"},\"potentialAction\":[{\"@type\":\"SearchAction\",\"target\":{\"@type\":\"EntryPoint\",\"urlTemplate\":\"https:\/\/isadistribution.fr\/?s={search_term_string}\"},\"query-input\":{\"@type\":\"PropertyValueSpecification\",\"valueRequired\":true,\"valueName\":\"search_term_string\"}}],\"inLanguage\":\"en-US\"},{\"@type\":\"Organization\",\"@id\":\"https:\/\/isadistribution.fr\/#organization\",\"name\":\"Isa Distribution\",\"url\":\"https:\/\/isadistribution.fr\/\",\"logo\":{\"@type\":\"ImageObject\",\"inLanguage\":\"en-US\",\"@id\":\"https:\/\/isadistribution.fr\/#\/schema\/logo\/image\/\",\"url\":\"https:\/\/i0.wp.com\/isadistribution.fr\/wp-content\/uploads\/2019\/05\/isa-logo1-01.png?fit=2180%2C2061&ssl=1\",\"contentUrl\":\"https:\/\/i0.wp.com\/isadistribution.fr\/wp-content\/uploads\/2019\/05\/isa-logo1-01.png?fit=2180%2C2061&ssl=1\",\"width\":2180,\"height\":2061,\"caption\":\"Isa Distribution\"},\"image\":{\"@id\":\"https:\/\/isadistribution.fr\/#\/schema\/logo\/image\/\"},\"sameAs\":[\"https:\/\/www.facebook.com\/ISA-Distribution-247007699149931\/\",\"https:\/\/www.instagram.com\/isa_distribution\/\",\"https:\/\/www.youtube.com\/channel\/UC0yHnCvIF7GN3j5MAHLb0yQ\"]}]}<\/script>\n<!-- \/ Yoast SEO plugin. -->","yoast_head_json":{"title":"Kit Fibre de verre \"Ultra r\u00e9sistant\" &#8226;","robots":{"index":"index","follow":"follow","max-snippet":"max-snippet:-1","max-image-preview":"max-image-preview:large","max-video-preview":"max-video-preview:-1"},"canonical":"https:\/\/isadistribution.fr\/produit\/kit-fibre-de-verre-ultra-resistant\/","twitter_misc":{"Est. reading time":"1 minute"},"schema":{"@context":"https:\/\/schema.org","@graph":[{"@type":"WebPage","@id":"https:\/\/isadistribution.fr\/produit\/kit-fibre-de-verre-ultra-resistant\/","url":"https:\/\/isadistribution.fr\/produit\/kit-fibre-de-verre-ultra-resistant\/","name":"Kit Fibre de verre \"Ultra r\u00e9sistant\" &#8226;","isPartOf":{"@id":"https:\/\/isadistribution.fr\/#website"},"primaryImageOfPage":{"@id":"https:\/\/isadistribution.fr\/produit\/kit-fibre-de-verre-ultra-resistant\/#primaryimage"},"image":{"@id":"https:\/\/isadistribution.fr\/produit\/kit-fibre-de-verre-ultra-resistant\/#primaryimage"},"thumbnailUrl":"https:\/\/i0.wp.com\/isadistribution.fr\/wp-content\/uploads\/2022\/03\/fibre-de-verre-affiche-.gif?fit=471%2C349&ssl=1","datePublished":"2022-03-17T19:25:24+00:00","dateModified":"2023-11-07T21:47:30+00:00","breadcrumb":{"@id":"https:\/\/isadistribution.fr\/produit\/kit-fibre-de-verre-ultra-resistant\/#breadcrumb"},"inLanguage":"en-US","potentialAction":[{"@type":"ReadAction","target":["https:\/\/isadistribution.fr\/produit\/kit-fibre-de-verre-ultra-resistant\/"]}]},{"@type":"ImageObject","inLanguage":"en-US","@id":"https:\/\/isadistribution.fr\/produit\/kit-fibre-de-verre-ultra-resistant\/#primaryimage","url":"https:\/\/i0.wp.com\/isadistribution.fr\/wp-content\/uploads\/2022\/03\/fibre-de-verre-affiche-.gif?fit=471%2C349&ssl=1","contentUrl":"https:\/\/i0.wp.com\/isadistribution.fr\/wp-content\/uploads\/2022\/03\/fibre-de-verre-affiche-.gif?fit=471%2C349&ssl=1","width":471,"height":349},{"@type":"BreadcrumbList","@id":"https:\/\/isadistribution.fr\/produit\/kit-fibre-de-verre-ultra-resistant\/#breadcrumb","itemListElement":[{"@type":"ListItem","position":1,"name":"Home","item":"https:\/\/isadistribution.fr\/en\/"},{"@type":"ListItem","position":2,"name":"boutique","item":"https:\/\/isadistribution.fr\/gel-de-construction\/boutique-4\/"},{"@type":"ListItem","position":3,"name":"Kit Fibre de verre &#8220;Ultra r\u00e9sistant&#8221;"}]},{"@type":"WebSite","@id":"https:\/\/isadistribution.fr\/#website","url":"https:\/\/isadistribution.fr\/","name":"Isadistribution.fr","description":"VOTRE R\u00c9F\u00c9RENCE PROFESSIONNELLE POUR LA BEAUT\u00c9 DES ONGLES ","publisher":{"@id":"https:\/\/isadistribution.fr\/#organization"},"potentialAction":[{"@type":"SearchAction","target":{"@type":"EntryPoint","urlTemplate":"https:\/\/isadistribution.fr\/?s={search_term_string}"},"query-input":{"@type":"PropertyValueSpecification","valueRequired":true,"valueName":"search_term_string"}}],"inLanguage":"en-US"},{"@type":"Organization","@id":"https:\/\/isadistribution.fr\/#organization","name":"Isa Distribution","url":"https:\/\/isadistribution.fr\/","logo":{"@type":"ImageObject","inLanguage":"en-US","@id":"https:\/\/isadistribution.fr\/#\/schema\/logo\/image\/","url":"https:\/\/i0.wp.com\/isadistribution.fr\/wp-content\/uploads\/2019\/05\/isa-logo1-01.png?fit=2180%2C2061&ssl=1","contentUrl":"https:\/\/i0.wp.com\/isadistribution.fr\/wp-content\/uploads\/2019\/05\/isa-logo1-01.png?fit=2180%2C2061&ssl=1","width":2180,"height":2061,"caption":"Isa Distribution"},"image":{"@id":"https:\/\/isadistribution.fr\/#\/schema\/logo\/image\/"},"sameAs":["https:\/\/www.facebook.com\/ISA-Distribution-247007699149931\/","https:\/\/www.instagram.com\/isa_distribution\/","https:\/\/www.youtube.com\/channel\/UC0yHnCvIF7GN3j5MAHLb0yQ"]}]}},"jetpack_likes_enabled":true,"jetpack_sharing_enabled":true,"jetpack-related-posts":[],"_links":{"self":[{"href":"https:\/\/isadistribution.fr\/en\/wp-json\/wp\/v2\/product\/80352","targetHints":{"allow":["GET"]}}],"collection":[{"href":"https:\/\/isadistribution.fr\/en\/wp-json\/wp\/v2\/product"}],"about":[{"href":"https:\/\/isadistribution.fr\/en\/wp-json\/wp\/v2\/types\/product"}],"version-history":[{"count":2,"href":"https:\/\/isadistribution.fr\/en\/wp-json\/wp\/v2\/product\/80352\/revisions"}],"predecessor-version":[{"id":88029,"href":"https:\/\/isadistribution.fr\/en\/wp-json\/wp\/v2\/product\/80352\/revisions\/88029"}],"wp:featuredmedia":[{"embeddable":true,"href":"https:\/\/isadistribution.fr\/en\/wp-json\/wp\/v2\/media\/80353"}],"wp:attachment":[{"href":"https:\/\/isadistribution.fr\/en\/wp-json\/wp\/v2\/media?parent=80352"}],"wp:term":[{"taxonomy":"product_brand","embeddable":true,"href":"https:\/\/isadistribution.fr\/en\/wp-json\/wp\/v2\/product_brand?post=80352"},{"taxonomy":"product_cat","embeddable":true,"href":"https:\/\/isadistribution.fr\/en\/wp-json\/wp\/v2\/product_cat?post=80352"},{"taxonomy":"product_tag","embeddable":true,"href":"https:\/\/isadistribution.fr\/en\/wp-json\/wp\/v2\/product_tag?post=80352"}],"curies":[{"name":"wp","href":"https:\/\/api.w.org\/{rel}","templated":true}]}}