{"id":77765,"date":"2021-11-09T12:22:42","date_gmt":"2021-11-09T16:22:42","guid":{"rendered":"https:\/\/isadistribution.fr\/?post_type=product&#038;p=77765"},"modified":"2026-04-28T16:52:28","modified_gmt":"2026-04-28T20:52:28","slug":"isa-creamy-nude-chair-50g","status":"publish","type":"product","link":"https:\/\/isadistribution.fr\/en\/produit\/isa-creamy-nude-chair-50g\/","title":{"rendered":"Isa creamy nude chair &#8220;Hema &#038; TPO free&#8221; R\u00e9assort pr\u00e9vu le 15 MAI"},"content":{"rendered":"<p>Gel de construction , texture cr\u00e9meuse, auto &#8211; \u00e9galisant , ne coule pas , facile a manipuler, excellente tenue. Ce gel est id\u00e9al pour le Chablon , reverse , capsules , popits et bien d&#8217;autres.<\/p>\n<p>NOUVELLE COMPOSITION SANS HEMA &amp; SANS TPO<\/p>\n<p>LISTE INCI : Bis-HPma Poly(1,4-Butanediol)-14\/Ipdi Copolymer, \u00a0Isobornyl Methacrylate, Hydroxycyclohexyl , Methacrylate , Silica, Ethyl Trimethylbenzoyl phenylphosphinate , Synthetic Fluorphlogopite , BHT , Tin Oxide, +\/- CI 77891, CI 77491, CI 77492, CI 19140, CI 15850, CI 74260, CI 74160, CI 77266, CI 12490 , CI 60725<\/p>\n","protected":false},"excerpt":{"rendered":"<p>Gel de construction , texture cr\u00e9meuse, auto &#8211; \u00e9galisant , ne coule pas , facile a manipuler, excellente tenue. Ce&hellip;<\/p>\n","protected":false},"featured_media":97919,"template":"","meta":{"_joinchat":[]},"product_brand":[],"product_cat":[956,1783],"product_tag":[],"class_list":{"0":"post-77765","1":"product","2":"type-product","3":"status-publish","4":"has-post-thumbnail","6":"product_cat-gel-de-construction-collection-creamy-40g","7":"product_cat-popits","8":"it-has-gallery","10":"first","11":"instock","12":"sale","13":"taxable","14":"shipping-taxable","15":"purchasable","16":"product-type-simple"},"yoast_head":"<!-- This site is optimized with the Yoast SEO plugin v27.2 - https:\/\/yoast.com\/product\/yoast-seo-wordpress\/ -->\n<title>Isa creamy nude chair &quot;Hema &amp; TPO free&quot; R\u00e9assort pr\u00e9vu le 15 MAI &#8226;<\/title>\n<meta name=\"robots\" content=\"index, follow, max-snippet:-1, max-image-preview:large, max-video-preview:-1\" \/>\n<link rel=\"canonical\" href=\"https:\/\/isadistribution.fr\/produit\/isa-creamy-nude-chair-50g\/\" \/>\n<meta name=\"twitter:label1\" content=\"Est. reading time\" \/>\n\t<meta name=\"twitter:data1\" content=\"1 minute\" \/>\n<script type=\"application\/ld+json\" class=\"yoast-schema-graph\">{\"@context\":\"https:\/\/schema.org\",\"@graph\":[{\"@type\":\"WebPage\",\"@id\":\"https:\/\/isadistribution.fr\/produit\/isa-creamy-nude-chair-50g\/\",\"url\":\"https:\/\/isadistribution.fr\/produit\/isa-creamy-nude-chair-50g\/\",\"name\":\"Isa creamy nude chair \\\"Hema & TPO free\\\" R\u00e9assort pr\u00e9vu le 15 MAI &#8226;\",\"isPartOf\":{\"@id\":\"https:\/\/isadistribution.fr\/#website\"},\"primaryImageOfPage\":{\"@id\":\"https:\/\/isadistribution.fr\/produit\/isa-creamy-nude-chair-50g\/#primaryimage\"},\"image\":{\"@id\":\"https:\/\/isadistribution.fr\/produit\/isa-creamy-nude-chair-50g\/#primaryimage\"},\"thumbnailUrl\":\"https:\/\/i0.wp.com\/isadistribution.fr\/wp-content\/uploads\/2021\/11\/IMG_7492.jpg?fit=1036%2C1021&ssl=1\",\"datePublished\":\"2021-11-09T16:22:42+00:00\",\"dateModified\":\"2026-04-28T20:52:28+00:00\",\"breadcrumb\":{\"@id\":\"https:\/\/isadistribution.fr\/produit\/isa-creamy-nude-chair-50g\/#breadcrumb\"},\"inLanguage\":\"en-US\",\"potentialAction\":[{\"@type\":\"ReadAction\",\"target\":[\"https:\/\/isadistribution.fr\/produit\/isa-creamy-nude-chair-50g\/\"]}]},{\"@type\":\"ImageObject\",\"inLanguage\":\"en-US\",\"@id\":\"https:\/\/isadistribution.fr\/produit\/isa-creamy-nude-chair-50g\/#primaryimage\",\"url\":\"https:\/\/i0.wp.com\/isadistribution.fr\/wp-content\/uploads\/2021\/11\/IMG_7492.jpg?fit=1036%2C1021&ssl=1\",\"contentUrl\":\"https:\/\/i0.wp.com\/isadistribution.fr\/wp-content\/uploads\/2021\/11\/IMG_7492.jpg?fit=1036%2C1021&ssl=1\",\"width\":1036,\"height\":1021},{\"@type\":\"BreadcrumbList\",\"@id\":\"https:\/\/isadistribution.fr\/produit\/isa-creamy-nude-chair-50g\/#breadcrumb\",\"itemListElement\":[{\"@type\":\"ListItem\",\"position\":1,\"name\":\"Home\",\"item\":\"https:\/\/isadistribution.fr\/en\/\"},{\"@type\":\"ListItem\",\"position\":2,\"name\":\"boutique\",\"item\":\"https:\/\/isadistribution.fr\/gel-de-construction\/boutique-4\/\"},{\"@type\":\"ListItem\",\"position\":3,\"name\":\"Isa creamy nude chair \u00ab\u00a0Hema &#038; TPO free\u00a0\u00bb R\u00e9assort pr\u00e9vu le 15 MAI\"}]},{\"@type\":\"WebSite\",\"@id\":\"https:\/\/isadistribution.fr\/#website\",\"url\":\"https:\/\/isadistribution.fr\/\",\"name\":\"Isadistribution.fr\",\"description\":\"VOTRE R\u00c9F\u00c9RENCE PROFESSIONNELLE POUR LA BEAUT\u00c9 DES ONGLES \",\"publisher\":{\"@id\":\"https:\/\/isadistribution.fr\/#organization\"},\"potentialAction\":[{\"@type\":\"SearchAction\",\"target\":{\"@type\":\"EntryPoint\",\"urlTemplate\":\"https:\/\/isadistribution.fr\/?s={search_term_string}\"},\"query-input\":{\"@type\":\"PropertyValueSpecification\",\"valueRequired\":true,\"valueName\":\"search_term_string\"}}],\"inLanguage\":\"en-US\"},{\"@type\":\"Organization\",\"@id\":\"https:\/\/isadistribution.fr\/#organization\",\"name\":\"Isa Distribution\",\"url\":\"https:\/\/isadistribution.fr\/\",\"logo\":{\"@type\":\"ImageObject\",\"inLanguage\":\"en-US\",\"@id\":\"https:\/\/isadistribution.fr\/#\/schema\/logo\/image\/\",\"url\":\"https:\/\/i0.wp.com\/isadistribution.fr\/wp-content\/uploads\/2019\/05\/isa-logo1-01.png?fit=2180%2C2061&ssl=1\",\"contentUrl\":\"https:\/\/i0.wp.com\/isadistribution.fr\/wp-content\/uploads\/2019\/05\/isa-logo1-01.png?fit=2180%2C2061&ssl=1\",\"width\":2180,\"height\":2061,\"caption\":\"Isa Distribution\"},\"image\":{\"@id\":\"https:\/\/isadistribution.fr\/#\/schema\/logo\/image\/\"},\"sameAs\":[\"https:\/\/www.facebook.com\/ISA-Distribution-247007699149931\/\",\"https:\/\/www.instagram.com\/isa_distribution\/\",\"https:\/\/www.youtube.com\/channel\/UC0yHnCvIF7GN3j5MAHLb0yQ\"]}]}<\/script>\n<!-- \/ Yoast SEO plugin. -->","yoast_head_json":{"title":"Isa creamy nude chair \"Hema & TPO free\" R\u00e9assort pr\u00e9vu le 15 MAI &#8226;","robots":{"index":"index","follow":"follow","max-snippet":"max-snippet:-1","max-image-preview":"max-image-preview:large","max-video-preview":"max-video-preview:-1"},"canonical":"https:\/\/isadistribution.fr\/produit\/isa-creamy-nude-chair-50g\/","twitter_misc":{"Est. reading time":"1 minute"},"schema":{"@context":"https:\/\/schema.org","@graph":[{"@type":"WebPage","@id":"https:\/\/isadistribution.fr\/produit\/isa-creamy-nude-chair-50g\/","url":"https:\/\/isadistribution.fr\/produit\/isa-creamy-nude-chair-50g\/","name":"Isa creamy nude chair \"Hema & TPO free\" R\u00e9assort pr\u00e9vu le 15 MAI &#8226;","isPartOf":{"@id":"https:\/\/isadistribution.fr\/#website"},"primaryImageOfPage":{"@id":"https:\/\/isadistribution.fr\/produit\/isa-creamy-nude-chair-50g\/#primaryimage"},"image":{"@id":"https:\/\/isadistribution.fr\/produit\/isa-creamy-nude-chair-50g\/#primaryimage"},"thumbnailUrl":"https:\/\/i0.wp.com\/isadistribution.fr\/wp-content\/uploads\/2021\/11\/IMG_7492.jpg?fit=1036%2C1021&ssl=1","datePublished":"2021-11-09T16:22:42+00:00","dateModified":"2026-04-28T20:52:28+00:00","breadcrumb":{"@id":"https:\/\/isadistribution.fr\/produit\/isa-creamy-nude-chair-50g\/#breadcrumb"},"inLanguage":"en-US","potentialAction":[{"@type":"ReadAction","target":["https:\/\/isadistribution.fr\/produit\/isa-creamy-nude-chair-50g\/"]}]},{"@type":"ImageObject","inLanguage":"en-US","@id":"https:\/\/isadistribution.fr\/produit\/isa-creamy-nude-chair-50g\/#primaryimage","url":"https:\/\/i0.wp.com\/isadistribution.fr\/wp-content\/uploads\/2021\/11\/IMG_7492.jpg?fit=1036%2C1021&ssl=1","contentUrl":"https:\/\/i0.wp.com\/isadistribution.fr\/wp-content\/uploads\/2021\/11\/IMG_7492.jpg?fit=1036%2C1021&ssl=1","width":1036,"height":1021},{"@type":"BreadcrumbList","@id":"https:\/\/isadistribution.fr\/produit\/isa-creamy-nude-chair-50g\/#breadcrumb","itemListElement":[{"@type":"ListItem","position":1,"name":"Home","item":"https:\/\/isadistribution.fr\/en\/"},{"@type":"ListItem","position":2,"name":"boutique","item":"https:\/\/isadistribution.fr\/gel-de-construction\/boutique-4\/"},{"@type":"ListItem","position":3,"name":"Isa creamy nude chair \u00ab\u00a0Hema &#038; TPO free\u00a0\u00bb R\u00e9assort pr\u00e9vu le 15 MAI"}]},{"@type":"WebSite","@id":"https:\/\/isadistribution.fr\/#website","url":"https:\/\/isadistribution.fr\/","name":"Isadistribution.fr","description":"VOTRE R\u00c9F\u00c9RENCE PROFESSIONNELLE POUR LA BEAUT\u00c9 DES ONGLES ","publisher":{"@id":"https:\/\/isadistribution.fr\/#organization"},"potentialAction":[{"@type":"SearchAction","target":{"@type":"EntryPoint","urlTemplate":"https:\/\/isadistribution.fr\/?s={search_term_string}"},"query-input":{"@type":"PropertyValueSpecification","valueRequired":true,"valueName":"search_term_string"}}],"inLanguage":"en-US"},{"@type":"Organization","@id":"https:\/\/isadistribution.fr\/#organization","name":"Isa Distribution","url":"https:\/\/isadistribution.fr\/","logo":{"@type":"ImageObject","inLanguage":"en-US","@id":"https:\/\/isadistribution.fr\/#\/schema\/logo\/image\/","url":"https:\/\/i0.wp.com\/isadistribution.fr\/wp-content\/uploads\/2019\/05\/isa-logo1-01.png?fit=2180%2C2061&ssl=1","contentUrl":"https:\/\/i0.wp.com\/isadistribution.fr\/wp-content\/uploads\/2019\/05\/isa-logo1-01.png?fit=2180%2C2061&ssl=1","width":2180,"height":2061,"caption":"Isa Distribution"},"image":{"@id":"https:\/\/isadistribution.fr\/#\/schema\/logo\/image\/"},"sameAs":["https:\/\/www.facebook.com\/ISA-Distribution-247007699149931\/","https:\/\/www.instagram.com\/isa_distribution\/","https:\/\/www.youtube.com\/channel\/UC0yHnCvIF7GN3j5MAHLb0yQ"]}]}},"jetpack_likes_enabled":true,"jetpack_sharing_enabled":true,"jetpack-related-posts":[],"_links":{"self":[{"href":"https:\/\/isadistribution.fr\/en\/wp-json\/wp\/v2\/product\/77765","targetHints":{"allow":["GET"]}}],"collection":[{"href":"https:\/\/isadistribution.fr\/en\/wp-json\/wp\/v2\/product"}],"about":[{"href":"https:\/\/isadistribution.fr\/en\/wp-json\/wp\/v2\/types\/product"}],"version-history":[{"count":2,"href":"https:\/\/isadistribution.fr\/en\/wp-json\/wp\/v2\/product\/77765\/revisions"}],"predecessor-version":[{"id":99779,"href":"https:\/\/isadistribution.fr\/en\/wp-json\/wp\/v2\/product\/77765\/revisions\/99779"}],"wp:featuredmedia":[{"embeddable":true,"href":"https:\/\/isadistribution.fr\/en\/wp-json\/wp\/v2\/media\/97919"}],"wp:attachment":[{"href":"https:\/\/isadistribution.fr\/en\/wp-json\/wp\/v2\/media?parent=77765"}],"wp:term":[{"taxonomy":"product_brand","embeddable":true,"href":"https:\/\/isadistribution.fr\/en\/wp-json\/wp\/v2\/product_brand?post=77765"},{"taxonomy":"product_cat","embeddable":true,"href":"https:\/\/isadistribution.fr\/en\/wp-json\/wp\/v2\/product_cat?post=77765"},{"taxonomy":"product_tag","embeddable":true,"href":"https:\/\/isadistribution.fr\/en\/wp-json\/wp\/v2\/product_tag?post=77765"}],"curies":[{"name":"wp","href":"https:\/\/api.w.org\/{rel}","templated":true}]}}