{"id":65414,"date":"2020-08-20T10:27:36","date_gmt":"2020-08-20T14:27:36","guid":{"rendered":"https:\/\/isadistribution.fr\/?post_type=product&#038;p=65414"},"modified":"2023-11-08T18:17:27","modified_gmt":"2023-11-08T22:17:27","slug":"matrix-white","status":"publish","type":"product","link":"https:\/\/isadistribution.fr\/en\/produit\/matrix-white\/","title":{"rendered":"matrix white 8ml"},"content":{"rendered":"","protected":false},"excerpt":{"rendered":"","protected":false},"featured_media":85781,"template":"","meta":{"_joinchat":[]},"product_brand":[],"product_cat":[910],"product_tag":[],"class_list":{"0":"post-65414","1":"product","2":"type-product","3":"status-publish","4":"has-post-thumbnail","6":"product_cat-matrix-white","8":"first","9":"outofstock","10":"taxable","11":"shipping-taxable","12":"purchasable","13":"product-type-simple"},"yoast_head":"<!-- This site is optimized with the Yoast SEO plugin v27.2 - https:\/\/yoast.com\/product\/yoast-seo-wordpress\/ -->\n<title>matrix white 8ml &#8226;<\/title>\n<meta name=\"robots\" content=\"index, follow, max-snippet:-1, max-image-preview:large, max-video-preview:-1\" \/>\n<link rel=\"canonical\" href=\"https:\/\/isadistribution.fr\/produit\/matrix-white\/\" \/>\n<script type=\"application\/ld+json\" class=\"yoast-schema-graph\">{\"@context\":\"https:\/\/schema.org\",\"@graph\":[{\"@type\":\"WebPage\",\"@id\":\"https:\/\/isadistribution.fr\/produit\/matrix-white\/\",\"url\":\"https:\/\/isadistribution.fr\/produit\/matrix-white\/\",\"name\":\"matrix white 8ml &#8226;\",\"isPartOf\":{\"@id\":\"https:\/\/isadistribution.fr\/#website\"},\"primaryImageOfPage\":{\"@id\":\"https:\/\/isadistribution.fr\/produit\/matrix-white\/#primaryimage\"},\"image\":{\"@id\":\"https:\/\/isadistribution.fr\/produit\/matrix-white\/#primaryimage\"},\"thumbnailUrl\":\"https:\/\/i0.wp.com\/isadistribution.fr\/wp-content\/uploads\/2020\/08\/MATRIX-.gif?fit=703%2C680&ssl=1\",\"datePublished\":\"2020-08-20T14:27:36+00:00\",\"dateModified\":\"2023-11-08T22:17:27+00:00\",\"breadcrumb\":{\"@id\":\"https:\/\/isadistribution.fr\/produit\/matrix-white\/#breadcrumb\"},\"inLanguage\":\"en-US\",\"potentialAction\":[{\"@type\":\"ReadAction\",\"target\":[\"https:\/\/isadistribution.fr\/produit\/matrix-white\/\"]}]},{\"@type\":\"ImageObject\",\"inLanguage\":\"en-US\",\"@id\":\"https:\/\/isadistribution.fr\/produit\/matrix-white\/#primaryimage\",\"url\":\"https:\/\/i0.wp.com\/isadistribution.fr\/wp-content\/uploads\/2020\/08\/MATRIX-.gif?fit=703%2C680&ssl=1\",\"contentUrl\":\"https:\/\/i0.wp.com\/isadistribution.fr\/wp-content\/uploads\/2020\/08\/MATRIX-.gif?fit=703%2C680&ssl=1\",\"width\":703,\"height\":680},{\"@type\":\"BreadcrumbList\",\"@id\":\"https:\/\/isadistribution.fr\/produit\/matrix-white\/#breadcrumb\",\"itemListElement\":[{\"@type\":\"ListItem\",\"position\":1,\"name\":\"Home\",\"item\":\"https:\/\/isadistribution.fr\/en\/\"},{\"@type\":\"ListItem\",\"position\":2,\"name\":\"boutique\",\"item\":\"https:\/\/isadistribution.fr\/gel-de-construction\/boutique-4\/\"},{\"@type\":\"ListItem\",\"position\":3,\"name\":\"matrix white 8ml\"}]},{\"@type\":\"WebSite\",\"@id\":\"https:\/\/isadistribution.fr\/#website\",\"url\":\"https:\/\/isadistribution.fr\/\",\"name\":\"Isadistribution.fr\",\"description\":\"VOTRE R\u00c9F\u00c9RENCE PROFESSIONNELLE POUR LA BEAUT\u00c9 DES ONGLES \",\"publisher\":{\"@id\":\"https:\/\/isadistribution.fr\/#organization\"},\"potentialAction\":[{\"@type\":\"SearchAction\",\"target\":{\"@type\":\"EntryPoint\",\"urlTemplate\":\"https:\/\/isadistribution.fr\/?s={search_term_string}\"},\"query-input\":{\"@type\":\"PropertyValueSpecification\",\"valueRequired\":true,\"valueName\":\"search_term_string\"}}],\"inLanguage\":\"en-US\"},{\"@type\":\"Organization\",\"@id\":\"https:\/\/isadistribution.fr\/#organization\",\"name\":\"Isa Distribution\",\"url\":\"https:\/\/isadistribution.fr\/\",\"logo\":{\"@type\":\"ImageObject\",\"inLanguage\":\"en-US\",\"@id\":\"https:\/\/isadistribution.fr\/#\/schema\/logo\/image\/\",\"url\":\"https:\/\/i0.wp.com\/isadistribution.fr\/wp-content\/uploads\/2019\/05\/isa-logo1-01.png?fit=2180%2C2061&ssl=1\",\"contentUrl\":\"https:\/\/i0.wp.com\/isadistribution.fr\/wp-content\/uploads\/2019\/05\/isa-logo1-01.png?fit=2180%2C2061&ssl=1\",\"width\":2180,\"height\":2061,\"caption\":\"Isa Distribution\"},\"image\":{\"@id\":\"https:\/\/isadistribution.fr\/#\/schema\/logo\/image\/\"},\"sameAs\":[\"https:\/\/www.facebook.com\/ISA-Distribution-247007699149931\/\",\"https:\/\/www.instagram.com\/isa_distribution\/\",\"https:\/\/www.youtube.com\/channel\/UC0yHnCvIF7GN3j5MAHLb0yQ\"]}]}<\/script>\n<!-- \/ Yoast SEO plugin. -->","yoast_head_json":{"title":"matrix white 8ml &#8226;","robots":{"index":"index","follow":"follow","max-snippet":"max-snippet:-1","max-image-preview":"max-image-preview:large","max-video-preview":"max-video-preview:-1"},"canonical":"https:\/\/isadistribution.fr\/produit\/matrix-white\/","schema":{"@context":"https:\/\/schema.org","@graph":[{"@type":"WebPage","@id":"https:\/\/isadistribution.fr\/produit\/matrix-white\/","url":"https:\/\/isadistribution.fr\/produit\/matrix-white\/","name":"matrix white 8ml &#8226;","isPartOf":{"@id":"https:\/\/isadistribution.fr\/#website"},"primaryImageOfPage":{"@id":"https:\/\/isadistribution.fr\/produit\/matrix-white\/#primaryimage"},"image":{"@id":"https:\/\/isadistribution.fr\/produit\/matrix-white\/#primaryimage"},"thumbnailUrl":"https:\/\/i0.wp.com\/isadistribution.fr\/wp-content\/uploads\/2020\/08\/MATRIX-.gif?fit=703%2C680&ssl=1","datePublished":"2020-08-20T14:27:36+00:00","dateModified":"2023-11-08T22:17:27+00:00","breadcrumb":{"@id":"https:\/\/isadistribution.fr\/produit\/matrix-white\/#breadcrumb"},"inLanguage":"en-US","potentialAction":[{"@type":"ReadAction","target":["https:\/\/isadistribution.fr\/produit\/matrix-white\/"]}]},{"@type":"ImageObject","inLanguage":"en-US","@id":"https:\/\/isadistribution.fr\/produit\/matrix-white\/#primaryimage","url":"https:\/\/i0.wp.com\/isadistribution.fr\/wp-content\/uploads\/2020\/08\/MATRIX-.gif?fit=703%2C680&ssl=1","contentUrl":"https:\/\/i0.wp.com\/isadistribution.fr\/wp-content\/uploads\/2020\/08\/MATRIX-.gif?fit=703%2C680&ssl=1","width":703,"height":680},{"@type":"BreadcrumbList","@id":"https:\/\/isadistribution.fr\/produit\/matrix-white\/#breadcrumb","itemListElement":[{"@type":"ListItem","position":1,"name":"Home","item":"https:\/\/isadistribution.fr\/en\/"},{"@type":"ListItem","position":2,"name":"boutique","item":"https:\/\/isadistribution.fr\/gel-de-construction\/boutique-4\/"},{"@type":"ListItem","position":3,"name":"matrix white 8ml"}]},{"@type":"WebSite","@id":"https:\/\/isadistribution.fr\/#website","url":"https:\/\/isadistribution.fr\/","name":"Isadistribution.fr","description":"VOTRE R\u00c9F\u00c9RENCE PROFESSIONNELLE POUR LA BEAUT\u00c9 DES ONGLES ","publisher":{"@id":"https:\/\/isadistribution.fr\/#organization"},"potentialAction":[{"@type":"SearchAction","target":{"@type":"EntryPoint","urlTemplate":"https:\/\/isadistribution.fr\/?s={search_term_string}"},"query-input":{"@type":"PropertyValueSpecification","valueRequired":true,"valueName":"search_term_string"}}],"inLanguage":"en-US"},{"@type":"Organization","@id":"https:\/\/isadistribution.fr\/#organization","name":"Isa Distribution","url":"https:\/\/isadistribution.fr\/","logo":{"@type":"ImageObject","inLanguage":"en-US","@id":"https:\/\/isadistribution.fr\/#\/schema\/logo\/image\/","url":"https:\/\/i0.wp.com\/isadistribution.fr\/wp-content\/uploads\/2019\/05\/isa-logo1-01.png?fit=2180%2C2061&ssl=1","contentUrl":"https:\/\/i0.wp.com\/isadistribution.fr\/wp-content\/uploads\/2019\/05\/isa-logo1-01.png?fit=2180%2C2061&ssl=1","width":2180,"height":2061,"caption":"Isa Distribution"},"image":{"@id":"https:\/\/isadistribution.fr\/#\/schema\/logo\/image\/"},"sameAs":["https:\/\/www.facebook.com\/ISA-Distribution-247007699149931\/","https:\/\/www.instagram.com\/isa_distribution\/","https:\/\/www.youtube.com\/channel\/UC0yHnCvIF7GN3j5MAHLb0yQ"]}]}},"jetpack_likes_enabled":true,"jetpack_sharing_enabled":true,"jetpack-related-posts":[],"_links":{"self":[{"href":"https:\/\/isadistribution.fr\/en\/wp-json\/wp\/v2\/product\/65414","targetHints":{"allow":["GET"]}}],"collection":[{"href":"https:\/\/isadistribution.fr\/en\/wp-json\/wp\/v2\/product"}],"about":[{"href":"https:\/\/isadistribution.fr\/en\/wp-json\/wp\/v2\/types\/product"}],"version-history":[{"count":1,"href":"https:\/\/isadistribution.fr\/en\/wp-json\/wp\/v2\/product\/65414\/revisions"}],"predecessor-version":[{"id":85783,"href":"https:\/\/isadistribution.fr\/en\/wp-json\/wp\/v2\/product\/65414\/revisions\/85783"}],"wp:featuredmedia":[{"embeddable":true,"href":"https:\/\/isadistribution.fr\/en\/wp-json\/wp\/v2\/media\/85781"}],"wp:attachment":[{"href":"https:\/\/isadistribution.fr\/en\/wp-json\/wp\/v2\/media?parent=65414"}],"wp:term":[{"taxonomy":"product_brand","embeddable":true,"href":"https:\/\/isadistribution.fr\/en\/wp-json\/wp\/v2\/product_brand?post=65414"},{"taxonomy":"product_cat","embeddable":true,"href":"https:\/\/isadistribution.fr\/en\/wp-json\/wp\/v2\/product_cat?post=65414"},{"taxonomy":"product_tag","embeddable":true,"href":"https:\/\/isadistribution.fr\/en\/wp-json\/wp\/v2\/product_tag?post=65414"}],"curies":[{"name":"wp","href":"https:\/\/api.w.org\/{rel}","templated":true}]}}