{"id":58891,"date":"2020-04-29T17:56:57","date_gmt":"2020-04-29T21:56:57","guid":{"rendered":"https:\/\/isadistribution.fr\/?post_type=product&#038;p=58891"},"modified":"2022-05-26T14:11:24","modified_gmt":"2022-05-26T18:11:24","slug":"stickers-supreme","status":"publish","type":"product","link":"https:\/\/isadistribution.fr\/en\/produit\/stickers-supreme\/","title":{"rendered":"Stickers Supreme"},"content":{"rendered":"","protected":false},"excerpt":{"rendered":"","protected":false},"featured_media":58892,"template":"","meta":{"_joinchat":[]},"product_brand":[],"product_cat":[494,776],"product_tag":[],"class_list":{"0":"post-58891","1":"product","2":"type-product","3":"status-publish","4":"has-post-thumbnail","6":"product_cat-decoration","7":"product_cat-stickers","9":"first","10":"instock","11":"taxable","12":"shipping-taxable","13":"purchasable","14":"product-type-simple"},"yoast_head":"<!-- This site is optimized with the Yoast SEO plugin v27.2 - https:\/\/yoast.com\/product\/yoast-seo-wordpress\/ -->\n<title>Stickers Supreme &#8226;<\/title>\n<meta name=\"robots\" content=\"index, follow, max-snippet:-1, max-image-preview:large, max-video-preview:-1\" \/>\n<link rel=\"canonical\" href=\"https:\/\/isadistribution.fr\/produit\/stickers-supreme\/\" \/>\n<script type=\"application\/ld+json\" class=\"yoast-schema-graph\">{\"@context\":\"https:\/\/schema.org\",\"@graph\":[{\"@type\":\"WebPage\",\"@id\":\"https:\/\/isadistribution.fr\/produit\/stickers-supreme\/\",\"url\":\"https:\/\/isadistribution.fr\/produit\/stickers-supreme\/\",\"name\":\"Stickers Supreme &#8226;\",\"isPartOf\":{\"@id\":\"https:\/\/isadistribution.fr\/#website\"},\"primaryImageOfPage\":{\"@id\":\"https:\/\/isadistribution.fr\/produit\/stickers-supreme\/#primaryimage\"},\"image\":{\"@id\":\"https:\/\/isadistribution.fr\/produit\/stickers-supreme\/#primaryimage\"},\"thumbnailUrl\":\"https:\/\/i0.wp.com\/isadistribution.fr\/wp-content\/uploads\/2020\/04\/IMG_8387-scaled.jpg?fit=1753%2C2560&ssl=1\",\"datePublished\":\"2020-04-29T21:56:57+00:00\",\"dateModified\":\"2022-05-26T18:11:24+00:00\",\"breadcrumb\":{\"@id\":\"https:\/\/isadistribution.fr\/produit\/stickers-supreme\/#breadcrumb\"},\"inLanguage\":\"en-US\",\"potentialAction\":[{\"@type\":\"ReadAction\",\"target\":[\"https:\/\/isadistribution.fr\/produit\/stickers-supreme\/\"]}]},{\"@type\":\"ImageObject\",\"inLanguage\":\"en-US\",\"@id\":\"https:\/\/isadistribution.fr\/produit\/stickers-supreme\/#primaryimage\",\"url\":\"https:\/\/i0.wp.com\/isadistribution.fr\/wp-content\/uploads\/2020\/04\/IMG_8387-scaled.jpg?fit=1753%2C2560&ssl=1\",\"contentUrl\":\"https:\/\/i0.wp.com\/isadistribution.fr\/wp-content\/uploads\/2020\/04\/IMG_8387-scaled.jpg?fit=1753%2C2560&ssl=1\",\"width\":1753,\"height\":2560},{\"@type\":\"BreadcrumbList\",\"@id\":\"https:\/\/isadistribution.fr\/produit\/stickers-supreme\/#breadcrumb\",\"itemListElement\":[{\"@type\":\"ListItem\",\"position\":1,\"name\":\"Home\",\"item\":\"https:\/\/isadistribution.fr\/en\/\"},{\"@type\":\"ListItem\",\"position\":2,\"name\":\"boutique\",\"item\":\"https:\/\/isadistribution.fr\/gel-de-construction\/boutique-4\/\"},{\"@type\":\"ListItem\",\"position\":3,\"name\":\"Stickers Supreme\"}]},{\"@type\":\"WebSite\",\"@id\":\"https:\/\/isadistribution.fr\/#website\",\"url\":\"https:\/\/isadistribution.fr\/\",\"name\":\"Isadistribution.fr\",\"description\":\"VOTRE R\u00c9F\u00c9RENCE PROFESSIONNELLE POUR LA BEAUT\u00c9 DES ONGLES \",\"publisher\":{\"@id\":\"https:\/\/isadistribution.fr\/#organization\"},\"potentialAction\":[{\"@type\":\"SearchAction\",\"target\":{\"@type\":\"EntryPoint\",\"urlTemplate\":\"https:\/\/isadistribution.fr\/?s={search_term_string}\"},\"query-input\":{\"@type\":\"PropertyValueSpecification\",\"valueRequired\":true,\"valueName\":\"search_term_string\"}}],\"inLanguage\":\"en-US\"},{\"@type\":\"Organization\",\"@id\":\"https:\/\/isadistribution.fr\/#organization\",\"name\":\"Isa Distribution\",\"url\":\"https:\/\/isadistribution.fr\/\",\"logo\":{\"@type\":\"ImageObject\",\"inLanguage\":\"en-US\",\"@id\":\"https:\/\/isadistribution.fr\/#\/schema\/logo\/image\/\",\"url\":\"https:\/\/i0.wp.com\/isadistribution.fr\/wp-content\/uploads\/2019\/05\/isa-logo1-01.png?fit=2180%2C2061&ssl=1\",\"contentUrl\":\"https:\/\/i0.wp.com\/isadistribution.fr\/wp-content\/uploads\/2019\/05\/isa-logo1-01.png?fit=2180%2C2061&ssl=1\",\"width\":2180,\"height\":2061,\"caption\":\"Isa Distribution\"},\"image\":{\"@id\":\"https:\/\/isadistribution.fr\/#\/schema\/logo\/image\/\"},\"sameAs\":[\"https:\/\/www.facebook.com\/ISA-Distribution-247007699149931\/\",\"https:\/\/www.instagram.com\/isa_distribution\/\",\"https:\/\/www.youtube.com\/channel\/UC0yHnCvIF7GN3j5MAHLb0yQ\"]}]}<\/script>\n<!-- \/ Yoast SEO plugin. -->","yoast_head_json":{"title":"Stickers Supreme &#8226;","robots":{"index":"index","follow":"follow","max-snippet":"max-snippet:-1","max-image-preview":"max-image-preview:large","max-video-preview":"max-video-preview:-1"},"canonical":"https:\/\/isadistribution.fr\/produit\/stickers-supreme\/","schema":{"@context":"https:\/\/schema.org","@graph":[{"@type":"WebPage","@id":"https:\/\/isadistribution.fr\/produit\/stickers-supreme\/","url":"https:\/\/isadistribution.fr\/produit\/stickers-supreme\/","name":"Stickers Supreme &#8226;","isPartOf":{"@id":"https:\/\/isadistribution.fr\/#website"},"primaryImageOfPage":{"@id":"https:\/\/isadistribution.fr\/produit\/stickers-supreme\/#primaryimage"},"image":{"@id":"https:\/\/isadistribution.fr\/produit\/stickers-supreme\/#primaryimage"},"thumbnailUrl":"https:\/\/i0.wp.com\/isadistribution.fr\/wp-content\/uploads\/2020\/04\/IMG_8387-scaled.jpg?fit=1753%2C2560&ssl=1","datePublished":"2020-04-29T21:56:57+00:00","dateModified":"2022-05-26T18:11:24+00:00","breadcrumb":{"@id":"https:\/\/isadistribution.fr\/produit\/stickers-supreme\/#breadcrumb"},"inLanguage":"en-US","potentialAction":[{"@type":"ReadAction","target":["https:\/\/isadistribution.fr\/produit\/stickers-supreme\/"]}]},{"@type":"ImageObject","inLanguage":"en-US","@id":"https:\/\/isadistribution.fr\/produit\/stickers-supreme\/#primaryimage","url":"https:\/\/i0.wp.com\/isadistribution.fr\/wp-content\/uploads\/2020\/04\/IMG_8387-scaled.jpg?fit=1753%2C2560&ssl=1","contentUrl":"https:\/\/i0.wp.com\/isadistribution.fr\/wp-content\/uploads\/2020\/04\/IMG_8387-scaled.jpg?fit=1753%2C2560&ssl=1","width":1753,"height":2560},{"@type":"BreadcrumbList","@id":"https:\/\/isadistribution.fr\/produit\/stickers-supreme\/#breadcrumb","itemListElement":[{"@type":"ListItem","position":1,"name":"Home","item":"https:\/\/isadistribution.fr\/en\/"},{"@type":"ListItem","position":2,"name":"boutique","item":"https:\/\/isadistribution.fr\/gel-de-construction\/boutique-4\/"},{"@type":"ListItem","position":3,"name":"Stickers Supreme"}]},{"@type":"WebSite","@id":"https:\/\/isadistribution.fr\/#website","url":"https:\/\/isadistribution.fr\/","name":"Isadistribution.fr","description":"VOTRE R\u00c9F\u00c9RENCE PROFESSIONNELLE POUR LA BEAUT\u00c9 DES ONGLES ","publisher":{"@id":"https:\/\/isadistribution.fr\/#organization"},"potentialAction":[{"@type":"SearchAction","target":{"@type":"EntryPoint","urlTemplate":"https:\/\/isadistribution.fr\/?s={search_term_string}"},"query-input":{"@type":"PropertyValueSpecification","valueRequired":true,"valueName":"search_term_string"}}],"inLanguage":"en-US"},{"@type":"Organization","@id":"https:\/\/isadistribution.fr\/#organization","name":"Isa Distribution","url":"https:\/\/isadistribution.fr\/","logo":{"@type":"ImageObject","inLanguage":"en-US","@id":"https:\/\/isadistribution.fr\/#\/schema\/logo\/image\/","url":"https:\/\/i0.wp.com\/isadistribution.fr\/wp-content\/uploads\/2019\/05\/isa-logo1-01.png?fit=2180%2C2061&ssl=1","contentUrl":"https:\/\/i0.wp.com\/isadistribution.fr\/wp-content\/uploads\/2019\/05\/isa-logo1-01.png?fit=2180%2C2061&ssl=1","width":2180,"height":2061,"caption":"Isa Distribution"},"image":{"@id":"https:\/\/isadistribution.fr\/#\/schema\/logo\/image\/"},"sameAs":["https:\/\/www.facebook.com\/ISA-Distribution-247007699149931\/","https:\/\/www.instagram.com\/isa_distribution\/","https:\/\/www.youtube.com\/channel\/UC0yHnCvIF7GN3j5MAHLb0yQ"]}]}},"jetpack_likes_enabled":true,"jetpack_sharing_enabled":true,"jetpack-related-posts":[],"_links":{"self":[{"href":"https:\/\/isadistribution.fr\/en\/wp-json\/wp\/v2\/product\/58891","targetHints":{"allow":["GET"]}}],"collection":[{"href":"https:\/\/isadistribution.fr\/en\/wp-json\/wp\/v2\/product"}],"about":[{"href":"https:\/\/isadistribution.fr\/en\/wp-json\/wp\/v2\/types\/product"}],"version-history":[{"count":1,"href":"https:\/\/isadistribution.fr\/en\/wp-json\/wp\/v2\/product\/58891\/revisions"}],"predecessor-version":[{"id":73562,"href":"https:\/\/isadistribution.fr\/en\/wp-json\/wp\/v2\/product\/58891\/revisions\/73562"}],"wp:featuredmedia":[{"embeddable":true,"href":"https:\/\/isadistribution.fr\/en\/wp-json\/wp\/v2\/media\/58892"}],"wp:attachment":[{"href":"https:\/\/isadistribution.fr\/en\/wp-json\/wp\/v2\/media?parent=58891"}],"wp:term":[{"taxonomy":"product_brand","embeddable":true,"href":"https:\/\/isadistribution.fr\/en\/wp-json\/wp\/v2\/product_brand?post=58891"},{"taxonomy":"product_cat","embeddable":true,"href":"https:\/\/isadistribution.fr\/en\/wp-json\/wp\/v2\/product_cat?post=58891"},{"taxonomy":"product_tag","embeddable":true,"href":"https:\/\/isadistribution.fr\/en\/wp-json\/wp\/v2\/product_tag?post=58891"}],"curies":[{"name":"wp","href":"https:\/\/api.w.org\/{rel}","templated":true}]}}