{"id":32012,"date":"2019-11-01T13:06:18","date_gmt":"2019-11-01T17:06:18","guid":{"rendered":"https:\/\/isadistribution.fr\/?post_type=product&#038;p=32012"},"modified":"2026-05-05T09:04:29","modified_gmt":"2026-05-05T13:04:29","slug":"gel-de-construction-crystal-clear40g","status":"publish","type":"product","link":"https:\/\/isadistribution.fr\/en\/produit\/gel-de-construction-crystal-clear40g\/","title":{"rendered":"Gel de Construction Diamond Crystal (50g) HEMA &#038; TPO FREE &#8220;NEW&#8221;"},"content":{"rendered":"<blockquote>\n<p data-pm-slice=\"1 1 []\">EN EXCLUSIVIT\u00c9 LE NOUVEAU GEL DIAMOND CRYSTAL EN QUANTIT\u00c9 LIMIT\u00c9<\/p>\n<p>UN GEL INCROYABLE<\/p>\n<p>SANS LIMAGE<\/p>\n<p>AUCUNE SENSATION DE CHAUFFE \u201cM\u00caME LES PLUS SENSIBLES\u201d<\/p>\n<p>FACILE A APPLIQUER<\/p>\n<p>UNE SEULE COUCHE PERMET DE RENFONCER UN ONGLE<\/p>\n<p>ID\u00c9AL POUR LE GAINAGE , EXTENSION , POPITS , GEL X<\/p>\n<p>SANS BULLE D\u2019AIR<\/p>\n<p>EXCELLENTE TENUE<\/p>\n<p>FINITION CRYSTAL<\/p><\/blockquote>\n<p>il ne s\u2019 agit en aucun cas d \u2018un gel <strong>monophase\u00a0<\/strong>. il faudra au pr\u00e9alable utiliser le \u00a0PH BOND, le PRIMER, la BASE de la gamme <strong>ISA DISTRIBUTION<\/strong> avant l \u2018 application du gel de construction .Nous ne garantissons pas la m\u00eame r\u00e9sistance et adh\u00e9rence du gel lorsque le protocole n \u2018est pas respect\u00e9 et que diff\u00e9rentes gammes sont m\u00e9lang\u00e9es .<\/p>\n<p>Ingredients:<\/p>\n<p>Acrylates copolymer ,Ethyl ( 2,4,6- trimethybenzoyl) \u00a0phenylphosphinate, a-Hydroxycyclochexylphenylketone<\/p>\n","protected":false},"excerpt":{"rendered":"[contact-form][contact-field label=\"Nom\" type=\"name\"  required=\"true\" \/][contact-field label=\"E-mail\" type=\"email\" required=\"true\" \/][contact-field label=\"Site web\" type=\"url\" \/][contact-field label=\"Message\" type=\"textarea\" \/][\/contact-form]\n<p>Ce <strong>gel de construction<\/strong> est r\u00e9serv\u00e9 exclusivement pour un usage professionnel.<\/p>\n<p>il est important d &#8216;avoir effectu\u00e9 une formation qualifiante pour utiliser ce gel.<\/p>\n<p>il ne s&#8217; agit en aucun cas d &#8216;un gel <span style=\"color: #000000;\"><strong>monophase\u00a0<\/strong><\/span>. il faudra au pr\u00e9alable utiliser le \u00a0PH BOND, le PRIMER, la BASE de la gamme <strong>ISA DISTRIBUTION<\/strong> avant l &#8216; application du gel de construction .Nous ne garantissons pas la m\u00eame r\u00e9sistance et adh\u00e9rence du gel lorsque le protocole n &#8216;est pas respect\u00e9 et que diff\u00e9rentes gammes sont m\u00e9lang\u00e9es .<\/p>\n","protected":false},"featured_media":99331,"template":"","meta":{"_joinchat":[]},"product_brand":[],"product_cat":[526,1065,1923,1924,525,1920,1921,1919],"product_tag":[],"class_list":{"0":"post-32012","1":"product","2":"type-product","3":"status-publish","4":"has-post-thumbnail","6":"product_cat-gel-de-construction-crystal-clear-50g","7":"product_cat-gel-de-construction-transparent","8":"product_cat-gel-sans-limage","9":"product_cat-gel-sans-limage-2","10":"product_cat-nos-gels","11":"product_cat-nouveautes-2","12":"product_cat-nouveautes-3","13":"product_cat-nouveautes","14":"it-has-gallery","16":"first","17":"outofstock","18":"sale","19":"featured","20":"taxable","21":"shipping-taxable","22":"purchasable","23":"product-type-simple"},"yoast_head":"<!-- This site is optimized with the Yoast SEO plugin v27.2 - https:\/\/yoast.com\/product\/yoast-seo-wordpress\/ -->\n<title>Gel de Construction Diamond Crystal (50g) HEMA &amp; TPO FREE &quot;NEW&quot; &#8226;<\/title>\n<meta name=\"robots\" content=\"index, follow, max-snippet:-1, max-image-preview:large, max-video-preview:-1\" \/>\n<link rel=\"canonical\" href=\"https:\/\/isadistribution.fr\/produit\/gel-de-construction-crystal-clear40g\/\" \/>\n<meta name=\"twitter:label1\" content=\"Est. reading time\" \/>\n\t<meta name=\"twitter:data1\" content=\"1 minute\" \/>\n<script type=\"application\/ld+json\" class=\"yoast-schema-graph\">{\"@context\":\"https:\/\/schema.org\",\"@graph\":[{\"@type\":\"WebPage\",\"@id\":\"https:\/\/isadistribution.fr\/produit\/gel-de-construction-crystal-clear40g\/\",\"url\":\"https:\/\/isadistribution.fr\/produit\/gel-de-construction-crystal-clear40g\/\",\"name\":\"Gel de Construction Diamond Crystal (50g) HEMA & TPO FREE \\\"NEW\\\" &#8226;\",\"isPartOf\":{\"@id\":\"https:\/\/isadistribution.fr\/#website\"},\"primaryImageOfPage\":{\"@id\":\"https:\/\/isadistribution.fr\/produit\/gel-de-construction-crystal-clear40g\/#primaryimage\"},\"image\":{\"@id\":\"https:\/\/isadistribution.fr\/produit\/gel-de-construction-crystal-clear40g\/#primaryimage\"},\"thumbnailUrl\":\"https:\/\/i0.wp.com\/isadistribution.fr\/wp-content\/uploads\/2019\/11\/5FE63143-CF2F-447C-BF6F-24B19B3D4BF1.png?fit=1536%2C1024&ssl=1\",\"datePublished\":\"2019-11-01T17:06:18+00:00\",\"dateModified\":\"2026-05-05T13:04:29+00:00\",\"breadcrumb\":{\"@id\":\"https:\/\/isadistribution.fr\/produit\/gel-de-construction-crystal-clear40g\/#breadcrumb\"},\"inLanguage\":\"en-US\",\"potentialAction\":[{\"@type\":\"ReadAction\",\"target\":[\"https:\/\/isadistribution.fr\/produit\/gel-de-construction-crystal-clear40g\/\"]}]},{\"@type\":\"ImageObject\",\"inLanguage\":\"en-US\",\"@id\":\"https:\/\/isadistribution.fr\/produit\/gel-de-construction-crystal-clear40g\/#primaryimage\",\"url\":\"https:\/\/i0.wp.com\/isadistribution.fr\/wp-content\/uploads\/2019\/11\/5FE63143-CF2F-447C-BF6F-24B19B3D4BF1.png?fit=1536%2C1024&ssl=1\",\"contentUrl\":\"https:\/\/i0.wp.com\/isadistribution.fr\/wp-content\/uploads\/2019\/11\/5FE63143-CF2F-447C-BF6F-24B19B3D4BF1.png?fit=1536%2C1024&ssl=1\",\"width\":1536,\"height\":1024},{\"@type\":\"BreadcrumbList\",\"@id\":\"https:\/\/isadistribution.fr\/produit\/gel-de-construction-crystal-clear40g\/#breadcrumb\",\"itemListElement\":[{\"@type\":\"ListItem\",\"position\":1,\"name\":\"Home\",\"item\":\"https:\/\/isadistribution.fr\/en\/\"},{\"@type\":\"ListItem\",\"position\":2,\"name\":\"boutique\",\"item\":\"https:\/\/isadistribution.fr\/gel-de-construction\/boutique-4\/\"},{\"@type\":\"ListItem\",\"position\":3,\"name\":\"Gel de Construction Diamond Crystal (50g) HEMA &#038; TPO FREE \u00ab\u00a0NEW\u00a0\u00bb\"}]},{\"@type\":\"WebSite\",\"@id\":\"https:\/\/isadistribution.fr\/#website\",\"url\":\"https:\/\/isadistribution.fr\/\",\"name\":\"Isadistribution.fr\",\"description\":\"VOTRE R\u00c9F\u00c9RENCE PROFESSIONNELLE POUR LA BEAUT\u00c9 DES ONGLES \",\"publisher\":{\"@id\":\"https:\/\/isadistribution.fr\/#organization\"},\"potentialAction\":[{\"@type\":\"SearchAction\",\"target\":{\"@type\":\"EntryPoint\",\"urlTemplate\":\"https:\/\/isadistribution.fr\/?s={search_term_string}\"},\"query-input\":{\"@type\":\"PropertyValueSpecification\",\"valueRequired\":true,\"valueName\":\"search_term_string\"}}],\"inLanguage\":\"en-US\"},{\"@type\":\"Organization\",\"@id\":\"https:\/\/isadistribution.fr\/#organization\",\"name\":\"Isa Distribution\",\"url\":\"https:\/\/isadistribution.fr\/\",\"logo\":{\"@type\":\"ImageObject\",\"inLanguage\":\"en-US\",\"@id\":\"https:\/\/isadistribution.fr\/#\/schema\/logo\/image\/\",\"url\":\"https:\/\/i0.wp.com\/isadistribution.fr\/wp-content\/uploads\/2019\/05\/isa-logo1-01.png?fit=2180%2C2061&ssl=1\",\"contentUrl\":\"https:\/\/i0.wp.com\/isadistribution.fr\/wp-content\/uploads\/2019\/05\/isa-logo1-01.png?fit=2180%2C2061&ssl=1\",\"width\":2180,\"height\":2061,\"caption\":\"Isa Distribution\"},\"image\":{\"@id\":\"https:\/\/isadistribution.fr\/#\/schema\/logo\/image\/\"},\"sameAs\":[\"https:\/\/www.facebook.com\/ISA-Distribution-247007699149931\/\",\"https:\/\/www.instagram.com\/isa_distribution\/\",\"https:\/\/www.youtube.com\/channel\/UC0yHnCvIF7GN3j5MAHLb0yQ\"]}]}<\/script>\n<!-- \/ Yoast SEO plugin. -->","yoast_head_json":{"title":"Gel de Construction Diamond Crystal (50g) HEMA & TPO FREE \"NEW\" &#8226;","robots":{"index":"index","follow":"follow","max-snippet":"max-snippet:-1","max-image-preview":"max-image-preview:large","max-video-preview":"max-video-preview:-1"},"canonical":"https:\/\/isadistribution.fr\/produit\/gel-de-construction-crystal-clear40g\/","twitter_misc":{"Est. reading time":"1 minute"},"schema":{"@context":"https:\/\/schema.org","@graph":[{"@type":"WebPage","@id":"https:\/\/isadistribution.fr\/produit\/gel-de-construction-crystal-clear40g\/","url":"https:\/\/isadistribution.fr\/produit\/gel-de-construction-crystal-clear40g\/","name":"Gel de Construction Diamond Crystal (50g) HEMA & TPO FREE \"NEW\" &#8226;","isPartOf":{"@id":"https:\/\/isadistribution.fr\/#website"},"primaryImageOfPage":{"@id":"https:\/\/isadistribution.fr\/produit\/gel-de-construction-crystal-clear40g\/#primaryimage"},"image":{"@id":"https:\/\/isadistribution.fr\/produit\/gel-de-construction-crystal-clear40g\/#primaryimage"},"thumbnailUrl":"https:\/\/i0.wp.com\/isadistribution.fr\/wp-content\/uploads\/2019\/11\/5FE63143-CF2F-447C-BF6F-24B19B3D4BF1.png?fit=1536%2C1024&ssl=1","datePublished":"2019-11-01T17:06:18+00:00","dateModified":"2026-05-05T13:04:29+00:00","breadcrumb":{"@id":"https:\/\/isadistribution.fr\/produit\/gel-de-construction-crystal-clear40g\/#breadcrumb"},"inLanguage":"en-US","potentialAction":[{"@type":"ReadAction","target":["https:\/\/isadistribution.fr\/produit\/gel-de-construction-crystal-clear40g\/"]}]},{"@type":"ImageObject","inLanguage":"en-US","@id":"https:\/\/isadistribution.fr\/produit\/gel-de-construction-crystal-clear40g\/#primaryimage","url":"https:\/\/i0.wp.com\/isadistribution.fr\/wp-content\/uploads\/2019\/11\/5FE63143-CF2F-447C-BF6F-24B19B3D4BF1.png?fit=1536%2C1024&ssl=1","contentUrl":"https:\/\/i0.wp.com\/isadistribution.fr\/wp-content\/uploads\/2019\/11\/5FE63143-CF2F-447C-BF6F-24B19B3D4BF1.png?fit=1536%2C1024&ssl=1","width":1536,"height":1024},{"@type":"BreadcrumbList","@id":"https:\/\/isadistribution.fr\/produit\/gel-de-construction-crystal-clear40g\/#breadcrumb","itemListElement":[{"@type":"ListItem","position":1,"name":"Home","item":"https:\/\/isadistribution.fr\/en\/"},{"@type":"ListItem","position":2,"name":"boutique","item":"https:\/\/isadistribution.fr\/gel-de-construction\/boutique-4\/"},{"@type":"ListItem","position":3,"name":"Gel de Construction Diamond Crystal (50g) HEMA &#038; TPO FREE \u00ab\u00a0NEW\u00a0\u00bb"}]},{"@type":"WebSite","@id":"https:\/\/isadistribution.fr\/#website","url":"https:\/\/isadistribution.fr\/","name":"Isadistribution.fr","description":"VOTRE R\u00c9F\u00c9RENCE PROFESSIONNELLE POUR LA BEAUT\u00c9 DES ONGLES ","publisher":{"@id":"https:\/\/isadistribution.fr\/#organization"},"potentialAction":[{"@type":"SearchAction","target":{"@type":"EntryPoint","urlTemplate":"https:\/\/isadistribution.fr\/?s={search_term_string}"},"query-input":{"@type":"PropertyValueSpecification","valueRequired":true,"valueName":"search_term_string"}}],"inLanguage":"en-US"},{"@type":"Organization","@id":"https:\/\/isadistribution.fr\/#organization","name":"Isa Distribution","url":"https:\/\/isadistribution.fr\/","logo":{"@type":"ImageObject","inLanguage":"en-US","@id":"https:\/\/isadistribution.fr\/#\/schema\/logo\/image\/","url":"https:\/\/i0.wp.com\/isadistribution.fr\/wp-content\/uploads\/2019\/05\/isa-logo1-01.png?fit=2180%2C2061&ssl=1","contentUrl":"https:\/\/i0.wp.com\/isadistribution.fr\/wp-content\/uploads\/2019\/05\/isa-logo1-01.png?fit=2180%2C2061&ssl=1","width":2180,"height":2061,"caption":"Isa Distribution"},"image":{"@id":"https:\/\/isadistribution.fr\/#\/schema\/logo\/image\/"},"sameAs":["https:\/\/www.facebook.com\/ISA-Distribution-247007699149931\/","https:\/\/www.instagram.com\/isa_distribution\/","https:\/\/www.youtube.com\/channel\/UC0yHnCvIF7GN3j5MAHLb0yQ"]}]}},"jetpack_likes_enabled":true,"jetpack_sharing_enabled":true,"jetpack-related-posts":[],"_links":{"self":[{"href":"https:\/\/isadistribution.fr\/en\/wp-json\/wp\/v2\/product\/32012","targetHints":{"allow":["GET"]}}],"collection":[{"href":"https:\/\/isadistribution.fr\/en\/wp-json\/wp\/v2\/product"}],"about":[{"href":"https:\/\/isadistribution.fr\/en\/wp-json\/wp\/v2\/types\/product"}],"version-history":[{"count":2,"href":"https:\/\/isadistribution.fr\/en\/wp-json\/wp\/v2\/product\/32012\/revisions"}],"predecessor-version":[{"id":98217,"href":"https:\/\/isadistribution.fr\/en\/wp-json\/wp\/v2\/product\/32012\/revisions\/98217"}],"wp:featuredmedia":[{"embeddable":true,"href":"https:\/\/isadistribution.fr\/en\/wp-json\/wp\/v2\/media\/99331"}],"wp:attachment":[{"href":"https:\/\/isadistribution.fr\/en\/wp-json\/wp\/v2\/media?parent=32012"}],"wp:term":[{"taxonomy":"product_brand","embeddable":true,"href":"https:\/\/isadistribution.fr\/en\/wp-json\/wp\/v2\/product_brand?post=32012"},{"taxonomy":"product_cat","embeddable":true,"href":"https:\/\/isadistribution.fr\/en\/wp-json\/wp\/v2\/product_cat?post=32012"},{"taxonomy":"product_tag","embeddable":true,"href":"https:\/\/isadistribution.fr\/en\/wp-json\/wp\/v2\/product_tag?post=32012"}],"curies":[{"name":"wp","href":"https:\/\/api.w.org\/{rel}","templated":true}]}}