{"id":18423,"date":"2019-07-13T14:59:48","date_gmt":"2019-07-13T18:59:48","guid":{"rendered":"https:\/\/isadistribution.fr\/?post_type=product&#038;p=18423"},"modified":"2026-04-24T08:17:30","modified_gmt":"2026-04-24T12:17:30","slug":"primer","status":"publish","type":"product","link":"https:\/\/isadistribution.fr\/en\/produit\/primer\/","title":{"rendered":"Primer 15ml \u00ab\u00a0sans acide &#038; sans hema"},"content":{"rendered":"<p>Le primer est un petit plus qui s\u2019applique juste avant votre couche de <a href=\"http:\/\/www.semipermanent.fr\/base-coat-vernis-semi-permanent\/\">base <\/a>et <strong>permettra ainsi \u00e0 votre vernis de mieux tenir sur votre ongle<\/strong>, il favorise l\u2019accroche et am\u00e9liore l\u2019adh\u00e9rence de la base . Il est \u00e9galement vivement conseill\u00e9 pour les ongles naturellement gras<\/p>\n<p>Il s&#8217;applique comme un vernis \u00e0 <b>ongles<\/b>(sans catalysation) en toute petite quantit\u00e9 sur la surface de l&#8217;<b>ongle<\/b> en \u00e9vitant tout contact avec la peau.<\/p>\n<p>INCI :<br \/>\n<span style=\"-webkit-text-size-adjust: 100%;\">Ethyl AcetateAcrylates CopolymerIsopropylidenediphenyl bisoxyhydroxypropyl methacrylate<\/span><\/p>\n","protected":false},"excerpt":{"rendered":"<p>Le primer est un petit plus qui s\u2019applique juste avant votre couche de base et permettra ainsi \u00e0 votre vernis&hellip;<\/p>\n","protected":false},"featured_media":99349,"template":"","meta":{"_joinchat":[]},"product_brand":[],"product_cat":[1927,1783,1789,90,1807,398],"product_tag":[],"class_list":{"0":"post-18423","1":"product","2":"type-product","3":"status-publish","4":"has-post-thumbnail","6":"product_cat-les-essentiels-2","7":"product_cat-popits","8":"product_cat-preparation","9":"product_cat-preparation-onglesbasephprimer","10":"product_cat-preparations-et-finitions-ongles","11":"product_cat-primer-et-ph-bond","13":"first","14":"instock","15":"sale","16":"taxable","17":"shipping-taxable","18":"purchasable","19":"product-type-simple"},"yoast_head":"<!-- This site is optimized with the Yoast SEO plugin v27.2 - https:\/\/yoast.com\/product\/yoast-seo-wordpress\/ -->\n<title>Primer 15ml \u00ab\u00a0sans acide &amp; sans hema &#8226;<\/title>\n<meta name=\"robots\" content=\"index, follow, max-snippet:-1, max-image-preview:large, max-video-preview:-1\" \/>\n<link rel=\"canonical\" href=\"https:\/\/isadistribution.fr\/en\/produit\/primer\/\" \/>\n<meta name=\"twitter:label1\" content=\"Est. reading time\" \/>\n\t<meta name=\"twitter:data1\" content=\"1 minute\" \/>\n<script type=\"application\/ld+json\" class=\"yoast-schema-graph\">{\"@context\":\"https:\/\/schema.org\",\"@graph\":[{\"@type\":\"WebPage\",\"@id\":\"https:\/\/isadistribution.fr\/en\/produit\/primer\/\",\"url\":\"https:\/\/isadistribution.fr\/en\/produit\/primer\/\",\"name\":\"Primer 15ml \u00ab\u00a0sans acide & sans hema &#8226;\",\"isPartOf\":{\"@id\":\"https:\/\/isadistribution.fr\/en\/#website\"},\"primaryImageOfPage\":{\"@id\":\"https:\/\/isadistribution.fr\/en\/produit\/primer\/#primaryimage\"},\"image\":{\"@id\":\"https:\/\/isadistribution.fr\/en\/produit\/primer\/#primaryimage\"},\"thumbnailUrl\":\"https:\/\/i0.wp.com\/isadistribution.fr\/wp-content\/uploads\/2019\/10\/ADC16E9E-CD70-471D-9F23-35860567DC8C.png?fit=1024%2C1536&ssl=1\",\"datePublished\":\"2019-07-13T18:59:48+00:00\",\"dateModified\":\"2026-04-24T12:17:30+00:00\",\"breadcrumb\":{\"@id\":\"https:\/\/isadistribution.fr\/en\/produit\/primer\/#breadcrumb\"},\"inLanguage\":\"en-US\",\"potentialAction\":[{\"@type\":\"ReadAction\",\"target\":[\"https:\/\/isadistribution.fr\/en\/produit\/primer\/\"]}]},{\"@type\":\"ImageObject\",\"inLanguage\":\"en-US\",\"@id\":\"https:\/\/isadistribution.fr\/en\/produit\/primer\/#primaryimage\",\"url\":\"https:\/\/i0.wp.com\/isadistribution.fr\/wp-content\/uploads\/2019\/10\/ADC16E9E-CD70-471D-9F23-35860567DC8C.png?fit=1024%2C1536&ssl=1\",\"contentUrl\":\"https:\/\/i0.wp.com\/isadistribution.fr\/wp-content\/uploads\/2019\/10\/ADC16E9E-CD70-471D-9F23-35860567DC8C.png?fit=1024%2C1536&ssl=1\",\"width\":1024,\"height\":1536},{\"@type\":\"BreadcrumbList\",\"@id\":\"https:\/\/isadistribution.fr\/en\/produit\/primer\/#breadcrumb\",\"itemListElement\":[{\"@type\":\"ListItem\",\"position\":1,\"name\":\"Home\",\"item\":\"https:\/\/isadistribution.fr\/en\/\"},{\"@type\":\"ListItem\",\"position\":2,\"name\":\"boutique\",\"item\":\"https:\/\/isadistribution.fr\/gel-de-construction\/boutique-4\/\"},{\"@type\":\"ListItem\",\"position\":3,\"name\":\"Primer 15ml \u00ab\u00a0sans acide &#038; sans hema\"}]},{\"@type\":\"WebSite\",\"@id\":\"https:\/\/isadistribution.fr\/en\/#website\",\"url\":\"https:\/\/isadistribution.fr\/en\/\",\"name\":\"Isadistribution.fr\",\"description\":\"VOTRE R\u00c9F\u00c9RENCE PROFESSIONNELLE POUR LA BEAUT\u00c9 DES ONGLES \",\"publisher\":{\"@id\":\"https:\/\/isadistribution.fr\/en\/#organization\"},\"potentialAction\":[{\"@type\":\"SearchAction\",\"target\":{\"@type\":\"EntryPoint\",\"urlTemplate\":\"https:\/\/isadistribution.fr\/en\/?s={search_term_string}\"},\"query-input\":{\"@type\":\"PropertyValueSpecification\",\"valueRequired\":true,\"valueName\":\"search_term_string\"}}],\"inLanguage\":\"en-US\"},{\"@type\":\"Organization\",\"@id\":\"https:\/\/isadistribution.fr\/en\/#organization\",\"name\":\"Isa Distribution\",\"url\":\"https:\/\/isadistribution.fr\/en\/\",\"logo\":{\"@type\":\"ImageObject\",\"inLanguage\":\"en-US\",\"@id\":\"https:\/\/isadistribution.fr\/en\/#\/schema\/logo\/image\/\",\"url\":\"https:\/\/i0.wp.com\/isadistribution.fr\/wp-content\/uploads\/2019\/05\/isa-logo1-01.png?fit=2180%2C2061&ssl=1\",\"contentUrl\":\"https:\/\/i0.wp.com\/isadistribution.fr\/wp-content\/uploads\/2019\/05\/isa-logo1-01.png?fit=2180%2C2061&ssl=1\",\"width\":2180,\"height\":2061,\"caption\":\"Isa Distribution\"},\"image\":{\"@id\":\"https:\/\/isadistribution.fr\/en\/#\/schema\/logo\/image\/\"},\"sameAs\":[\"https:\/\/www.facebook.com\/ISA-Distribution-247007699149931\/\",\"https:\/\/www.instagram.com\/isa_distribution\/\",\"https:\/\/www.youtube.com\/channel\/UC0yHnCvIF7GN3j5MAHLb0yQ\"]}]}<\/script>\n<!-- \/ Yoast SEO plugin. -->","yoast_head_json":{"title":"Primer 15ml \u00ab\u00a0sans acide & sans hema &#8226;","robots":{"index":"index","follow":"follow","max-snippet":"max-snippet:-1","max-image-preview":"max-image-preview:large","max-video-preview":"max-video-preview:-1"},"canonical":"https:\/\/isadistribution.fr\/en\/produit\/primer\/","twitter_misc":{"Est. reading time":"1 minute"},"schema":{"@context":"https:\/\/schema.org","@graph":[{"@type":"WebPage","@id":"https:\/\/isadistribution.fr\/en\/produit\/primer\/","url":"https:\/\/isadistribution.fr\/en\/produit\/primer\/","name":"Primer 15ml \u00ab\u00a0sans acide & sans hema &#8226;","isPartOf":{"@id":"https:\/\/isadistribution.fr\/en\/#website"},"primaryImageOfPage":{"@id":"https:\/\/isadistribution.fr\/en\/produit\/primer\/#primaryimage"},"image":{"@id":"https:\/\/isadistribution.fr\/en\/produit\/primer\/#primaryimage"},"thumbnailUrl":"https:\/\/i0.wp.com\/isadistribution.fr\/wp-content\/uploads\/2019\/10\/ADC16E9E-CD70-471D-9F23-35860567DC8C.png?fit=1024%2C1536&ssl=1","datePublished":"2019-07-13T18:59:48+00:00","dateModified":"2026-04-24T12:17:30+00:00","breadcrumb":{"@id":"https:\/\/isadistribution.fr\/en\/produit\/primer\/#breadcrumb"},"inLanguage":"en-US","potentialAction":[{"@type":"ReadAction","target":["https:\/\/isadistribution.fr\/en\/produit\/primer\/"]}]},{"@type":"ImageObject","inLanguage":"en-US","@id":"https:\/\/isadistribution.fr\/en\/produit\/primer\/#primaryimage","url":"https:\/\/i0.wp.com\/isadistribution.fr\/wp-content\/uploads\/2019\/10\/ADC16E9E-CD70-471D-9F23-35860567DC8C.png?fit=1024%2C1536&ssl=1","contentUrl":"https:\/\/i0.wp.com\/isadistribution.fr\/wp-content\/uploads\/2019\/10\/ADC16E9E-CD70-471D-9F23-35860567DC8C.png?fit=1024%2C1536&ssl=1","width":1024,"height":1536},{"@type":"BreadcrumbList","@id":"https:\/\/isadistribution.fr\/en\/produit\/primer\/#breadcrumb","itemListElement":[{"@type":"ListItem","position":1,"name":"Home","item":"https:\/\/isadistribution.fr\/en\/"},{"@type":"ListItem","position":2,"name":"boutique","item":"https:\/\/isadistribution.fr\/gel-de-construction\/boutique-4\/"},{"@type":"ListItem","position":3,"name":"Primer 15ml \u00ab\u00a0sans acide &#038; sans hema"}]},{"@type":"WebSite","@id":"https:\/\/isadistribution.fr\/en\/#website","url":"https:\/\/isadistribution.fr\/en\/","name":"Isadistribution.fr","description":"VOTRE R\u00c9F\u00c9RENCE PROFESSIONNELLE POUR LA BEAUT\u00c9 DES ONGLES ","publisher":{"@id":"https:\/\/isadistribution.fr\/en\/#organization"},"potentialAction":[{"@type":"SearchAction","target":{"@type":"EntryPoint","urlTemplate":"https:\/\/isadistribution.fr\/en\/?s={search_term_string}"},"query-input":{"@type":"PropertyValueSpecification","valueRequired":true,"valueName":"search_term_string"}}],"inLanguage":"en-US"},{"@type":"Organization","@id":"https:\/\/isadistribution.fr\/en\/#organization","name":"Isa Distribution","url":"https:\/\/isadistribution.fr\/en\/","logo":{"@type":"ImageObject","inLanguage":"en-US","@id":"https:\/\/isadistribution.fr\/en\/#\/schema\/logo\/image\/","url":"https:\/\/i0.wp.com\/isadistribution.fr\/wp-content\/uploads\/2019\/05\/isa-logo1-01.png?fit=2180%2C2061&ssl=1","contentUrl":"https:\/\/i0.wp.com\/isadistribution.fr\/wp-content\/uploads\/2019\/05\/isa-logo1-01.png?fit=2180%2C2061&ssl=1","width":2180,"height":2061,"caption":"Isa Distribution"},"image":{"@id":"https:\/\/isadistribution.fr\/en\/#\/schema\/logo\/image\/"},"sameAs":["https:\/\/www.facebook.com\/ISA-Distribution-247007699149931\/","https:\/\/www.instagram.com\/isa_distribution\/","https:\/\/www.youtube.com\/channel\/UC0yHnCvIF7GN3j5MAHLb0yQ"]}]}},"jetpack_likes_enabled":true,"jetpack_sharing_enabled":true,"jetpack-related-posts":[],"_links":{"self":[{"href":"https:\/\/isadistribution.fr\/en\/wp-json\/wp\/v2\/product\/18423","targetHints":{"allow":["GET"]}}],"collection":[{"href":"https:\/\/isadistribution.fr\/en\/wp-json\/wp\/v2\/product"}],"about":[{"href":"https:\/\/isadistribution.fr\/en\/wp-json\/wp\/v2\/types\/product"}],"version-history":[{"count":2,"href":"https:\/\/isadistribution.fr\/en\/wp-json\/wp\/v2\/product\/18423\/revisions"}],"predecessor-version":[{"id":96525,"href":"https:\/\/isadistribution.fr\/en\/wp-json\/wp\/v2\/product\/18423\/revisions\/96525"}],"wp:featuredmedia":[{"embeddable":true,"href":"https:\/\/isadistribution.fr\/en\/wp-json\/wp\/v2\/media\/99349"}],"wp:attachment":[{"href":"https:\/\/isadistribution.fr\/en\/wp-json\/wp\/v2\/media?parent=18423"}],"wp:term":[{"taxonomy":"product_brand","embeddable":true,"href":"https:\/\/isadistribution.fr\/en\/wp-json\/wp\/v2\/product_brand?post=18423"},{"taxonomy":"product_cat","embeddable":true,"href":"https:\/\/isadistribution.fr\/en\/wp-json\/wp\/v2\/product_cat?post=18423"},{"taxonomy":"product_tag","embeddable":true,"href":"https:\/\/isadistribution.fr\/en\/wp-json\/wp\/v2\/product_tag?post=18423"}],"curies":[{"name":"wp","href":"https:\/\/api.w.org\/{rel}","templated":true}]}}